{"id":9118,"date":"2024-03-06T19:32:32","date_gmt":"2024-03-06T18:32:32","guid":{"rendered":"https:\/\/its-all-retail.com\/?page_id=9118"},"modified":"2024-03-06T19:33:37","modified_gmt":"2024-03-06T18:33:37","slug":"intervista-alberto-bordiga-pax-italia","status":"publish","type":"page","link":"https:\/\/its-all-retail.com\/index.php\/intervista-alberto-bordiga-pax-italia\/","title":{"rendered":"Intervista"},"content":{"rendered":"<p>[vc_row css=&#8221;.vc_custom_1675703833533{padding-top: 20px !important;}&#8221;][vc_column width=&#8221;5\/6&#8243;][vc_single_image image=&#8221;9064&#8243; img_size=&#8221;large&#8221; style=&#8221;vc_box_border_circle_2&#8243;][vc_column_text]<strong>Alberto Bordiga\u00a0<\/strong>Chief Sales Officer\u00a0<strong>PAX ITALIA<\/strong>[\/vc_column_text][\/vc_column][vc_column width=&#8221;1\/6&#8243;][vc_single_image image=&#8221;8197&#8243;][\/vc_column][\/vc_row][vc_row][vc_column][vc_column_text]<\/p>\n<h2><span style=\"color: #333333;\">Il retail e i pagamenti, visti dalla visuale di PAX, quali trend denotano e quali riflessioni strategiche portano per i fornitori di servizi e soluzioni relative al punto cassa?<\/span><\/h2>\n<p>Possiamo identificare 2 macrotendenze in corso. La prima legata alla tendenza sempre pi\u00f9 marcata di far compiere al compratore operazioni di acquisto in modalit\u00e0 \u201cself\u201d. Senza necessariamente arrivare agli esempi di negozio privi di presidio e di casse che sono presenti anche qui in Italia, assistiamo ad una proliferazione di chioschi e totem che consentono per esempio di tagliare la fila alla cassa piuttosto che acquistare un servizio, fino ad arrivare al caso sempre pi\u00f9 presente delle macchine automatiche che erogano direttamente prodotti. Sono casi d\u2019uso sempre pi\u00f9 presenti nella vita di tutti i giorni e di uso quotidiano, partendo dai grandi brand del retail fino ad arrivare a negozi di piccole dimensioni. Interessante \u00e8 lo stimolo che \u00e8 possibile trasmettere al cliente, emulando quanto accade nel settore dell\u2019ecommerce, invogliandolo ad acquistare prodotti o servizi ancillari rispetto all\u2019acquisto originario ed incrementando, cos\u00ec, le vendite. In questo contesto i terminali di pagamento possono consentire una esperienza di acquisto pi\u00f9 semplice e comoda permettendo per esempio, di \u201cleggere\u201d una carta di identit\u00e0 elettronica piuttosto che una tessera sanitaria legata a vendite di particolari prodotti.<\/p>\n<p>La seconda tendenza, di diffusione pi\u00f9 limitata per il momento, riguarda le procedure di assistenza alla vendita. La tecnologia offre ampie possibilit\u00e0 di fornire assistenza al personale di vendita, consentendo ad esempio<\/p>\n<ul>\n<li>di mostrare al cliente un catalogo digitale pi\u00f9 ampio di quello esposto<\/li>\n<li>di mostrare il prodotto nel suo contesto d\u2019uso<\/li>\n<li>di utilizzare la tecnologia per effettuare in modo semplice operazioni invasive (per esempio prendere le misure fisiche di un cliente)<\/li>\n<li>di utilizzare la realt\u00e0 aumentata per far fruire al cliente esperienze immersive<\/li>\n<\/ul>\n<p>In questo contesto avere a disposizione un terminale fisico che, oltre a quanto indicato sopra, consenta anche il pagamento rende pi\u00f9 confortevole l\u2019esperienza di acquisto.<\/p>\n<p>&nbsp;<\/p>\n<h2><span style=\"color: #333333;\">Quali trend, invece, possiamo prevedere per il futuro?<\/span><\/h2>\n<p>A dispetto di quanto leggiamo sul mercato ritengo che un trend di cambiamento, rispetto alla situazione attuale, riguarder\u00e0 il punto cassa, soprattutto per quanto riguarda i punti vendita medio piccoli. La tendenza, magari ancora sottovalutata e non percepita n\u00e9 dai fornitori di tecnologia n\u00e9 dagli esercenti stessi, \u00e8 quella dell\u2019hardware \u201ctutto in uno\u201d dove il tutto \u00e8 la cassa con il suo software, l\u2019hardware di pagamento e l\u2019hardware per la gestione della fiscalit\u00e0. Mentre i primi due aspetti sono gestibili con casse che inglobano lo strumento di pagamento, andando oltre anche l\u2019utilizzo delle PinPad collegate alla cassa, pi\u00f9 complicata \u00e8 l\u2019unificazione della parte dedicata alla fiscalit\u00e0. Qui i soggetti normatori stanno lavorando per passare da una fiscalit\u00e0 gestita nella modalit\u00e0 attuale, tramite hardware certificati, ad una fiscalit\u00e0 online con trasmissione delle informazioni in modalit\u00e0 solo digitale. Questo comporterebbe un cambiamento epocale nel mondo del retail, anche in quello di piccole dimensioni, con maggiore flessibilit\u00e0, possibilit\u00e0 di utilizzare hardware pi\u00f9 integrati, meno ingombranti e pi\u00f9 semplici. Tutto questo si ricollega ad un trend in atto nel mondo dei pagamenti, con l\u2019utilizzo che diventa sempre pi\u00f9 importante, anche numericamente, degli SmartPOS. Ad oggi abbiamo SmartPOS che si basano su tecnologia Android e, di conseguenza, possono essere utilizzati e monitorati tramite uno \u201cstore\u201d con il quale possiamo aggiornare App, decidere di caricarne di nuove funzionali al business del negozio e di utilizzare servizi di messaggistica verso l\u2019esercente, avere monitoraggi pi\u00f9 profondi del terminale in ottica di ridurre sensibilmente malfunzionamenti, tempi di fermi per sostituzione del terminale e assistenza in generale. Tutto questo potr\u00e0 essere possibile anche per i terminali \u201call-in-one\u201d di cui abbiamo parlato sopra, con evidenti vantaggi in termini di flessibilit\u00e0, performance, e perch\u00e9 no, anche di ordine del punto cassa.<\/p>\n<p>[\/vc_column_text][\/vc_column][\/vc_row]<\/p>\n","protected":false},"excerpt":{"rendered":"<p>[vc_row css=&#8221;.vc_custom_1675703833533{padding-top: 20px !important;}&#8221;][vc_column width=&#8221;5\/6&#8243;][vc_single_image image=&#8221;9064&#8243; img_size=&#8221;large&#8221; style=&#8221;vc_box_border_circle_2&#8243;][vc_column_text]Alberto Bordiga\u00a0Chief Sales Officer\u00a0PAX ITALIA[\/vc_column_text][\/vc_column][vc_column width=&#8221;1\/6&#8243;][vc_single_image image=&#8221;8197&#8243;][\/vc_column][\/vc_row][vc_row][vc_column][vc_column_text] Il retail e i pagamenti, visti dalla visuale di PAX, quali trend denotano e quali riflessioni strategiche portano per i fornitori di servizi e soluzioni relative al punto cassa? Possiamo identificare 2 macrotendenze in corso. La prima legata alla tendenza sempre [&hellip;]<\/p>\n","protected":false},"author":2,"featured_media":0,"parent":0,"menu_order":0,"comment_status":"closed","ping_status":"closed","template":"","meta":{"footnotes":""},"yoast_head":"<!-- This site is optimized with the Yoast SEO plugin v22.8 - https:\/\/yoast.com\/wordpress\/plugins\/seo\/ -->\n<title>Intervista - It&#039;s all RETAIL<\/title>\n<meta name=\"robots\" content=\"index, follow, max-snippet:-1, max-image-preview:large, max-video-preview:-1\" \/>\n<link rel=\"canonical\" href=\"https:\/\/its-all-retail.com\/index.php\/intervista-alberto-bordiga-pax-italia\/\" \/>\n<meta property=\"og:locale\" content=\"it_IT\" \/>\n<meta property=\"og:type\" content=\"article\" \/>\n<meta property=\"og:title\" content=\"Intervista - It&#039;s all RETAIL\" \/>\n<meta property=\"og:description\" content=\"[vc_row css=&#8221;.vc_custom_1675703833533{padding-top: 20px !important;}&#8221;][vc_column width=&#8221;5\/6&#8243;][vc_single_image image=&#8221;9064&#8243; img_size=&#8221;large&#8221; style=&#8221;vc_box_border_circle_2&#8243;][vc_column_text]Alberto Bordiga\u00a0Chief Sales Officer\u00a0PAX ITALIA[\/vc_column_text][\/vc_column][vc_column width=&#8221;1\/6&#8243;][vc_single_image image=&#8221;8197&#8243;][\/vc_column][\/vc_row][vc_row][vc_column][vc_column_text] Il retail e i pagamenti, visti dalla visuale di PAX, quali trend denotano e quali riflessioni strategiche portano per i fornitori di servizi e soluzioni relative al punto cassa? Possiamo identificare 2 macrotendenze in corso. La prima legata alla tendenza sempre [&hellip;]\" \/>\n<meta property=\"og:url\" content=\"https:\/\/its-all-retail.com\/index.php\/intervista-alberto-bordiga-pax-italia\/\" \/>\n<meta property=\"og:site_name\" content=\"It&#039;s all RETAIL\" \/>\n<meta property=\"article:modified_time\" content=\"2024-03-06T18:33:37+00:00\" \/>\n<meta name=\"twitter:card\" content=\"summary_large_image\" \/>\n<meta name=\"twitter:label1\" content=\"Tempo di lettura stimato\" \/>\n\t<meta name=\"twitter:data1\" content=\"3 minuti\" \/>\n<script type=\"application\/ld+json\" class=\"yoast-schema-graph\">{\"@context\":\"https:\/\/schema.org\",\"@graph\":[{\"@type\":\"WebPage\",\"@id\":\"https:\/\/its-all-retail.com\/index.php\/intervista-alberto-bordiga-pax-italia\/\",\"url\":\"https:\/\/its-all-retail.com\/index.php\/intervista-alberto-bordiga-pax-italia\/\",\"name\":\"Intervista - It&#039;s all RETAIL\",\"isPartOf\":{\"@id\":\"https:\/\/its-all-retail.com\/#website\"},\"datePublished\":\"2024-03-06T18:32:32+00:00\",\"dateModified\":\"2024-03-06T18:33:37+00:00\",\"breadcrumb\":{\"@id\":\"https:\/\/its-all-retail.com\/index.php\/intervista-alberto-bordiga-pax-italia\/#breadcrumb\"},\"inLanguage\":\"it-IT\",\"potentialAction\":[{\"@type\":\"ReadAction\",\"target\":[\"https:\/\/its-all-retail.com\/index.php\/intervista-alberto-bordiga-pax-italia\/\"]}]},{\"@type\":\"BreadcrumbList\",\"@id\":\"https:\/\/its-all-retail.com\/index.php\/intervista-alberto-bordiga-pax-italia\/#breadcrumb\",\"itemListElement\":[{\"@type\":\"ListItem\",\"position\":1,\"name\":\"Home\",\"item\":\"https:\/\/its-all-retail.com\/\"},{\"@type\":\"ListItem\",\"position\":2,\"name\":\"Intervista\"}]},{\"@type\":\"WebSite\",\"@id\":\"https:\/\/its-all-retail.com\/#website\",\"url\":\"https:\/\/its-all-retail.com\/\",\"name\":\"It&#039;s all RETAIL\",\"description\":\"Connecting Retailers\",\"potentialAction\":[{\"@type\":\"SearchAction\",\"target\":{\"@type\":\"EntryPoint\",\"urlTemplate\":\"https:\/\/its-all-retail.com\/?s={search_term_string}\"},\"query-input\":\"required name=search_term_string\"}],\"inLanguage\":\"it-IT\"}]}<\/script>\n<!-- \/ Yoast SEO plugin. -->","yoast_head_json":{"title":"Intervista - It&#039;s all RETAIL","robots":{"index":"index","follow":"follow","max-snippet":"max-snippet:-1","max-image-preview":"max-image-preview:large","max-video-preview":"max-video-preview:-1"},"canonical":"https:\/\/its-all-retail.com\/index.php\/intervista-alberto-bordiga-pax-italia\/","og_locale":"it_IT","og_type":"article","og_title":"Intervista - It&#039;s all RETAIL","og_description":"[vc_row css=&#8221;.vc_custom_1675703833533{padding-top: 20px !important;}&#8221;][vc_column width=&#8221;5\/6&#8243;][vc_single_image image=&#8221;9064&#8243; img_size=&#8221;large&#8221; style=&#8221;vc_box_border_circle_2&#8243;][vc_column_text]Alberto Bordiga\u00a0Chief Sales Officer\u00a0PAX ITALIA[\/vc_column_text][\/vc_column][vc_column width=&#8221;1\/6&#8243;][vc_single_image image=&#8221;8197&#8243;][\/vc_column][\/vc_row][vc_row][vc_column][vc_column_text] Il retail e i pagamenti, visti dalla visuale di PAX, quali trend denotano e quali riflessioni strategiche portano per i fornitori di servizi e soluzioni relative al punto cassa? Possiamo identificare 2 macrotendenze in corso. La prima legata alla tendenza sempre [&hellip;]","og_url":"https:\/\/its-all-retail.com\/index.php\/intervista-alberto-bordiga-pax-italia\/","og_site_name":"It&#039;s all RETAIL","article_modified_time":"2024-03-06T18:33:37+00:00","twitter_card":"summary_large_image","twitter_misc":{"Tempo di lettura stimato":"3 minuti"},"schema":{"@context":"https:\/\/schema.org","@graph":[{"@type":"WebPage","@id":"https:\/\/its-all-retail.com\/index.php\/intervista-alberto-bordiga-pax-italia\/","url":"https:\/\/its-all-retail.com\/index.php\/intervista-alberto-bordiga-pax-italia\/","name":"Intervista - It&#039;s all RETAIL","isPartOf":{"@id":"https:\/\/its-all-retail.com\/#website"},"datePublished":"2024-03-06T18:32:32+00:00","dateModified":"2024-03-06T18:33:37+00:00","breadcrumb":{"@id":"https:\/\/its-all-retail.com\/index.php\/intervista-alberto-bordiga-pax-italia\/#breadcrumb"},"inLanguage":"it-IT","potentialAction":[{"@type":"ReadAction","target":["https:\/\/its-all-retail.com\/index.php\/intervista-alberto-bordiga-pax-italia\/"]}]},{"@type":"BreadcrumbList","@id":"https:\/\/its-all-retail.com\/index.php\/intervista-alberto-bordiga-pax-italia\/#breadcrumb","itemListElement":[{"@type":"ListItem","position":1,"name":"Home","item":"https:\/\/its-all-retail.com\/"},{"@type":"ListItem","position":2,"name":"Intervista"}]},{"@type":"WebSite","@id":"https:\/\/its-all-retail.com\/#website","url":"https:\/\/its-all-retail.com\/","name":"It&#039;s all RETAIL","description":"Connecting Retailers","potentialAction":[{"@type":"SearchAction","target":{"@type":"EntryPoint","urlTemplate":"https:\/\/its-all-retail.com\/?s={search_term_string}"},"query-input":"required name=search_term_string"}],"inLanguage":"it-IT"}]}},"_links":{"self":[{"href":"https:\/\/its-all-retail.com\/index.php\/wp-json\/wp\/v2\/pages\/9118"}],"collection":[{"href":"https:\/\/its-all-retail.com\/index.php\/wp-json\/wp\/v2\/pages"}],"about":[{"href":"https:\/\/its-all-retail.com\/index.php\/wp-json\/wp\/v2\/types\/page"}],"author":[{"embeddable":true,"href":"https:\/\/its-all-retail.com\/index.php\/wp-json\/wp\/v2\/users\/2"}],"replies":[{"embeddable":true,"href":"https:\/\/its-all-retail.com\/index.php\/wp-json\/wp\/v2\/comments?post=9118"}],"version-history":[{"count":3,"href":"https:\/\/its-all-retail.com\/index.php\/wp-json\/wp\/v2\/pages\/9118\/revisions"}],"predecessor-version":[{"id":9121,"href":"https:\/\/its-all-retail.com\/index.php\/wp-json\/wp\/v2\/pages\/9118\/revisions\/9121"}],"wp:attachment":[{"href":"https:\/\/its-all-retail.com\/index.php\/wp-json\/wp\/v2\/media?parent=9118"}],"curies":[{"name":"wp","href":"https:\/\/api.w.org\/{rel}","templated":true}]}}