{"id":9036,"date":"2024-02-20T18:23:55","date_gmt":"2024-02-20T17:23:55","guid":{"rendered":"https:\/\/its-all-retail.com\/?page_id=9036"},"modified":"2024-02-22T15:59:07","modified_gmt":"2024-02-22T14:59:07","slug":"intervista-tamburini-a2a","status":"publish","type":"page","link":"https:\/\/its-all-retail.com\/index.php\/intervista-tamburini-a2a\/","title":{"rendered":"Intervista"},"content":{"rendered":"<p>[vc_row css=&#8221;.vc_custom_1675703833533{padding-top: 20px !important;}&#8221;][vc_column width=&#8221;5\/6&#8243;][vc_single_image image=&#8221;9037&#8243; img_size=&#8221;large&#8221; style=&#8221;vc_box_border_circle_2&#8243;][vc_column_text]<strong>Valentina Tamburini<\/strong> Head of Strategy <strong>A2A<\/strong>[\/vc_column_text][\/vc_column][vc_column width=&#8221;1\/6&#8243;][vc_single_image image=&#8221;8197&#8243;][\/vc_column][\/vc_row][vc_row][vc_column][vc_column_text]<\/p>\n<h2><span style=\"color: #333333;\">Quali strategie e soluzioni sta sviluppando A2A per supportare una trasformazione sostenibile nel settore del retail, sfruttando le tecnologie smart? Come pensate che possano impattare positivamente l&#8217;efficienza energetica in-store e l&#8217;esperienza complessiva dei clienti?<\/span><\/h2>\n<p>Sono diverse le iniziative che, come Gruppo, stiamo progettando e implementando per contribuire ad accelerare il processo di decarbonizzazione del Paese e offrire una risposta concreta alle sfide della transizione energetica.<br \/>\nAttraverso A2A Energy Solutions, ad esempio, per il mondo retail abbiamo sviluppato numerose soluzioni per l\u2019ottimizzazione dell\u2019efficienza energetica aziendale e l&#8217;autoproduzione di energia, che possano rendere le imprese sempre pi\u00f9 performanti e in linea con gli obiettivi dell\u2019Agenda ONU al 2030.<br \/>\nInnanzitutto, l&#8217;efficientamento energetico rappresenta un pilastro essenziale per il settore: non solo contribuisce a ridurre i costi operativi, ma mitiga anche l&#8217;impatto ambientale. Gli interventi di riqualificazione energetica integrata che proponiamo comprendono l&#8217;isolamento termico delle pareti, la sostituzione di impianti di riscaldamento tradizionali con sistemi pi\u00f9 efficienti e l&#8217;installazione di impianti fotovoltaici per la produzione e l&#8217;autoconsumo di energia rinnovabile. Nell\u2019accompagnare l\u2019utente in queste operazioni, A2A non richiede esborsi iniziali, dando la possibilit\u00e0 di dilazionare il pagamento nel tempo e garantire una riduzione dell&#8217;indice di fabbisogno energetico.<br \/>\nAnche l\u2019autoproduzione di energia \u00e8 fondamentale per uno sviluppo sostenibile delle strutture di retail, consentendo un significativo risparmio economico, una maggiore sostenibilit\u00e0 ambientale e una riduzione dell&#8217;impatto sulle risorse energetiche globali. La nostra offerta B2B comprende soluzioni geotermiche che sfruttano il calore presente nel sottosuolo per la produzione di energia termica, facendo diminuire le emissioni di CO2 e i costi di gestione in carico all\u2019azienda.<br \/>\nL\u2019utilizzo di fonti rinnovabili passa anche per l\u2019energia solare, dal Noleggio Operativo dell\u2019infrastruttura al Power Purchase Agreement (PPA): accordi che permettono a chi non ha la possibilit\u00e0 di installare impianti fotovoltaici di sfruttare l\u2019energia elettrica prodotta dai nostri impianti beneficiando di una fornitura 100% green \u2013 con l\u2019opportunit\u00e0 di avere un unico interlocutore per lo sviluppo progettuale, per l\u2019iter autorizzativo e per quello esecutivo. Il fotovoltaico \u00e8 essenziale per aumentare l\u2019autonomia energetica italiana: per questo, promuoviamo anche la costituzione di Comunit\u00e0 Energetiche Rinnovabili, unendo le forze di cittadini, amministrazioni pubbliche e attivit\u00e0 commerciali.<br \/>\nNella strategia del Gruppo A2A anche l\u2019innovazione riveste un ruolo cardine e per questo riteniamo che integrare l&#8217;intelligenza artificiale sia indispensabile nell&#8217;ottimizzazione dell&#8217;efficienza energetica, consentendo una gestione pi\u00f9 analitica e predittiva delle risorse e contribuendo cos\u00ec a un uso pi\u00f9 sostenibile dell\u2019energia a disposizione. Con A2A Smart City, abbiamo realizzato soluzioni Cleantech che sfruttano l\u2019AI per ottimizzare i consumi e ridurre le emissioni di CO2, validate dal Politecnico di Milano. Tra queste, i \u201cChiller AI\u201d ottimizzano l&#8217;efficienza dei refrigeratori attraverso algoritmi brevettati, che minimizzano le spese di raffreddamento, mentre il sistema di intelligenza artificiale sviluppato per le centrali termiche riduce i cicli di accensione e spegnimento, garantendo risultati immediati di significativo risparmio energetico &#8211; fino al 37%.<\/p>\n<p>Numerosi i benefici di queste iniziative, che rendono gli edifici ancora pi\u00f9 smart e green: la combinazione di tecnologie avanzate migliora l&#8217;esperienza degli utenti, e l&#8217;ottimizzazione dei consumi energetici diminuisce le emissioni di CO2 e la relativa carbon footprint. Il risparmio economico \u00e8 significativo, con potenziali vantaggi fino al 35% sulle bollette indipendentemente dal tipo di edificio. Un ulteriore beneficio \u00e8 dato dalla velocit\u00e0 di installazione di tali sistemi, che avviene senza la necessit\u00e0 di apportare modifiche infrastrutturali, garantendo cos\u00ec una rapidit\u00e0 di intervento e risultati immediati. L&#8217;adozione di soluzioni orientate all&#8217;efficienza energetica rappresenta non solo un imperativo per rimanere competitivi sul mercato, ma anche un&#8217;opportunit\u00e0 per promuovere uno sviluppo sostenibile e responsabile.<\/p>\n<p>&nbsp;<\/p>\n<h2><span style=\"color: #333333;\">Una delle sfide chiave per le citt\u00e0 moderne \u00e8 rappresentata anche dalla transizione verso modelli di mobilit\u00e0 pi\u00f9 sostenibili. In che modo la state affrontando nel contesto del retail e come contribuite a promuovere la mobilit\u00e0 sostenibile all&#8217;interno delle citt\u00e0?<\/span><\/h2>\n<p>Anche la mobilit\u00e0 elettrica rappresenta un elemento cruciale per favorire la transizione del Paese verso modelli green, e quindi migliorare la qualit\u00e0 della vita delle persone. Per questo, da oltre un decennio, A2A ha sviluppato un network di stazioni di ricarica elettriche e &#8211; consapevoli dell\u2019importanza di ridurre le emissioni di CO\u2082 &#8211; abbiamo previsto nel nostro Piano Industriale diversi progetti, come l&#8217;installazione di 22.000 punti di ricarica ad accesso pubblico entro il 2030.<br \/>\nPer creare una rete sempre pi\u00f9 estesa e interconnessa, attraverso A2A E-Mobility \u2013 societ\u00e0 del Gruppo che opera come Charging Point Operator (CPO) e gestisce sul territorio nazionale una rete pubblica di infrastrutture di ricarica per veicoli elettrici &#8211; abbiamo siglato numerosi accordi di interoperabilit\u00e0 con gli e-Mobility Service Provider (ovvero le aziende che forniscono servizi di ricarica ai clienti finali): oltre 50 tra nazionali e internazionali.<br \/>\nLa rete di ricarica ad accesso pubblico di A2A E-Mobility \u00e8 oggi estesa su tutto il territorio italiano, con soluzioni che spaziano da quelle lente e a bassa potenza in citt\u00e0 a quelle veloci e ultraveloci ad alta potenza nelle aree extra urbane, gestite intuitivamente tramite app e portali. Ci\u00f2 permette a chi ne usufruisce di ricaricare in modo conveniente, scegliendo tra diverse opzioni di pagamento e offerte personalizzate. L\u2019energia erogata dalle infrastrutture di A2A E-Mobility \u00e8 certificata al 100% da fonti rinnovabili: favorendo lo sviluppo della mobilit\u00e0 elettrica, contribuiamo a ridurre l\u2019emissione di gas climalteranti (CO\u2082) e inquinanti (Nox e PMx) nell\u2019atmosfera e a contrastare l&#8217;inquinamento acustico nelle nostre citt\u00e0.<br \/>\nA2A E-Mobility si occupa inoltre dell\u2019intero processo di elettrificazione degli hub aziendali, dall\u2019installazione alla gestione completa dei punti di ricarica e dei relativi servizi, senza pensieri per le aziende e i dipendenti. Queste soluzioni su misura interessano da vicino anche i mondi del retail e della Grande Distribuzione Organizzata e Specializzata. Per chi \u00e8 dotato di parcheggio privato ad accesso pubblico, ed \u00e8 intenzionato a dotarsi di infrastrutture di ricarica aperte alla totalit\u00e0 degli utenti elettrici, abbiamo pianificato servizi configurati ad hoc per ogni punto vendita in base alle specifiche esigenze e alle caratteristiche del sito. Tra i modelli proposti, il pi\u00f9 recente \u00e8 la colonnina City Plug, che rivoluziona la ricarica elettrica urbana e ci permette di portare comodamente l\u2019e-mobility in citt\u00e0. Interamente ideate dal Gruppo con il design di Giugiaro Architettura, le City Plug sono infrastrutture compatte per la ricarica lenta dei veicoli, con potenza fino a 7,4 kW per singola presa, che non impattano sulla rete elettrica cittadina. Non necessitano di stalli di parcheggio dedicati ma, grazie alle dimensioni ridotte, possono essere presenti capillarmente nelle comuni aree di sosta, consentendo di lasciare l\u2019auto collegata di giorno e di notte per tutto il tempo desiderato.<br \/>\nInoltre, stiamo sviluppando soluzioni per supportare le imprese nella gestione completa di mezzi aziendali sostenibili, integrando prodotti e servizi per la ricarica, piattaforme di fleet management, energia verde, impianti fotovoltaici e battery storage. Per le flotte, come potrebbero essere ad esempio i veicoli operativi per le consegne, offriamo servizi di progettazione e installazione di punti di ricarica<br \/>\npersonalizzati in azienda, integrando una vasta gamma di servizi per i driver. Queste iniziative non solo contribuiscono a promuovere la mobilit\u00e0 sostenibile all&#8217;interno delle citt\u00e0, ma anche a sviluppare un ecosistema pi\u00f9 green nel settore del retail e della distribuzione.[\/vc_column_text][\/vc_column][\/vc_row]<\/p>\n","protected":false},"excerpt":{"rendered":"<p>[vc_row css=&#8221;.vc_custom_1675703833533{padding-top: 20px !important;}&#8221;][vc_column width=&#8221;5\/6&#8243;][vc_single_image image=&#8221;9037&#8243; img_size=&#8221;large&#8221; style=&#8221;vc_box_border_circle_2&#8243;][vc_column_text]Valentina Tamburini Head of Strategy A2A[\/vc_column_text][\/vc_column][vc_column width=&#8221;1\/6&#8243;][vc_single_image image=&#8221;8197&#8243;][\/vc_column][\/vc_row][vc_row][vc_column][vc_column_text] Quali strategie e soluzioni sta sviluppando A2A per supportare una trasformazione sostenibile nel settore del retail, sfruttando le tecnologie smart? Come pensate che possano impattare positivamente l&#8217;efficienza energetica in-store e l&#8217;esperienza complessiva dei clienti? Sono diverse le iniziative che, come [&hellip;]<\/p>\n","protected":false},"author":2,"featured_media":0,"parent":0,"menu_order":0,"comment_status":"closed","ping_status":"closed","template":"","meta":{"footnotes":""},"yoast_head":"<!-- This site is optimized with the Yoast SEO plugin v22.8 - https:\/\/yoast.com\/wordpress\/plugins\/seo\/ -->\n<title>Intervista - It&#039;s all RETAIL<\/title>\n<meta name=\"robots\" content=\"index, follow, max-snippet:-1, max-image-preview:large, max-video-preview:-1\" \/>\n<link rel=\"canonical\" href=\"https:\/\/its-all-retail.com\/index.php\/intervista-tamburini-a2a\/\" \/>\n<meta property=\"og:locale\" content=\"it_IT\" \/>\n<meta property=\"og:type\" content=\"article\" \/>\n<meta property=\"og:title\" content=\"Intervista - It&#039;s all RETAIL\" \/>\n<meta property=\"og:description\" content=\"[vc_row css=&#8221;.vc_custom_1675703833533{padding-top: 20px !important;}&#8221;][vc_column width=&#8221;5\/6&#8243;][vc_single_image image=&#8221;9037&#8243; img_size=&#8221;large&#8221; style=&#8221;vc_box_border_circle_2&#8243;][vc_column_text]Valentina Tamburini Head of Strategy A2A[\/vc_column_text][\/vc_column][vc_column width=&#8221;1\/6&#8243;][vc_single_image image=&#8221;8197&#8243;][\/vc_column][\/vc_row][vc_row][vc_column][vc_column_text] Quali strategie e soluzioni sta sviluppando A2A per supportare una trasformazione sostenibile nel settore del retail, sfruttando le tecnologie smart? Come pensate che possano impattare positivamente l&#8217;efficienza energetica in-store e l&#8217;esperienza complessiva dei clienti? Sono diverse le iniziative che, come [&hellip;]\" \/>\n<meta property=\"og:url\" content=\"https:\/\/its-all-retail.com\/index.php\/intervista-tamburini-a2a\/\" \/>\n<meta property=\"og:site_name\" content=\"It&#039;s all RETAIL\" \/>\n<meta property=\"article:modified_time\" content=\"2024-02-22T14:59:07+00:00\" \/>\n<meta name=\"twitter:card\" content=\"summary_large_image\" \/>\n<meta name=\"twitter:label1\" content=\"Tempo di lettura stimato\" \/>\n\t<meta name=\"twitter:data1\" content=\"6 minuti\" \/>\n<script type=\"application\/ld+json\" class=\"yoast-schema-graph\">{\"@context\":\"https:\/\/schema.org\",\"@graph\":[{\"@type\":\"WebPage\",\"@id\":\"https:\/\/its-all-retail.com\/index.php\/intervista-tamburini-a2a\/\",\"url\":\"https:\/\/its-all-retail.com\/index.php\/intervista-tamburini-a2a\/\",\"name\":\"Intervista - It&#039;s all RETAIL\",\"isPartOf\":{\"@id\":\"https:\/\/its-all-retail.com\/#website\"},\"datePublished\":\"2024-02-20T17:23:55+00:00\",\"dateModified\":\"2024-02-22T14:59:07+00:00\",\"breadcrumb\":{\"@id\":\"https:\/\/its-all-retail.com\/index.php\/intervista-tamburini-a2a\/#breadcrumb\"},\"inLanguage\":\"it-IT\",\"potentialAction\":[{\"@type\":\"ReadAction\",\"target\":[\"https:\/\/its-all-retail.com\/index.php\/intervista-tamburini-a2a\/\"]}]},{\"@type\":\"BreadcrumbList\",\"@id\":\"https:\/\/its-all-retail.com\/index.php\/intervista-tamburini-a2a\/#breadcrumb\",\"itemListElement\":[{\"@type\":\"ListItem\",\"position\":1,\"name\":\"Home\",\"item\":\"https:\/\/its-all-retail.com\/\"},{\"@type\":\"ListItem\",\"position\":2,\"name\":\"Intervista\"}]},{\"@type\":\"WebSite\",\"@id\":\"https:\/\/its-all-retail.com\/#website\",\"url\":\"https:\/\/its-all-retail.com\/\",\"name\":\"It&#039;s all RETAIL\",\"description\":\"Connecting Retailers\",\"potentialAction\":[{\"@type\":\"SearchAction\",\"target\":{\"@type\":\"EntryPoint\",\"urlTemplate\":\"https:\/\/its-all-retail.com\/?s={search_term_string}\"},\"query-input\":\"required name=search_term_string\"}],\"inLanguage\":\"it-IT\"}]}<\/script>\n<!-- \/ Yoast SEO plugin. -->","yoast_head_json":{"title":"Intervista - It&#039;s all RETAIL","robots":{"index":"index","follow":"follow","max-snippet":"max-snippet:-1","max-image-preview":"max-image-preview:large","max-video-preview":"max-video-preview:-1"},"canonical":"https:\/\/its-all-retail.com\/index.php\/intervista-tamburini-a2a\/","og_locale":"it_IT","og_type":"article","og_title":"Intervista - It&#039;s all RETAIL","og_description":"[vc_row css=&#8221;.vc_custom_1675703833533{padding-top: 20px !important;}&#8221;][vc_column width=&#8221;5\/6&#8243;][vc_single_image image=&#8221;9037&#8243; img_size=&#8221;large&#8221; style=&#8221;vc_box_border_circle_2&#8243;][vc_column_text]Valentina Tamburini Head of Strategy A2A[\/vc_column_text][\/vc_column][vc_column width=&#8221;1\/6&#8243;][vc_single_image image=&#8221;8197&#8243;][\/vc_column][\/vc_row][vc_row][vc_column][vc_column_text] Quali strategie e soluzioni sta sviluppando A2A per supportare una trasformazione sostenibile nel settore del retail, sfruttando le tecnologie smart? Come pensate che possano impattare positivamente l&#8217;efficienza energetica in-store e l&#8217;esperienza complessiva dei clienti? Sono diverse le iniziative che, come [&hellip;]","og_url":"https:\/\/its-all-retail.com\/index.php\/intervista-tamburini-a2a\/","og_site_name":"It&#039;s all RETAIL","article_modified_time":"2024-02-22T14:59:07+00:00","twitter_card":"summary_large_image","twitter_misc":{"Tempo di lettura stimato":"6 minuti"},"schema":{"@context":"https:\/\/schema.org","@graph":[{"@type":"WebPage","@id":"https:\/\/its-all-retail.com\/index.php\/intervista-tamburini-a2a\/","url":"https:\/\/its-all-retail.com\/index.php\/intervista-tamburini-a2a\/","name":"Intervista - It&#039;s all RETAIL","isPartOf":{"@id":"https:\/\/its-all-retail.com\/#website"},"datePublished":"2024-02-20T17:23:55+00:00","dateModified":"2024-02-22T14:59:07+00:00","breadcrumb":{"@id":"https:\/\/its-all-retail.com\/index.php\/intervista-tamburini-a2a\/#breadcrumb"},"inLanguage":"it-IT","potentialAction":[{"@type":"ReadAction","target":["https:\/\/its-all-retail.com\/index.php\/intervista-tamburini-a2a\/"]}]},{"@type":"BreadcrumbList","@id":"https:\/\/its-all-retail.com\/index.php\/intervista-tamburini-a2a\/#breadcrumb","itemListElement":[{"@type":"ListItem","position":1,"name":"Home","item":"https:\/\/its-all-retail.com\/"},{"@type":"ListItem","position":2,"name":"Intervista"}]},{"@type":"WebSite","@id":"https:\/\/its-all-retail.com\/#website","url":"https:\/\/its-all-retail.com\/","name":"It&#039;s all RETAIL","description":"Connecting Retailers","potentialAction":[{"@type":"SearchAction","target":{"@type":"EntryPoint","urlTemplate":"https:\/\/its-all-retail.com\/?s={search_term_string}"},"query-input":"required name=search_term_string"}],"inLanguage":"it-IT"}]}},"_links":{"self":[{"href":"https:\/\/its-all-retail.com\/index.php\/wp-json\/wp\/v2\/pages\/9036"}],"collection":[{"href":"https:\/\/its-all-retail.com\/index.php\/wp-json\/wp\/v2\/pages"}],"about":[{"href":"https:\/\/its-all-retail.com\/index.php\/wp-json\/wp\/v2\/types\/page"}],"author":[{"embeddable":true,"href":"https:\/\/its-all-retail.com\/index.php\/wp-json\/wp\/v2\/users\/2"}],"replies":[{"embeddable":true,"href":"https:\/\/its-all-retail.com\/index.php\/wp-json\/wp\/v2\/comments?post=9036"}],"version-history":[{"count":4,"href":"https:\/\/its-all-retail.com\/index.php\/wp-json\/wp\/v2\/pages\/9036\/revisions"}],"predecessor-version":[{"id":9049,"href":"https:\/\/its-all-retail.com\/index.php\/wp-json\/wp\/v2\/pages\/9036\/revisions\/9049"}],"wp:attachment":[{"href":"https:\/\/its-all-retail.com\/index.php\/wp-json\/wp\/v2\/media?parent=9036"}],"curies":[{"name":"wp","href":"https:\/\/api.w.org\/{rel}","templated":true}]}}