{"id":9013,"date":"2024-02-19T11:53:54","date_gmt":"2024-02-19T10:53:54","guid":{"rendered":"https:\/\/its-all-retail.com\/?page_id=9013"},"modified":"2024-02-19T12:06:50","modified_gmt":"2024-02-19T11:06:50","slug":"intervista-benny-tanzer","status":"publish","type":"page","link":"https:\/\/its-all-retail.com\/index.php\/intervista-benny-tanzer\/","title":{"rendered":"Intervista"},"content":{"rendered":"<p>[vc_row css=&#8221;.vc_custom_1675703833533{padding-top: 20px !important;}&#8221;][vc_column width=&#8221;5\/6&#8243;][vc_single_image image=&#8221;8896&#8243; img_size=&#8221;large&#8221; style=&#8221;vc_box_border_circle_2&#8243;][vc_column_text]<strong>Benny T\u00e4nzer<\/strong> Senior Partner <strong>EXPENSE REDUCTION ANALYSTS<\/strong>[\/vc_column_text][\/vc_column][vc_column width=&#8221;1\/6&#8243;][vc_single_image image=&#8221;8197&#8243;][\/vc_column][\/vc_row][vc_row][vc_column][vc_column_text]<\/p>\n<h2><span style=\"color: #333333;\"><strong>Pu\u00f2 illustrarci brevemente la realt\u00e0 di ERA ed in che modo pu\u00f2 risultare utile ai Retailer?<\/strong><\/span><\/h2>\n<p>Expense Reduction Analysts \u2013 <strong>ERA Group<\/strong>, multinazionale britannica presente in pi\u00f9 di 50 Paesi nel mondo \u2013 \u00a0supporta da pi\u00f9 di 30 anni le aziende nella <strong>riduzione ed ottimizzazione dei costi<\/strong>.<br \/>\nIl nostro business model, quindi, \u00e8 per definizione anticiclico: pi\u00f9 il mercato \u00e8 competitivo e sfidante e pi\u00f9 le aziende necessitano e ricercano il supporto del nostro team globale di esperti per preservare o aumentare i propri margini operativi, anche in periodi caratterizzati da una congiuntura economica negativa o da una situazione geopolitica movimentata.<\/p>\n<p>In particolare, negli ultimi anni abbiamo registrato l\u2019interesse di moltissime aziende attive nel settore Retail, che ci hanno ingaggiato per cogliere le opportunit\u00e0 che il know-how e la metodologia di ERA possono generare.<br \/>\nTale trend si sta confermano anche in questo inizio d\u2019anno e siamo fortemente convinti che una delle principali ragioni per tale interesse sia il momento particolarmente delicato che il comparto sta attraversando. Infatti, a titolo esemplificativo, mancanza di personale, inflazione e i cambiamenti radicali in corso nel mondo della logistica sono alcuni tra i temi pi\u00f9 ricorrenti che emergono nelle interlocuzioni che abbiamo quotidianamente con gli operatori del settore.<br \/>\nSe a tutto ci\u00f2 si aggiunge un tema sempre pi\u00f9 importante per i consumatori come la sostenibilit\u00e0, non \u00e8 difficile capire perch\u00e9 il settore del Retail venga considerato sempre pi\u00f9 complesso e difficile da navigare.<\/p>\n<p>Sebbene non esista una soluzione per rendere un\u2019azienda attiva nel Retail \u201ca prova di futuro\u201d, si possono adottare misure per prepararsi alle sfide imminenti che il mercato presenta in questo 2024.<br \/>\n<strong>ERA<\/strong>, grazie ad una metodologia consolidata e ad un network di esperti con esperienza pluridecennale in questa industry, <strong>pu\u00f2 supportare i Retailer dotandoli di strumenti per navigare pi\u00f9 efficacemente in un settore in piena trasformazione<\/strong>. Prendiamo come esempio due delle problematiche sopraccitate e vediamo in concreto come possiamo aiutare le aziende.<\/p>\n<ul>\n<li><strong>Inflazione<\/strong>: per i Retailer, l\u2019aumento dell\u2019inflazione comporta costi pi\u00f9 elevati per magazzino, utenze e operations. Si rende dunque necessaria una revisione delle strategie di prezzo per proteggere i profitti. Spesso ci\u00f2 si traduce in un aumento dei prezzi per i consumatori, con la conseguente riduzione del loro potere d\u2019acquisto, che a sua volta provoca un cambiamento nelle abitudini di spesa, pi\u00f9 cauta e sensibile ai prezzi.<br \/>\nERA s\u2019impegna a fornire un valore reale ai clienti, concentrandosi su <strong>strategie efficaci per mitigare i rincari e negoziare prezzi inferiori al tasso d\u2019inflazione<\/strong>. Ad esempio, durante un periodo difficile per un cliente del settore agroalimentare, ci siamo attivati rapidamente per mantenere l\u2019<strong>efficienza del servizio<\/strong> nonostante le sfide senza precedenti, <strong>evitando un aumento dei prezzi a doppia cifra<\/strong>.<\/li>\n<li><strong>Logistica<\/strong>: nel 2024, il settore retail dovr\u00e0 far fonte a pressioni crescenti dovute all\u2019aumento dei costi di lavoro, carburante e capitale. Sar\u00e0 dunque fondamentale concentrarsi sulla <strong>riduzione dei costi<\/strong>, soprattutto nella logistica e nei trasporti, aree in cui si dovranno rivedere i modelli tradizionali per mantenere i margini di profitto. ERA, grazie alla profonda expertise dei propri partner, consegue ripetutamente <strong><em>savings<\/em> che possono arrivare fino al 30%<\/strong> in questa categoria.<\/li>\n<\/ul>\n<p>&nbsp;<\/p>\n<h2><span style=\"color: #333333;\"><strong>Quali sono le vostre referenze a supporto di tutto ci\u00f2?<\/strong><\/span><\/h2>\n<p>Ci rendiamo conto che gli obiettivi che abbiamo accennato posso apparire ambiziosi, e per essere realistici richiedono una profonda conoscenza del comparto. In tal senso la soddisfazione dei nostri clienti e la solidit\u00e0 dei nostri numeri sono pertanto la miglior referenza e la garanzia pi\u00f9 preziosa per i nuovi clienti che si affidano a noi.<\/p>\n<p>Dati ERA \u2013 Settore Retail in Italia<\/p>\n<ul>\n<li>21 clienti<\/li>\n<li>Spend under review: 37 milioni di euro<\/li>\n<li><em>Saving<\/em> ottenuti: pi\u00f9 di 7 milioni di euro, corrispondente al 17% di saving medio.<\/li>\n<\/ul>\n<p>Dati ERA \u2013 Settore Retail nel mondo<\/p>\n<ul>\n<li>7000 clienti<\/li>\n<li>Spend under review: 3.5 miliardi di euro<\/li>\n<li><em>Saving<\/em> ottenuti: 24% medio.<\/li>\n<\/ul>\n<p>Dal canto nostro siamo orgogliosi di aver gi\u00e0 fatto risparmiare a grandi Retailer, tra cui alcuni dei pi\u00f9 grandi nomi della distribuzione europea, milioni di euro in svariate categorie di spesa.[\/vc_column_text][\/vc_column][\/vc_row]<\/p>\n","protected":false},"excerpt":{"rendered":"<p>[vc_row css=&#8221;.vc_custom_1675703833533{padding-top: 20px !important;}&#8221;][vc_column width=&#8221;5\/6&#8243;][vc_single_image image=&#8221;8896&#8243; img_size=&#8221;large&#8221; style=&#8221;vc_box_border_circle_2&#8243;][vc_column_text]Benny T\u00e4nzer Senior Partner EXPENSE REDUCTION ANALYSTS[\/vc_column_text][\/vc_column][vc_column width=&#8221;1\/6&#8243;][vc_single_image image=&#8221;8197&#8243;][\/vc_column][\/vc_row][vc_row][vc_column][vc_column_text] Pu\u00f2 illustrarci brevemente la realt\u00e0 di ERA ed in che modo pu\u00f2 risultare utile ai Retailer? Expense Reduction Analysts \u2013 ERA Group, multinazionale britannica presente in pi\u00f9 di 50 Paesi nel mondo \u2013 \u00a0supporta da pi\u00f9 di 30 anni [&hellip;]<\/p>\n","protected":false},"author":2,"featured_media":0,"parent":0,"menu_order":0,"comment_status":"closed","ping_status":"closed","template":"","meta":{"footnotes":""},"yoast_head":"<!-- This site is optimized with the Yoast SEO plugin v22.8 - https:\/\/yoast.com\/wordpress\/plugins\/seo\/ -->\n<title>Intervista - It&#039;s all RETAIL<\/title>\n<meta name=\"robots\" content=\"index, follow, max-snippet:-1, max-image-preview:large, max-video-preview:-1\" \/>\n<link rel=\"canonical\" href=\"https:\/\/its-all-retail.com\/index.php\/intervista-benny-tanzer\/\" \/>\n<meta property=\"og:locale\" content=\"it_IT\" \/>\n<meta property=\"og:type\" content=\"article\" \/>\n<meta property=\"og:title\" content=\"Intervista - It&#039;s all RETAIL\" \/>\n<meta property=\"og:description\" content=\"[vc_row css=&#8221;.vc_custom_1675703833533{padding-top: 20px !important;}&#8221;][vc_column width=&#8221;5\/6&#8243;][vc_single_image image=&#8221;8896&#8243; img_size=&#8221;large&#8221; style=&#8221;vc_box_border_circle_2&#8243;][vc_column_text]Benny T\u00e4nzer Senior Partner EXPENSE REDUCTION ANALYSTS[\/vc_column_text][\/vc_column][vc_column width=&#8221;1\/6&#8243;][vc_single_image image=&#8221;8197&#8243;][\/vc_column][\/vc_row][vc_row][vc_column][vc_column_text] Pu\u00f2 illustrarci brevemente la realt\u00e0 di ERA ed in che modo pu\u00f2 risultare utile ai Retailer? Expense Reduction Analysts \u2013 ERA Group, multinazionale britannica presente in pi\u00f9 di 50 Paesi nel mondo \u2013 \u00a0supporta da pi\u00f9 di 30 anni [&hellip;]\" \/>\n<meta property=\"og:url\" content=\"https:\/\/its-all-retail.com\/index.php\/intervista-benny-tanzer\/\" \/>\n<meta property=\"og:site_name\" content=\"It&#039;s all RETAIL\" \/>\n<meta property=\"article:modified_time\" content=\"2024-02-19T11:06:50+00:00\" \/>\n<meta name=\"twitter:card\" content=\"summary_large_image\" \/>\n<meta name=\"twitter:label1\" content=\"Tempo di lettura stimato\" \/>\n\t<meta name=\"twitter:data1\" content=\"4 minuti\" \/>\n<script type=\"application\/ld+json\" class=\"yoast-schema-graph\">{\"@context\":\"https:\/\/schema.org\",\"@graph\":[{\"@type\":\"WebPage\",\"@id\":\"https:\/\/its-all-retail.com\/index.php\/intervista-benny-tanzer\/\",\"url\":\"https:\/\/its-all-retail.com\/index.php\/intervista-benny-tanzer\/\",\"name\":\"Intervista - It&#039;s all RETAIL\",\"isPartOf\":{\"@id\":\"https:\/\/its-all-retail.com\/#website\"},\"datePublished\":\"2024-02-19T10:53:54+00:00\",\"dateModified\":\"2024-02-19T11:06:50+00:00\",\"breadcrumb\":{\"@id\":\"https:\/\/its-all-retail.com\/index.php\/intervista-benny-tanzer\/#breadcrumb\"},\"inLanguage\":\"it-IT\",\"potentialAction\":[{\"@type\":\"ReadAction\",\"target\":[\"https:\/\/its-all-retail.com\/index.php\/intervista-benny-tanzer\/\"]}]},{\"@type\":\"BreadcrumbList\",\"@id\":\"https:\/\/its-all-retail.com\/index.php\/intervista-benny-tanzer\/#breadcrumb\",\"itemListElement\":[{\"@type\":\"ListItem\",\"position\":1,\"name\":\"Home\",\"item\":\"https:\/\/its-all-retail.com\/\"},{\"@type\":\"ListItem\",\"position\":2,\"name\":\"Intervista\"}]},{\"@type\":\"WebSite\",\"@id\":\"https:\/\/its-all-retail.com\/#website\",\"url\":\"https:\/\/its-all-retail.com\/\",\"name\":\"It&#039;s all RETAIL\",\"description\":\"Connecting Retailers\",\"potentialAction\":[{\"@type\":\"SearchAction\",\"target\":{\"@type\":\"EntryPoint\",\"urlTemplate\":\"https:\/\/its-all-retail.com\/?s={search_term_string}\"},\"query-input\":\"required name=search_term_string\"}],\"inLanguage\":\"it-IT\"}]}<\/script>\n<!-- \/ Yoast SEO plugin. -->","yoast_head_json":{"title":"Intervista - It&#039;s all RETAIL","robots":{"index":"index","follow":"follow","max-snippet":"max-snippet:-1","max-image-preview":"max-image-preview:large","max-video-preview":"max-video-preview:-1"},"canonical":"https:\/\/its-all-retail.com\/index.php\/intervista-benny-tanzer\/","og_locale":"it_IT","og_type":"article","og_title":"Intervista - It&#039;s all RETAIL","og_description":"[vc_row css=&#8221;.vc_custom_1675703833533{padding-top: 20px !important;}&#8221;][vc_column width=&#8221;5\/6&#8243;][vc_single_image image=&#8221;8896&#8243; img_size=&#8221;large&#8221; style=&#8221;vc_box_border_circle_2&#8243;][vc_column_text]Benny T\u00e4nzer Senior Partner EXPENSE REDUCTION ANALYSTS[\/vc_column_text][\/vc_column][vc_column width=&#8221;1\/6&#8243;][vc_single_image image=&#8221;8197&#8243;][\/vc_column][\/vc_row][vc_row][vc_column][vc_column_text] Pu\u00f2 illustrarci brevemente la realt\u00e0 di ERA ed in che modo pu\u00f2 risultare utile ai Retailer? Expense Reduction Analysts \u2013 ERA Group, multinazionale britannica presente in pi\u00f9 di 50 Paesi nel mondo \u2013 \u00a0supporta da pi\u00f9 di 30 anni [&hellip;]","og_url":"https:\/\/its-all-retail.com\/index.php\/intervista-benny-tanzer\/","og_site_name":"It&#039;s all RETAIL","article_modified_time":"2024-02-19T11:06:50+00:00","twitter_card":"summary_large_image","twitter_misc":{"Tempo di lettura stimato":"4 minuti"},"schema":{"@context":"https:\/\/schema.org","@graph":[{"@type":"WebPage","@id":"https:\/\/its-all-retail.com\/index.php\/intervista-benny-tanzer\/","url":"https:\/\/its-all-retail.com\/index.php\/intervista-benny-tanzer\/","name":"Intervista - It&#039;s all RETAIL","isPartOf":{"@id":"https:\/\/its-all-retail.com\/#website"},"datePublished":"2024-02-19T10:53:54+00:00","dateModified":"2024-02-19T11:06:50+00:00","breadcrumb":{"@id":"https:\/\/its-all-retail.com\/index.php\/intervista-benny-tanzer\/#breadcrumb"},"inLanguage":"it-IT","potentialAction":[{"@type":"ReadAction","target":["https:\/\/its-all-retail.com\/index.php\/intervista-benny-tanzer\/"]}]},{"@type":"BreadcrumbList","@id":"https:\/\/its-all-retail.com\/index.php\/intervista-benny-tanzer\/#breadcrumb","itemListElement":[{"@type":"ListItem","position":1,"name":"Home","item":"https:\/\/its-all-retail.com\/"},{"@type":"ListItem","position":2,"name":"Intervista"}]},{"@type":"WebSite","@id":"https:\/\/its-all-retail.com\/#website","url":"https:\/\/its-all-retail.com\/","name":"It&#039;s all RETAIL","description":"Connecting Retailers","potentialAction":[{"@type":"SearchAction","target":{"@type":"EntryPoint","urlTemplate":"https:\/\/its-all-retail.com\/?s={search_term_string}"},"query-input":"required name=search_term_string"}],"inLanguage":"it-IT"}]}},"_links":{"self":[{"href":"https:\/\/its-all-retail.com\/index.php\/wp-json\/wp\/v2\/pages\/9013"}],"collection":[{"href":"https:\/\/its-all-retail.com\/index.php\/wp-json\/wp\/v2\/pages"}],"about":[{"href":"https:\/\/its-all-retail.com\/index.php\/wp-json\/wp\/v2\/types\/page"}],"author":[{"embeddable":true,"href":"https:\/\/its-all-retail.com\/index.php\/wp-json\/wp\/v2\/users\/2"}],"replies":[{"embeddable":true,"href":"https:\/\/its-all-retail.com\/index.php\/wp-json\/wp\/v2\/comments?post=9013"}],"version-history":[{"count":5,"href":"https:\/\/its-all-retail.com\/index.php\/wp-json\/wp\/v2\/pages\/9013\/revisions"}],"predecessor-version":[{"id":9023,"href":"https:\/\/its-all-retail.com\/index.php\/wp-json\/wp\/v2\/pages\/9013\/revisions\/9023"}],"wp:attachment":[{"href":"https:\/\/its-all-retail.com\/index.php\/wp-json\/wp\/v2\/media?parent=9013"}],"curies":[{"name":"wp","href":"https:\/\/api.w.org\/{rel}","templated":true}]}}