{"id":9007,"date":"2024-02-19T11:26:47","date_gmt":"2024-02-19T10:26:47","guid":{"rendered":"https:\/\/its-all-retail.com\/?page_id=9007"},"modified":"2024-02-19T11:29:59","modified_gmt":"2024-02-19T10:29:59","slug":"intervista-giovanni-scardovi-deda-digital","status":"publish","type":"page","link":"https:\/\/its-all-retail.com\/index.php\/intervista-giovanni-scardovi-deda-digital\/","title":{"rendered":"Intervista"},"content":{"rendered":"<p>[vc_row css=&#8221;.vc_custom_1675703833533{padding-top: 20px !important;}&#8221;][vc_column width=&#8221;5\/6&#8243;][vc_single_image image=&#8221;9009&#8243; img_size=&#8221;large&#8221; style=&#8221;vc_box_border_circle_2&#8243;][vc_column_text]<strong>Giovanni Scardovi<\/strong> CEO <strong>DEDA DIGITAL<\/strong>[\/vc_column_text][\/vc_column][vc_column width=&#8221;1\/6&#8243;][vc_single_image image=&#8221;8197&#8243;][\/vc_column][\/vc_row][vc_row][vc_column][vc_column_text]<\/p>\n<h2><span style=\"color: #333333;\"><strong>Quali sono i vantaggi che la marketing automation offre a chi possiede un e-commerce in termini di integrazione ed efficacia?<\/strong><\/span><\/h2>\n<p>L\u2019integrazione tra le soluzioni di marketing automation e le piattaforme e-commerce \u00e8 diventata un elemento cruciale per il successo, specialmente nel settore retail. Questa fusione \u00e8 stata semplificata da piattaforme che pongono l&#8217;accento sull&#8217;usabilit\u00e0 e rendono il processo di integrazione pi\u00f9 intuitivo. Ne \u00e8 un esempio SAP Emarsys, una delle piattaforme di Marketing Automation e di Customer Engagement che utilizziamo e di cui parler\u00f2 durante il mio intervento.<\/p>\n<p>L\u2019aspetto interessante per\u00f2 inizia quando la marketing automation entra in sintonia con l&#8217;e-commerce. Questa connessione apre la strada a una nuova modalit\u00e0 di campagne marketing, caratterizzate da una personalizzazione senza precedenti e da comunicazioni che si adattano dinamicamente alle esigenze e alle caratteristiche dei clienti. La segmentazione avanzata e le strategie omnicanale, un tempo prerogativa esclusiva di grandi team IT e marketing, sono ora accessibili anche ad aziende con squadre pi\u00f9 ristrette o ai puri reparti marketing e comunuicazione.<\/p>\n<p>Questo approccio si concentra su due concetti: l&#8217;omogeneit\u00e0 dell&#8217;esperienza cliente tra i canali online e offline e la coerenza della comunicazione su tutti i punti di contatto. In un mondo dove i consumatori si aspettano interazioni fluide e personalizzate, una piattaforma unificata diventa lo strumento ideale per soddisfare queste aspettative, accompagnando il cliente in un viaggio d&#8217;acquisto su misura e senza interruzioni.<\/p>\n<p>Infine, il valore aggiunto dell\u2019integrazione tra marketing automation e touchpoint aziendali \u00e8 amplificato dall&#8217;uso corretto di un\u2019ampia quantit\u00e0 di dati e dall&#8217;intelligenza artificiale, che trasformano le informazioni raccolte in insight azionabili. Questo non solo consente di affinare le strategie in tempo reale, ma offre anche la possibilit\u00e0 di anticipare le tendenze future, garantendo campagne sempre pi\u00f9 mirate ed efficaci.<\/p>\n<p>&nbsp;<\/p>\n<h2><span style=\"color: #333333;\"><strong>Si parla molto di omnicanalit\u00e0, ma vediamo anche tante delusioni e sempre pi\u00f9 opinionisti sostenere che sia l\u2019ennesima parola chiave abusata del marketing, quel \u00e8 il suo punto di vista?<\/strong><\/span><\/h2>\n<p><strong>\u00a0<\/strong>Il marketing omnicanale non \u00e8 affatto una buzzword, ma di certo pone sfide operative e di implementazione. I principali ostacoli derivano dalla presenza di silos di dati, che per essere organizzati e sfruttati al meglio richiedono competenze specifiche. La nostra esperienza nell&#8217;integrazione di dati e tecnologie, combinata con l&#8217;efficacia di piattaforme come SAP Emarsys, trasforma queste complessit\u00e0 in vantaggi strategici che semplificano la creazione e la gestione di campagne omnicanale.<\/p>\n<p>Le piattaforme di marketing automation oggi consentono un accesso facile e veloce a diverse tipologie di dati, quali vendite, dettagli di prodotto e informazioni sul ciclo di vita dei clienti e sul loro comportamento. Questi dati sono fondamentali per segmentare in modo efficace il proprio pubblico e personalizzare le campagne di marketing.<\/p>\n<p>La corretta implementazione, frutto di esperienza e competenze, porta diversi vantaggi tra cui la possibilit\u00e0 di accedere ad analisi avanzate che permettono di ottimizzare le strategie omnicanale. Grazie a piattaforme come Sap Emarsys \u00e8 possibile utilizzare campagne e automazioni predittive, capaci di anticipare le necessit\u00e0 e preferenze dei consumatori e incrementare cos\u00ec i ricavi.<\/p>\n<p>E\u2019 il mix di tecnologia e strategie a funzionare. Senza una sinergia ben orchestrata, capitalizzare sulle opportunit\u00e0 offerte dal marketing omnicanale sarebbe notevolmente pi\u00f9 complesso. Il nostro approccio \u00e8 multidisciplinare: nel team di marketing automation abbiamo esperti tecnici e strategici, in dialogo continuo sui progetti. Ci\u00f2 garantisce un&#8217;implementazione efficace, permettendo alle imprese di navigare con successo le complessit\u00e0 del marketing moderno, superando le barriere legate alla gestione dei dati e assicurando una comunicazione coerente e strategica.<\/p>\n<p>&nbsp;<\/p>\n<p>Durante il nostro intervento, metteremo in luce un case study di un brand molto noto, che dimostra l&#8217;efficacia di questa sinergia tra implementazione e adozione ed vedremo come implementare con successo la marketing automation omnicanale con un piano loyalty orchestrato da online e offline.[\/vc_column_text][\/vc_column][\/vc_row]<\/p>\n","protected":false},"excerpt":{"rendered":"<p>[vc_row css=&#8221;.vc_custom_1675703833533{padding-top: 20px !important;}&#8221;][vc_column width=&#8221;5\/6&#8243;][vc_single_image image=&#8221;9009&#8243; img_size=&#8221;large&#8221; style=&#8221;vc_box_border_circle_2&#8243;][vc_column_text]Giovanni Scardovi CEO DEDA DIGITAL[\/vc_column_text][\/vc_column][vc_column width=&#8221;1\/6&#8243;][vc_single_image image=&#8221;8197&#8243;][\/vc_column][\/vc_row][vc_row][vc_column][vc_column_text] Quali sono i vantaggi che la marketing automation offre a chi possiede un e-commerce in termini di integrazione ed efficacia? L\u2019integrazione tra le soluzioni di marketing automation e le piattaforme e-commerce \u00e8 diventata un elemento cruciale per il successo, specialmente nel [&hellip;]<\/p>\n","protected":false},"author":2,"featured_media":0,"parent":0,"menu_order":0,"comment_status":"closed","ping_status":"closed","template":"","meta":{"footnotes":""},"yoast_head":"<!-- This site is optimized with the Yoast SEO plugin v22.8 - https:\/\/yoast.com\/wordpress\/plugins\/seo\/ -->\n<title>Intervista - It&#039;s all RETAIL<\/title>\n<meta name=\"robots\" content=\"index, follow, max-snippet:-1, max-image-preview:large, max-video-preview:-1\" \/>\n<link rel=\"canonical\" href=\"https:\/\/its-all-retail.com\/index.php\/intervista-giovanni-scardovi-deda-digital\/\" \/>\n<meta property=\"og:locale\" content=\"it_IT\" \/>\n<meta property=\"og:type\" content=\"article\" \/>\n<meta property=\"og:title\" content=\"Intervista - It&#039;s all RETAIL\" \/>\n<meta property=\"og:description\" content=\"[vc_row css=&#8221;.vc_custom_1675703833533{padding-top: 20px !important;}&#8221;][vc_column width=&#8221;5\/6&#8243;][vc_single_image image=&#8221;9009&#8243; img_size=&#8221;large&#8221; style=&#8221;vc_box_border_circle_2&#8243;][vc_column_text]Giovanni Scardovi CEO DEDA DIGITAL[\/vc_column_text][\/vc_column][vc_column width=&#8221;1\/6&#8243;][vc_single_image image=&#8221;8197&#8243;][\/vc_column][\/vc_row][vc_row][vc_column][vc_column_text] Quali sono i vantaggi che la marketing automation offre a chi possiede un e-commerce in termini di integrazione ed efficacia? L\u2019integrazione tra le soluzioni di marketing automation e le piattaforme e-commerce \u00e8 diventata un elemento cruciale per il successo, specialmente nel [&hellip;]\" \/>\n<meta property=\"og:url\" content=\"https:\/\/its-all-retail.com\/index.php\/intervista-giovanni-scardovi-deda-digital\/\" \/>\n<meta property=\"og:site_name\" content=\"It&#039;s all RETAIL\" \/>\n<meta property=\"article:modified_time\" content=\"2024-02-19T10:29:59+00:00\" \/>\n<meta name=\"twitter:card\" content=\"summary_large_image\" \/>\n<meta name=\"twitter:label1\" content=\"Tempo di lettura stimato\" \/>\n\t<meta name=\"twitter:data1\" content=\"3 minuti\" \/>\n<script type=\"application\/ld+json\" class=\"yoast-schema-graph\">{\"@context\":\"https:\/\/schema.org\",\"@graph\":[{\"@type\":\"WebPage\",\"@id\":\"https:\/\/its-all-retail.com\/index.php\/intervista-giovanni-scardovi-deda-digital\/\",\"url\":\"https:\/\/its-all-retail.com\/index.php\/intervista-giovanni-scardovi-deda-digital\/\",\"name\":\"Intervista - It&#039;s all RETAIL\",\"isPartOf\":{\"@id\":\"https:\/\/its-all-retail.com\/#website\"},\"datePublished\":\"2024-02-19T10:26:47+00:00\",\"dateModified\":\"2024-02-19T10:29:59+00:00\",\"breadcrumb\":{\"@id\":\"https:\/\/its-all-retail.com\/index.php\/intervista-giovanni-scardovi-deda-digital\/#breadcrumb\"},\"inLanguage\":\"it-IT\",\"potentialAction\":[{\"@type\":\"ReadAction\",\"target\":[\"https:\/\/its-all-retail.com\/index.php\/intervista-giovanni-scardovi-deda-digital\/\"]}]},{\"@type\":\"BreadcrumbList\",\"@id\":\"https:\/\/its-all-retail.com\/index.php\/intervista-giovanni-scardovi-deda-digital\/#breadcrumb\",\"itemListElement\":[{\"@type\":\"ListItem\",\"position\":1,\"name\":\"Home\",\"item\":\"https:\/\/its-all-retail.com\/\"},{\"@type\":\"ListItem\",\"position\":2,\"name\":\"Intervista\"}]},{\"@type\":\"WebSite\",\"@id\":\"https:\/\/its-all-retail.com\/#website\",\"url\":\"https:\/\/its-all-retail.com\/\",\"name\":\"It&#039;s all RETAIL\",\"description\":\"Connecting Retailers\",\"potentialAction\":[{\"@type\":\"SearchAction\",\"target\":{\"@type\":\"EntryPoint\",\"urlTemplate\":\"https:\/\/its-all-retail.com\/?s={search_term_string}\"},\"query-input\":\"required name=search_term_string\"}],\"inLanguage\":\"it-IT\"}]}<\/script>\n<!-- \/ Yoast SEO plugin. -->","yoast_head_json":{"title":"Intervista - It&#039;s all RETAIL","robots":{"index":"index","follow":"follow","max-snippet":"max-snippet:-1","max-image-preview":"max-image-preview:large","max-video-preview":"max-video-preview:-1"},"canonical":"https:\/\/its-all-retail.com\/index.php\/intervista-giovanni-scardovi-deda-digital\/","og_locale":"it_IT","og_type":"article","og_title":"Intervista - It&#039;s all RETAIL","og_description":"[vc_row css=&#8221;.vc_custom_1675703833533{padding-top: 20px !important;}&#8221;][vc_column width=&#8221;5\/6&#8243;][vc_single_image image=&#8221;9009&#8243; img_size=&#8221;large&#8221; style=&#8221;vc_box_border_circle_2&#8243;][vc_column_text]Giovanni Scardovi CEO DEDA DIGITAL[\/vc_column_text][\/vc_column][vc_column width=&#8221;1\/6&#8243;][vc_single_image image=&#8221;8197&#8243;][\/vc_column][\/vc_row][vc_row][vc_column][vc_column_text] Quali sono i vantaggi che la marketing automation offre a chi possiede un e-commerce in termini di integrazione ed efficacia? L\u2019integrazione tra le soluzioni di marketing automation e le piattaforme e-commerce \u00e8 diventata un elemento cruciale per il successo, specialmente nel [&hellip;]","og_url":"https:\/\/its-all-retail.com\/index.php\/intervista-giovanni-scardovi-deda-digital\/","og_site_name":"It&#039;s all RETAIL","article_modified_time":"2024-02-19T10:29:59+00:00","twitter_card":"summary_large_image","twitter_misc":{"Tempo di lettura stimato":"3 minuti"},"schema":{"@context":"https:\/\/schema.org","@graph":[{"@type":"WebPage","@id":"https:\/\/its-all-retail.com\/index.php\/intervista-giovanni-scardovi-deda-digital\/","url":"https:\/\/its-all-retail.com\/index.php\/intervista-giovanni-scardovi-deda-digital\/","name":"Intervista - It&#039;s all RETAIL","isPartOf":{"@id":"https:\/\/its-all-retail.com\/#website"},"datePublished":"2024-02-19T10:26:47+00:00","dateModified":"2024-02-19T10:29:59+00:00","breadcrumb":{"@id":"https:\/\/its-all-retail.com\/index.php\/intervista-giovanni-scardovi-deda-digital\/#breadcrumb"},"inLanguage":"it-IT","potentialAction":[{"@type":"ReadAction","target":["https:\/\/its-all-retail.com\/index.php\/intervista-giovanni-scardovi-deda-digital\/"]}]},{"@type":"BreadcrumbList","@id":"https:\/\/its-all-retail.com\/index.php\/intervista-giovanni-scardovi-deda-digital\/#breadcrumb","itemListElement":[{"@type":"ListItem","position":1,"name":"Home","item":"https:\/\/its-all-retail.com\/"},{"@type":"ListItem","position":2,"name":"Intervista"}]},{"@type":"WebSite","@id":"https:\/\/its-all-retail.com\/#website","url":"https:\/\/its-all-retail.com\/","name":"It&#039;s all RETAIL","description":"Connecting Retailers","potentialAction":[{"@type":"SearchAction","target":{"@type":"EntryPoint","urlTemplate":"https:\/\/its-all-retail.com\/?s={search_term_string}"},"query-input":"required name=search_term_string"}],"inLanguage":"it-IT"}]}},"_links":{"self":[{"href":"https:\/\/its-all-retail.com\/index.php\/wp-json\/wp\/v2\/pages\/9007"}],"collection":[{"href":"https:\/\/its-all-retail.com\/index.php\/wp-json\/wp\/v2\/pages"}],"about":[{"href":"https:\/\/its-all-retail.com\/index.php\/wp-json\/wp\/v2\/types\/page"}],"author":[{"embeddable":true,"href":"https:\/\/its-all-retail.com\/index.php\/wp-json\/wp\/v2\/users\/2"}],"replies":[{"embeddable":true,"href":"https:\/\/its-all-retail.com\/index.php\/wp-json\/wp\/v2\/comments?post=9007"}],"version-history":[{"count":2,"href":"https:\/\/its-all-retail.com\/index.php\/wp-json\/wp\/v2\/pages\/9007\/revisions"}],"predecessor-version":[{"id":9010,"href":"https:\/\/its-all-retail.com\/index.php\/wp-json\/wp\/v2\/pages\/9007\/revisions\/9010"}],"wp:attachment":[{"href":"https:\/\/its-all-retail.com\/index.php\/wp-json\/wp\/v2\/media?parent=9007"}],"curies":[{"name":"wp","href":"https:\/\/api.w.org\/{rel}","templated":true}]}}