{"id":8415,"date":"2023-03-10T17:32:40","date_gmt":"2023-03-10T16:32:40","guid":{"rendered":"http:\/\/its-all-retail.com\/?page_id=8415"},"modified":"2023-03-10T17:33:43","modified_gmt":"2023-03-10T16:33:43","slug":"intervista-grassi-pax","status":"publish","type":"page","link":"https:\/\/its-all-retail.com\/index.php\/intervista-grassi-pax\/","title":{"rendered":"Intervista"},"content":{"rendered":"<p>[vc_row css=&#8221;.vc_custom_1675703833533{padding-top: 20px !important;}&#8221;][vc_column width=&#8221;5\/6&#8243;][vc_single_image image=&#8221;8221&#8243; img_size=&#8221;large&#8221; style=&#8221;vc_box_border_circle_2&#8243;][vc_column_text]<strong>Fabrizio Grassi <\/strong>Sales Director<strong> PAX ITALIA<\/strong>[\/vc_column_text][\/vc_column][vc_column width=&#8221;1\/6&#8243;][vc_single_image image=&#8221;8197&#8243;][\/vc_column][\/vc_row][vc_row][vc_column][vc_column_text]<\/p>\n<h2><span style=\"color: #333333;\">\u00c8 ormai consolidato come sia in atto una forte trasformazione, nel mondo del Retail, che coinvolge in modo particolare il momento finale della customer journey: la fase di pagamento. In che modo le nuove tecnologie possono supportare i retailer nell\u2019abilitazione di innovativi servizi di pagamento per il consumatore?<\/span><\/h2>\n<p>Nel processo di trasformazione in atto nel mondo del Retail, gli investimenti fatti su soluzioni innovative di pagamento, chioschi totem e touchpoint, sistemi di cassa evoluti e soluzioni di self checkout nel corso del 2022 sono stati particolarmente rilevanti.<br \/>\nIl settore della vendita al dettaglio, nella fase post-covid, ha dovuto affrontare il \u201cnew normal\u201d: i consumatori oggi vivono in modo diverso, lavorano in modo diverso e acquistano in modo diverso: si aspettano di ritrovare questa \u201cnuova normalit\u00e0\u201d anche durante la propria esperienza di acquisto. La \u201cnuova\u201d customer journey non pu\u00f2 quindi prescindere da:<br \/>\n&#8211; Acquisti multicanale o omnicanale integrati in modo totalmente \u201cfluido\u201d<br \/>\n&#8211; Programmi fedelt\u00e0 pi\u00f9 efficaci, basati su tecnologie innovative che semplificano al massimo l\u2019iscrizione e la partecipazione, ottimizzando l\u2019experience e l\u2019engagement<br \/>\n&#8211; Possibilit\u00e0 di utilizzare metodi di pagamento evoluti o nuove funzionalit\u00e0 in modo semplice ed immediato (es. una carta di pagamento virtualizzata sul proprio oggetto wearable piuttosto che il pagamento in modalit\u00e0 BNPL, funzionalit\u00e0 quest\u2019ultima gi\u00e0 sperimentata con soddisfazione durante gli acquisti online nel periodo della pandemia e che il consumatore si aspetta di ritrovare anche per l\u2019effettuazione di acquisti in-store).<\/p>\n<p>Le nuove tecnologie, di cui gli SmartPOS o i sistemi di cassa evoluti fanno parte in modo significativo, sono elemento chiave in qualit\u00e0 di abilitatori ed acceleratori del processo di trasformazione: il Point of Sale sta evolvendo in Point of Interaction con il consumatore finale, permettendo di introdurre in modo semplice e flessibile nuovi servizi e nuove funzioni, attraverso una facilit\u00e0 di utilizzo impensabile fino a poco tempo fa con le precedenti piattaforme legacy.<\/p>\n<p>&nbsp;<\/p>\n<h2><span style=\"color: #333333;\">In che modo, invece, un punto cassa evoluto si integra con il back-end e aiuta i retailer a gestire attivit\u00e0 e processi interni? Ci porti qualche esemplificazione?<\/span><\/h2>\n<p>Uno dei punti di forza di uno SmartPOS \u00e8 rappresentato dalla piattaforma di back-end, solitamente cloud based, con la quale \u00e8 interconnesso. Il device sul campo non \u00e8 pi\u00f9 uno strumento stand-alone ma rappresenta l\u2019end point di un sistema integrato utilizzabile da remoto.<br \/>\nI terminali SmartPOS di PAX sono integrati con MAXSTORE, la pi\u00f9 avanzata piattaforma di gestione di terminali di pagamento.<br \/>\nI vantaggi per le differenti Business Unit del Retailer, nell\u2019utilizzo di una piattaforma quale il MAXSTORE, sono molteplici. Di seguito alcuni esempi:<br \/>\n&#8211; IT e HD: la piattaforma MAXSTORE permette di intervenire da remoto su un POS bloccato, consentendo il ripristino in real time del punto cassa e minimizzando i costi legati al blocco (tempo di indisponibilit\u00e0 della cassa e costo dell\u2019intervento in field di un tecnico)<br \/>\n&#8211; Finance e Amministrazione: attraverso la piattaforma, ha la possibilit\u00e0 di accedere a repository contenenti il dettaglio delle transazioni effettuate, per analisi o attivit\u00e0 contabili e di riconciliazione<br \/>\n&#8211; Marketing: l\u2019aggiornamento OTA da remoto del parco POS permette l\u2019introduzione in real time di nuove funzionalit\u00e0 o l\u2019invio di comunicazioni (ad es. banner pubblicitari distribuiti anche in modo clusterizzato e differenziabile sui singoli punti cassa del singolo negozio).<br \/>\nProprio in questo momento stiamo avviando, con un big Retailer attivo in Italia, il rollout legato all\u2019evoluzione di tutti gli oltre 1.000 POS installati presso le barriere cassa dei propri negozi: il progetto di migrazione, che si concluder\u00e0 entro l\u2019estate, permetter\u00e0 al Retailer di minimizzare sensibilmente il total cost of ownership del singolo terminale e contestualmente di ridurre drasticamente l\u2019effort (economico e temporale) necessario all\u2019introduzione e distribuzione di nuove funzionalit\u00e0 sul punto cassa.[\/vc_column_text][\/vc_column][\/vc_row]<\/p>\n","protected":false},"excerpt":{"rendered":"<p>[vc_row css=&#8221;.vc_custom_1675703833533{padding-top: 20px !important;}&#8221;][vc_column width=&#8221;5\/6&#8243;][vc_single_image image=&#8221;8221&#8243; img_size=&#8221;large&#8221; style=&#8221;vc_box_border_circle_2&#8243;][vc_column_text]Fabrizio Grassi Sales Director PAX ITALIA[\/vc_column_text][\/vc_column][vc_column width=&#8221;1\/6&#8243;][vc_single_image image=&#8221;8197&#8243;][\/vc_column][\/vc_row][vc_row][vc_column][vc_column_text] \u00c8 ormai consolidato come sia in atto una forte trasformazione, nel mondo del Retail, che coinvolge in modo particolare il momento finale della customer journey: la fase di pagamento. In che modo le nuove tecnologie possono supportare i retailer nell\u2019abilitazione [&hellip;]<\/p>\n","protected":false},"author":2,"featured_media":0,"parent":0,"menu_order":0,"comment_status":"closed","ping_status":"closed","template":"","meta":{"footnotes":""},"yoast_head":"<!-- This site is optimized with the Yoast SEO plugin v22.8 - https:\/\/yoast.com\/wordpress\/plugins\/seo\/ -->\n<title>Intervista - It&#039;s all RETAIL<\/title>\n<meta name=\"robots\" content=\"index, follow, max-snippet:-1, max-image-preview:large, max-video-preview:-1\" \/>\n<link rel=\"canonical\" href=\"https:\/\/its-all-retail.com\/index.php\/intervista-grassi-pax\/\" \/>\n<meta property=\"og:locale\" content=\"it_IT\" \/>\n<meta property=\"og:type\" content=\"article\" \/>\n<meta property=\"og:title\" content=\"Intervista - It&#039;s all RETAIL\" \/>\n<meta property=\"og:description\" content=\"[vc_row css=&#8221;.vc_custom_1675703833533{padding-top: 20px !important;}&#8221;][vc_column width=&#8221;5\/6&#8243;][vc_single_image image=&#8221;8221&#8243; img_size=&#8221;large&#8221; style=&#8221;vc_box_border_circle_2&#8243;][vc_column_text]Fabrizio Grassi Sales Director PAX ITALIA[\/vc_column_text][\/vc_column][vc_column width=&#8221;1\/6&#8243;][vc_single_image image=&#8221;8197&#8243;][\/vc_column][\/vc_row][vc_row][vc_column][vc_column_text] \u00c8 ormai consolidato come sia in atto una forte trasformazione, nel mondo del Retail, che coinvolge in modo particolare il momento finale della customer journey: la fase di pagamento. In che modo le nuove tecnologie possono supportare i retailer nell\u2019abilitazione [&hellip;]\" \/>\n<meta property=\"og:url\" content=\"https:\/\/its-all-retail.com\/index.php\/intervista-grassi-pax\/\" \/>\n<meta property=\"og:site_name\" content=\"It&#039;s all RETAIL\" \/>\n<meta property=\"article:modified_time\" content=\"2023-03-10T16:33:43+00:00\" \/>\n<meta name=\"twitter:card\" content=\"summary_large_image\" \/>\n<meta name=\"twitter:label1\" content=\"Tempo di lettura stimato\" \/>\n\t<meta name=\"twitter:data1\" content=\"3 minuti\" \/>\n<script type=\"application\/ld+json\" class=\"yoast-schema-graph\">{\"@context\":\"https:\/\/schema.org\",\"@graph\":[{\"@type\":\"WebPage\",\"@id\":\"https:\/\/its-all-retail.com\/index.php\/intervista-grassi-pax\/\",\"url\":\"https:\/\/its-all-retail.com\/index.php\/intervista-grassi-pax\/\",\"name\":\"Intervista - It&#039;s all RETAIL\",\"isPartOf\":{\"@id\":\"https:\/\/its-all-retail.com\/#website\"},\"datePublished\":\"2023-03-10T16:32:40+00:00\",\"dateModified\":\"2023-03-10T16:33:43+00:00\",\"breadcrumb\":{\"@id\":\"https:\/\/its-all-retail.com\/index.php\/intervista-grassi-pax\/#breadcrumb\"},\"inLanguage\":\"it-IT\",\"potentialAction\":[{\"@type\":\"ReadAction\",\"target\":[\"https:\/\/its-all-retail.com\/index.php\/intervista-grassi-pax\/\"]}]},{\"@type\":\"BreadcrumbList\",\"@id\":\"https:\/\/its-all-retail.com\/index.php\/intervista-grassi-pax\/#breadcrumb\",\"itemListElement\":[{\"@type\":\"ListItem\",\"position\":1,\"name\":\"Home\",\"item\":\"https:\/\/its-all-retail.com\/\"},{\"@type\":\"ListItem\",\"position\":2,\"name\":\"Intervista\"}]},{\"@type\":\"WebSite\",\"@id\":\"https:\/\/its-all-retail.com\/#website\",\"url\":\"https:\/\/its-all-retail.com\/\",\"name\":\"It&#039;s all RETAIL\",\"description\":\"Connecting Retailers\",\"potentialAction\":[{\"@type\":\"SearchAction\",\"target\":{\"@type\":\"EntryPoint\",\"urlTemplate\":\"https:\/\/its-all-retail.com\/?s={search_term_string}\"},\"query-input\":\"required name=search_term_string\"}],\"inLanguage\":\"it-IT\"}]}<\/script>\n<!-- \/ Yoast SEO plugin. -->","yoast_head_json":{"title":"Intervista - It&#039;s all RETAIL","robots":{"index":"index","follow":"follow","max-snippet":"max-snippet:-1","max-image-preview":"max-image-preview:large","max-video-preview":"max-video-preview:-1"},"canonical":"https:\/\/its-all-retail.com\/index.php\/intervista-grassi-pax\/","og_locale":"it_IT","og_type":"article","og_title":"Intervista - It&#039;s all RETAIL","og_description":"[vc_row css=&#8221;.vc_custom_1675703833533{padding-top: 20px !important;}&#8221;][vc_column width=&#8221;5\/6&#8243;][vc_single_image image=&#8221;8221&#8243; img_size=&#8221;large&#8221; style=&#8221;vc_box_border_circle_2&#8243;][vc_column_text]Fabrizio Grassi Sales Director PAX ITALIA[\/vc_column_text][\/vc_column][vc_column width=&#8221;1\/6&#8243;][vc_single_image image=&#8221;8197&#8243;][\/vc_column][\/vc_row][vc_row][vc_column][vc_column_text] \u00c8 ormai consolidato come sia in atto una forte trasformazione, nel mondo del Retail, che coinvolge in modo particolare il momento finale della customer journey: la fase di pagamento. In che modo le nuove tecnologie possono supportare i retailer nell\u2019abilitazione [&hellip;]","og_url":"https:\/\/its-all-retail.com\/index.php\/intervista-grassi-pax\/","og_site_name":"It&#039;s all RETAIL","article_modified_time":"2023-03-10T16:33:43+00:00","twitter_card":"summary_large_image","twitter_misc":{"Tempo di lettura stimato":"3 minuti"},"schema":{"@context":"https:\/\/schema.org","@graph":[{"@type":"WebPage","@id":"https:\/\/its-all-retail.com\/index.php\/intervista-grassi-pax\/","url":"https:\/\/its-all-retail.com\/index.php\/intervista-grassi-pax\/","name":"Intervista - It&#039;s all RETAIL","isPartOf":{"@id":"https:\/\/its-all-retail.com\/#website"},"datePublished":"2023-03-10T16:32:40+00:00","dateModified":"2023-03-10T16:33:43+00:00","breadcrumb":{"@id":"https:\/\/its-all-retail.com\/index.php\/intervista-grassi-pax\/#breadcrumb"},"inLanguage":"it-IT","potentialAction":[{"@type":"ReadAction","target":["https:\/\/its-all-retail.com\/index.php\/intervista-grassi-pax\/"]}]},{"@type":"BreadcrumbList","@id":"https:\/\/its-all-retail.com\/index.php\/intervista-grassi-pax\/#breadcrumb","itemListElement":[{"@type":"ListItem","position":1,"name":"Home","item":"https:\/\/its-all-retail.com\/"},{"@type":"ListItem","position":2,"name":"Intervista"}]},{"@type":"WebSite","@id":"https:\/\/its-all-retail.com\/#website","url":"https:\/\/its-all-retail.com\/","name":"It&#039;s all RETAIL","description":"Connecting Retailers","potentialAction":[{"@type":"SearchAction","target":{"@type":"EntryPoint","urlTemplate":"https:\/\/its-all-retail.com\/?s={search_term_string}"},"query-input":"required name=search_term_string"}],"inLanguage":"it-IT"}]}},"_links":{"self":[{"href":"https:\/\/its-all-retail.com\/index.php\/wp-json\/wp\/v2\/pages\/8415"}],"collection":[{"href":"https:\/\/its-all-retail.com\/index.php\/wp-json\/wp\/v2\/pages"}],"about":[{"href":"https:\/\/its-all-retail.com\/index.php\/wp-json\/wp\/v2\/types\/page"}],"author":[{"embeddable":true,"href":"https:\/\/its-all-retail.com\/index.php\/wp-json\/wp\/v2\/users\/2"}],"replies":[{"embeddable":true,"href":"https:\/\/its-all-retail.com\/index.php\/wp-json\/wp\/v2\/comments?post=8415"}],"version-history":[{"count":3,"href":"https:\/\/its-all-retail.com\/index.php\/wp-json\/wp\/v2\/pages\/8415\/revisions"}],"predecessor-version":[{"id":8419,"href":"https:\/\/its-all-retail.com\/index.php\/wp-json\/wp\/v2\/pages\/8415\/revisions\/8419"}],"wp:attachment":[{"href":"https:\/\/its-all-retail.com\/index.php\/wp-json\/wp\/v2\/media?parent=8415"}],"curies":[{"name":"wp","href":"https:\/\/api.w.org\/{rel}","templated":true}]}}