{"id":8230,"date":"2023-02-10T17:26:26","date_gmt":"2023-02-10T16:26:26","guid":{"rendered":"http:\/\/its-all-retail.com\/?page_id=8230"},"modified":"2023-02-10T17:30:56","modified_gmt":"2023-02-10T16:30:56","slug":"salmistraro-soldo","status":"publish","type":"page","link":"https:\/\/its-all-retail.com\/index.php\/salmistraro-soldo\/","title":{"rendered":"Intervista"},"content":{"rendered":"<p>[vc_row css=&#8221;.vc_custom_1675703833533{padding-top: 20px !important;}&#8221;][vc_column width=&#8221;5\/6&#8243;][vc_single_image image=&#8221;8090&#8243; img_size=&#8221;large&#8221; style=&#8221;vc_box_border_circle_2&#8243;][vc_column_text]<strong>Davide Salmistraro <\/strong>Italy Country Manager\u00a0<strong>SOLDO<\/strong>[\/vc_column_text][\/vc_column][vc_column width=&#8221;1\/6&#8243;][vc_single_image image=&#8221;8197&#8243;][\/vc_column][\/vc_row][vc_row][vc_column][vc_column_text]<\/p>\n<h2><span style=\"color: #333333;\"><strong>Che evoluzioni tecnologiche sono possibili per il mondo del retail sotto il profilo finanziario?<\/strong><\/span><\/h2>\n<p>Il mondo variegato del retail \u00e8 a tutti gli effetti assimilabile, nei suoi fondamentali, al mondo tradizionale delle imprese quando si tratta di gestione finanziaria: incassare denaro e spenderlo, con le due voci di entrate e uscite, profitti e perdite, fatturati e spese. Spendere per\u00f2 \u00e8 decisamente pi\u00f9 complesso: ogni decisione di spesa deve essere motivata da ragioni di business e gestita a livello amministrativo in modo preciso, seguendone tutti i passaggi. In Italia il 45% delle attivit\u00e0 di tenuta dei libri paga, il 49% di quelle di rilascio e gestione di ricevute\/fatture e il 41% dell&#8217;integrazione dei dati nei sistemi contabili viene ancora effettuato a mano. \u00a0I retailer oggi devono gestire pi\u00f9 budget in pi\u00f9 sedi, affrontando imprevisti, un mondo sempre pi\u00f9 cashless e un forte endemico turnover di staff. Questo pu\u00f2 rendere difficile avere una visione accurata delle spese o gestire efficacemente il flusso di cassa, soprattutto quando diversi team e soggetti differenti pagano con contanti.<\/p>\n<p>Una soluzione come la nostra, Soldo, risponde alla complessit\u00e0 della gestione di questi costi: consente ai retailer di controllare le spese dei dipendenti, quelle dei diversi negozi in ogni geografia e quelle dell&#8217;azienda in un unico luogo, evitando il caos causato dai processi manuali: un anello tecnologico e user-friendly capace di portare efficienza in ogni fase della catena, dalla decisione all&#8217;esecuzione fino alla riconciliazione, superando processi spesso lenti, manuali e ripetitivi.<\/p>\n<p>La nostra piattaforma \u00e8 capace di integrarsi con tutti i sistemi aziendali: software di contabilit\u00e0, software di gestione note spese e cos\u00ec permettere ad ogni insegna, ovunque sia presente nel mondo, di essere pi\u00f9 efficiente senza compromessi in termini di tracciamento dei flussi finanziari e di sicurezza delle operazioni.<\/p>\n<p>Dalla decisione su come allocare i fondi su progetti e per singola insegna fino alla esecuzione dei pagamenti con carta, dalla classificazione e riconciliazione automatica delle transazioni fino all\u2019integrazione con le piattaforme di contabilit\u00e0, Soldo fornisce in modo semplice e intuitivo una visione completa ed integrata della spesa per l\u2019intera organizzazione: consente a dipendenti e dipartimenti di effettuare acquisti, dalla pubblicit\u00e0 ai software, dalle spese di viaggio all&#8217;e-commerce; controlla i costi impostando budget personalizzati e monitora le transazioni in tempo reale; si integra con i software di contabilit\u00e0 per automatizzare i report e risparmiare ore di lavoro; offre carte prepagate aziendali con budget e regole predefinite; automatizza la contabilit\u00e0 grazie all&#8217;esportazione di dati accurati su qualsiasi sistema in un paio di clic; velocizza la gestione dei pagamenti occasionali e i rischi dovuti alla condivisione delle carte aziendali emettendo carte virtuali monouso per i dipendenti.<\/p>\n<p>&nbsp;<\/p>\n<h2><span style=\"color: #333333;\"><strong>Ci fa qualche esempio in concreto dei vantaggi?<\/strong><\/span><\/h2>\n<p>Facciamo l\u2019esempio di un cliente del mondo fashion, internazionale, che utilizza le nostre carte per gestire tutte le trasferte dei propri dipendenti, con un processo pienamente integrato con il sistema di nota spese utilizzato. In pi\u00f9, ha decine di carte aziendali che vengono utilizzate per la gestione della piccola cassa in ognuno dei negozi retail sparsi in tutto il mondo: ogni carta \u00e8 assegnata ad uno store manager che pu\u00f2 effettuare gli acquisti senza utilizzare il contante cash in cassa, semplificando molto la rendicontazione interna e assicurando una tracciatura perfetta di ogni spesa e di ogni acquirente.<\/p>\n<p>La supervisione di pi\u00f9 negozi o filiali rende pi\u00f9 complicata la gestione delle spese e tenere traccia delle spese diventa pi\u00f9 difficile quando le persone si trovano in edifici diversi, senza considerare che spostare il denaro richiede tempo ed \u00e8 inefficiente.<\/p>\n<p>Sostituire i contanti con le carte di pagamento di Soldo rende tutto automatizzato, tracciato e sicuro. Molti retailer si affidano ancora ai contanti per acquistare le necessit\u00e0 quotidiane: ma questo aggiunge rischi e rende pi\u00f9 probabili gli errori amministrativi, richiedendo conteggi plurimi e tempo. Inoltre, i negozi sono sempre pi\u00f9 cashless, e questo \u00e8 un altro aspetto da non trascurare.<\/p>\n<p>Soldo offre un&#8217;alternativa pi\u00f9 sicura e flessibile. Utilizzando le carte Soldo, i team hanno sempre a disposizione i fondi quando ne hanno bisogno. Ed \u00e8 impossibile che il denaro scompaia. Le carte prepagate offrono ai dipendenti la flessibilit\u00e0 di acquistare ci\u00f2 di cui hanno bisogno, quando ne hanno bisogno, mentre i team finanziari mantengono il controllo delle spese grazie a facili controlli. Inoltre, le carte possono essere intestate a singoli soggetti o a ruoli aziendali o ancora a dipartimenti, il che significa che ogni negozio pu\u00f2 avere la propria carta per funzione di servizio, bypassando cos\u00ec il problema tipico del retail dell\u2019alto turnover di personale. Chi \u00e8 autorizzato, effettua l\u2019acquisto e scatta una foto alla ricevuta o scontrino, aggiungendo l&#8217;IVA e una categoria di spesa. I vantaggi sono indubbi: Hai un imprevisto nel negozio di New York? Dalla sede centrale, sette giorni su sette, il team di finanza &amp; controllo pu\u00f2 fare un trasferimento di denaro immediato, che arriva nel tempo di un clic dall\u2019altra parte del mondo, per fare fronte ad una spesa tanto imprevista quanto necessaria. Oppure come essere sicuri che i dati e i fondi della carta aziendale siano gestiti al meglio dall\u2019agenzia o dal freelance esterno che si occupa della promozione del punto vendita investendo in geomarketing? Con Soldo tutto \u00e8 facile, personalizzabile, sicuro e trasparente.<\/p>\n<p>In pi\u00f9 il nostro sistema permette di eliminare la maggior parte dei giustificativi cartacei: le copie digitali dei giustificativi sono salvati all\u2019interno del sistema di conservazione sostitutiva, con gli stessi contenuti di quella fisica e piena validit\u00e0 legale. Anche la ricerca, eseguibile per anno fiscale, data o mese, nominativo di colui che ha effettuato la spesa, voce di spesa o sua descrizione, rende facile l\u2019accesso ai dati conservati che rimarranno presenti e disponibili per 10 anni dal loro inserimento nel sistema.[\/vc_column_text][\/vc_column][\/vc_row]<\/p>\n","protected":false},"excerpt":{"rendered":"<p>[vc_row css=&#8221;.vc_custom_1675703833533{padding-top: 20px !important;}&#8221;][vc_column width=&#8221;5\/6&#8243;][vc_single_image image=&#8221;8090&#8243; img_size=&#8221;large&#8221; style=&#8221;vc_box_border_circle_2&#8243;][vc_column_text]Davide Salmistraro Italy Country Manager\u00a0SOLDO[\/vc_column_text][\/vc_column][vc_column width=&#8221;1\/6&#8243;][vc_single_image image=&#8221;8197&#8243;][\/vc_column][\/vc_row][vc_row][vc_column][vc_column_text] Che evoluzioni tecnologiche sono possibili per il mondo del retail sotto il profilo finanziario? Il mondo variegato del retail \u00e8 a tutti gli effetti assimilabile, nei suoi fondamentali, al mondo tradizionale delle imprese quando si tratta di gestione finanziaria: incassare denaro [&hellip;]<\/p>\n","protected":false},"author":2,"featured_media":0,"parent":0,"menu_order":0,"comment_status":"closed","ping_status":"closed","template":"","meta":{"footnotes":""},"yoast_head":"<!-- This site is optimized with the Yoast SEO plugin v22.8 - https:\/\/yoast.com\/wordpress\/plugins\/seo\/ -->\n<title>Intervista - It&#039;s all RETAIL<\/title>\n<meta name=\"robots\" content=\"index, follow, max-snippet:-1, max-image-preview:large, max-video-preview:-1\" \/>\n<link rel=\"canonical\" href=\"https:\/\/its-all-retail.com\/index.php\/salmistraro-soldo\/\" \/>\n<meta property=\"og:locale\" content=\"it_IT\" \/>\n<meta property=\"og:type\" content=\"article\" \/>\n<meta property=\"og:title\" content=\"Intervista - It&#039;s all RETAIL\" \/>\n<meta property=\"og:description\" content=\"[vc_row css=&#8221;.vc_custom_1675703833533{padding-top: 20px !important;}&#8221;][vc_column width=&#8221;5\/6&#8243;][vc_single_image image=&#8221;8090&#8243; img_size=&#8221;large&#8221; style=&#8221;vc_box_border_circle_2&#8243;][vc_column_text]Davide Salmistraro Italy Country Manager\u00a0SOLDO[\/vc_column_text][\/vc_column][vc_column width=&#8221;1\/6&#8243;][vc_single_image image=&#8221;8197&#8243;][\/vc_column][\/vc_row][vc_row][vc_column][vc_column_text] Che evoluzioni tecnologiche sono possibili per il mondo del retail sotto il profilo finanziario? Il mondo variegato del retail \u00e8 a tutti gli effetti assimilabile, nei suoi fondamentali, al mondo tradizionale delle imprese quando si tratta di gestione finanziaria: incassare denaro [&hellip;]\" \/>\n<meta property=\"og:url\" content=\"https:\/\/its-all-retail.com\/index.php\/salmistraro-soldo\/\" \/>\n<meta property=\"og:site_name\" content=\"It&#039;s all RETAIL\" \/>\n<meta property=\"article:modified_time\" content=\"2023-02-10T16:30:56+00:00\" \/>\n<meta name=\"twitter:card\" content=\"summary_large_image\" \/>\n<meta name=\"twitter:label1\" content=\"Tempo di lettura stimato\" \/>\n\t<meta name=\"twitter:data1\" content=\"5 minuti\" \/>\n<script type=\"application\/ld+json\" class=\"yoast-schema-graph\">{\"@context\":\"https:\/\/schema.org\",\"@graph\":[{\"@type\":\"WebPage\",\"@id\":\"https:\/\/its-all-retail.com\/index.php\/salmistraro-soldo\/\",\"url\":\"https:\/\/its-all-retail.com\/index.php\/salmistraro-soldo\/\",\"name\":\"Intervista - It&#039;s all RETAIL\",\"isPartOf\":{\"@id\":\"https:\/\/its-all-retail.com\/#website\"},\"datePublished\":\"2023-02-10T16:26:26+00:00\",\"dateModified\":\"2023-02-10T16:30:56+00:00\",\"breadcrumb\":{\"@id\":\"https:\/\/its-all-retail.com\/index.php\/salmistraro-soldo\/#breadcrumb\"},\"inLanguage\":\"it-IT\",\"potentialAction\":[{\"@type\":\"ReadAction\",\"target\":[\"https:\/\/its-all-retail.com\/index.php\/salmistraro-soldo\/\"]}]},{\"@type\":\"BreadcrumbList\",\"@id\":\"https:\/\/its-all-retail.com\/index.php\/salmistraro-soldo\/#breadcrumb\",\"itemListElement\":[{\"@type\":\"ListItem\",\"position\":1,\"name\":\"Home\",\"item\":\"https:\/\/its-all-retail.com\/\"},{\"@type\":\"ListItem\",\"position\":2,\"name\":\"Intervista\"}]},{\"@type\":\"WebSite\",\"@id\":\"https:\/\/its-all-retail.com\/#website\",\"url\":\"https:\/\/its-all-retail.com\/\",\"name\":\"It&#039;s all RETAIL\",\"description\":\"Connecting Retailers\",\"potentialAction\":[{\"@type\":\"SearchAction\",\"target\":{\"@type\":\"EntryPoint\",\"urlTemplate\":\"https:\/\/its-all-retail.com\/?s={search_term_string}\"},\"query-input\":\"required name=search_term_string\"}],\"inLanguage\":\"it-IT\"}]}<\/script>\n<!-- \/ Yoast SEO plugin. -->","yoast_head_json":{"title":"Intervista - It&#039;s all RETAIL","robots":{"index":"index","follow":"follow","max-snippet":"max-snippet:-1","max-image-preview":"max-image-preview:large","max-video-preview":"max-video-preview:-1"},"canonical":"https:\/\/its-all-retail.com\/index.php\/salmistraro-soldo\/","og_locale":"it_IT","og_type":"article","og_title":"Intervista - It&#039;s all RETAIL","og_description":"[vc_row css=&#8221;.vc_custom_1675703833533{padding-top: 20px !important;}&#8221;][vc_column width=&#8221;5\/6&#8243;][vc_single_image image=&#8221;8090&#8243; img_size=&#8221;large&#8221; style=&#8221;vc_box_border_circle_2&#8243;][vc_column_text]Davide Salmistraro Italy Country Manager\u00a0SOLDO[\/vc_column_text][\/vc_column][vc_column width=&#8221;1\/6&#8243;][vc_single_image image=&#8221;8197&#8243;][\/vc_column][\/vc_row][vc_row][vc_column][vc_column_text] Che evoluzioni tecnologiche sono possibili per il mondo del retail sotto il profilo finanziario? Il mondo variegato del retail \u00e8 a tutti gli effetti assimilabile, nei suoi fondamentali, al mondo tradizionale delle imprese quando si tratta di gestione finanziaria: incassare denaro [&hellip;]","og_url":"https:\/\/its-all-retail.com\/index.php\/salmistraro-soldo\/","og_site_name":"It&#039;s all RETAIL","article_modified_time":"2023-02-10T16:30:56+00:00","twitter_card":"summary_large_image","twitter_misc":{"Tempo di lettura stimato":"5 minuti"},"schema":{"@context":"https:\/\/schema.org","@graph":[{"@type":"WebPage","@id":"https:\/\/its-all-retail.com\/index.php\/salmistraro-soldo\/","url":"https:\/\/its-all-retail.com\/index.php\/salmistraro-soldo\/","name":"Intervista - It&#039;s all RETAIL","isPartOf":{"@id":"https:\/\/its-all-retail.com\/#website"},"datePublished":"2023-02-10T16:26:26+00:00","dateModified":"2023-02-10T16:30:56+00:00","breadcrumb":{"@id":"https:\/\/its-all-retail.com\/index.php\/salmistraro-soldo\/#breadcrumb"},"inLanguage":"it-IT","potentialAction":[{"@type":"ReadAction","target":["https:\/\/its-all-retail.com\/index.php\/salmistraro-soldo\/"]}]},{"@type":"BreadcrumbList","@id":"https:\/\/its-all-retail.com\/index.php\/salmistraro-soldo\/#breadcrumb","itemListElement":[{"@type":"ListItem","position":1,"name":"Home","item":"https:\/\/its-all-retail.com\/"},{"@type":"ListItem","position":2,"name":"Intervista"}]},{"@type":"WebSite","@id":"https:\/\/its-all-retail.com\/#website","url":"https:\/\/its-all-retail.com\/","name":"It&#039;s all RETAIL","description":"Connecting Retailers","potentialAction":[{"@type":"SearchAction","target":{"@type":"EntryPoint","urlTemplate":"https:\/\/its-all-retail.com\/?s={search_term_string}"},"query-input":"required name=search_term_string"}],"inLanguage":"it-IT"}]}},"_links":{"self":[{"href":"https:\/\/its-all-retail.com\/index.php\/wp-json\/wp\/v2\/pages\/8230"}],"collection":[{"href":"https:\/\/its-all-retail.com\/index.php\/wp-json\/wp\/v2\/pages"}],"about":[{"href":"https:\/\/its-all-retail.com\/index.php\/wp-json\/wp\/v2\/types\/page"}],"author":[{"embeddable":true,"href":"https:\/\/its-all-retail.com\/index.php\/wp-json\/wp\/v2\/users\/2"}],"replies":[{"embeddable":true,"href":"https:\/\/its-all-retail.com\/index.php\/wp-json\/wp\/v2\/comments?post=8230"}],"version-history":[{"count":4,"href":"https:\/\/its-all-retail.com\/index.php\/wp-json\/wp\/v2\/pages\/8230\/revisions"}],"predecessor-version":[{"id":8236,"href":"https:\/\/its-all-retail.com\/index.php\/wp-json\/wp\/v2\/pages\/8230\/revisions\/8236"}],"wp:attachment":[{"href":"https:\/\/its-all-retail.com\/index.php\/wp-json\/wp\/v2\/media?parent=8230"}],"curies":[{"name":"wp","href":"https:\/\/api.w.org\/{rel}","templated":true}]}}