{"id":7627,"date":"2022-06-16T16:33:59","date_gmt":"2022-06-16T14:33:59","guid":{"rendered":"http:\/\/its-all-retail.com\/?page_id=7627"},"modified":"2022-06-16T16:36:25","modified_gmt":"2022-06-16T14:36:25","slug":"intervista-lieto-contactlab","status":"publish","type":"page","link":"https:\/\/its-all-retail.com\/index.php\/intervista-lieto-contactlab\/","title":{"rendered":"intervista Lieto CONTACTLAB"},"content":{"rendered":"<p><img loading=\"lazy\" decoding=\"async\" class=\"size-full wp-image-7548 alignleft\" src=\"http:\/\/its-all-retail.com\/wp-content\/uploads\/2022\/06\/LIETO.jpg\" alt=\"\" width=\"200\" height=\"200\" srcset=\"https:\/\/its-all-retail.com\/wp-content\/uploads\/2022\/06\/LIETO.jpg 200w, https:\/\/its-all-retail.com\/wp-content\/uploads\/2022\/06\/LIETO-150x150.jpg 150w\" sizes=\"(max-width: 200px) 100vw, 200px\" \/><\/p>\n<h1><\/h1>\n<p>&nbsp;<\/p>\n<h1><span style=\"color: #3366ff;\">Intervista<\/span><\/h1>\n<p><strong>Stefano Lieto<\/strong> Business Unit Director \u00a0<strong>CONTACTLAB<\/strong><\/p>\n<p>&nbsp;<\/p>\n<p>&nbsp;<\/p>\n<p>&nbsp;<\/p>\n<h2><span style=\"color: #3366ff;\"><strong>Come giustifica l\u2019impennata dei programmi loyalty negli ultimi mesi? <\/strong><\/span><\/h2>\n<p>Partirei da due dati di fatto: il primo riguarda la privacy dei consumatori.<\/p>\n<p>Siamo nell\u2019era cookieless \u2013 una rivoluzione che ha cambiato e sta cambiando il modo di fare engagement. L\u2019eliminazione dei cookies di terze parti su cui si basa l\u2019advertising pone le aziende nella condizione di correre ai ripari e puntare non solo sui <em>first party data<\/em>, ossia quei dati di comportamento raccolti sui propri touchpoint, ma anche sui <em>zero party data<\/em>, cio\u00e8 quei dati che l\u2019utente sceglie di rilasciare intenzionalmente a fronte di un incentivo. La loyalty diventa quindi l\u2019asset fondamentale non solo per la retention e l\u2019incentivazione, ma anche per l\u2019acquisizione di nuovi customer.<\/p>\n<p>Il secondo dato di cui tener conto riguarda l\u2019evoluzione del concetto di loyalty, inteso non pi\u00f9 come la \u201craccolta punti\u201d bens\u00ec come un\u2019experience omnicanale dove il brand \u00e8 al centro di una relazione fluida, basata su uno scambio di informazioni bidirezionale che pone utente e brand in un rapporto quasi esclusivo e confidenziale.<\/p>\n<p>&nbsp;<\/p>\n<h2><span style=\"color: #3366ff;\"><strong>Da Email Service Provider a societ\u00e0 di servizi con una forte componente loyalty. Come descrive questa trasformazione di Contactlab? <\/strong><\/span><\/h2>\n<p>Contactlab \u00e8 un\u2019azienda che ha saputo cambiare pelle negli anni costruendo un\u2019offerta capace di soddisfare le esigenze in continua maturazione del mercato e dei clienti. Su questo fronte l\u2019evoluzione \u00e8 stata agevolata dalle potenzialit\u00e0 della nostra Marketing Cloud, che non dimentichiamoci ha una Customer Data Platform quale cuore pulsante, la migliore tecnologia per poter conoscere a fondo i nostri consumatori. Noi non creiamo soltanto programmi loyalty, ma veri e propri programmi di engagement ad alto impatto sulle revenues.<\/p>\n<p>&nbsp;<\/p>\n<h2><span style=\"color: #3366ff;\"><strong>Su cosa si basa la vostra offerta?<\/strong><\/span><\/h2>\n<p>Abbiamo sviluppato un framework che fornisce un\u2019infrastruttura perfettamente integrabile alle principali fonti dato (es. sistema di cassa, ecommerce), e dal quale poter azionare uno o pi\u00f9 meccaniche loyalty. Da quelle pi\u00f9 tattiche che lavorano su contest e couponing a quelle pi\u00f9 strategiche e complesse che lavorano sulla raccolta punti, calcolo cashback, svolgimento di missioni con redenzione premi o servizi.<\/p>\n<p>Alla componente TECH affianchiamo l\u2019esperienza di un team eterogeneo composto da data analyst, per la produzione di business case , insight qualitativi e monitoring delle performance &#8211; e da strategist, per la definizione di meccanica e premi. \u00a0Naturalmente seguiamo anche tutta la parte di operations e di sviluppo del piano di contatto (lyfecycle e promo dedicate). Tutto sempre in linea con KPI e obiettivi dei nostri clienti.<\/p>\n<p>&nbsp;<\/p>\n<h2><span style=\"color: #3366ff;\"><strong>Risultati ad oggi raggiunti?<\/strong><\/span><\/h2>\n<p>In pochi anni abbiamo costruito programmi dal nulla, contribuito ad evolvere programmi gi\u00e0 esistenti e lanciato programmi di successo in Italia, anche all\u2019estero.<\/p>\n<p>&nbsp;<\/p>\n<h2><span style=\"color: #3366ff;\"><strong>Qualche nome di brand che si sono affidati a voi?<\/strong><\/span><\/h2>\n<p>Eataly, Scalo Milano, Primadonna, Stroili, Dodo, Pandora, per citare quelli pi\u00f9 importanti.<\/p>\n<p>&nbsp;<\/p>\n<p>&nbsp;<\/p>\n","protected":false},"excerpt":{"rendered":"<p>&nbsp; Intervista Stefano Lieto Business Unit Director \u00a0CONTACTLAB &nbsp; &nbsp; &nbsp; Come giustifica l\u2019impennata dei programmi loyalty negli ultimi mesi? Partirei da due dati di fatto: il primo riguarda la privacy dei consumatori. Siamo nell\u2019era cookieless \u2013 una rivoluzione che ha cambiato e sta cambiando il modo di fare engagement. L\u2019eliminazione dei cookies di terze [&hellip;]<\/p>\n","protected":false},"author":2,"featured_media":0,"parent":0,"menu_order":0,"comment_status":"closed","ping_status":"closed","template":"","meta":{"footnotes":""},"yoast_head":"<!-- This site is optimized with the Yoast SEO plugin v22.8 - https:\/\/yoast.com\/wordpress\/plugins\/seo\/ -->\n<title>intervista Lieto CONTACTLAB - It&#039;s all RETAIL<\/title>\n<meta name=\"robots\" content=\"index, follow, max-snippet:-1, max-image-preview:large, max-video-preview:-1\" \/>\n<link rel=\"canonical\" href=\"https:\/\/its-all-retail.com\/index.php\/intervista-lieto-contactlab\/\" \/>\n<meta property=\"og:locale\" content=\"it_IT\" \/>\n<meta property=\"og:type\" content=\"article\" \/>\n<meta property=\"og:title\" content=\"intervista Lieto CONTACTLAB - It&#039;s all RETAIL\" \/>\n<meta property=\"og:description\" content=\"&nbsp; Intervista Stefano Lieto Business Unit Director \u00a0CONTACTLAB &nbsp; &nbsp; &nbsp; Come giustifica l\u2019impennata dei programmi loyalty negli ultimi mesi? Partirei da due dati di fatto: il primo riguarda la privacy dei consumatori. Siamo nell\u2019era cookieless \u2013 una rivoluzione che ha cambiato e sta cambiando il modo di fare engagement. L\u2019eliminazione dei cookies di terze [&hellip;]\" \/>\n<meta property=\"og:url\" content=\"https:\/\/its-all-retail.com\/index.php\/intervista-lieto-contactlab\/\" \/>\n<meta property=\"og:site_name\" content=\"It&#039;s all RETAIL\" \/>\n<meta property=\"article:modified_time\" content=\"2022-06-16T14:36:25+00:00\" \/>\n<meta property=\"og:image\" content=\"http:\/\/its-all-retail.com\/wp-content\/uploads\/2022\/06\/LIETO.jpg\" \/>\n<meta name=\"twitter:card\" content=\"summary_large_image\" \/>\n<meta name=\"twitter:label1\" content=\"Tempo di lettura stimato\" \/>\n\t<meta name=\"twitter:data1\" content=\"2 minuti\" \/>\n<script type=\"application\/ld+json\" class=\"yoast-schema-graph\">{\"@context\":\"https:\/\/schema.org\",\"@graph\":[{\"@type\":\"WebPage\",\"@id\":\"https:\/\/its-all-retail.com\/index.php\/intervista-lieto-contactlab\/\",\"url\":\"https:\/\/its-all-retail.com\/index.php\/intervista-lieto-contactlab\/\",\"name\":\"intervista Lieto CONTACTLAB - It&#039;s all RETAIL\",\"isPartOf\":{\"@id\":\"https:\/\/its-all-retail.com\/#website\"},\"primaryImageOfPage\":{\"@id\":\"https:\/\/its-all-retail.com\/index.php\/intervista-lieto-contactlab\/#primaryimage\"},\"image\":{\"@id\":\"https:\/\/its-all-retail.com\/index.php\/intervista-lieto-contactlab\/#primaryimage\"},\"thumbnailUrl\":\"http:\/\/its-all-retail.com\/wp-content\/uploads\/2022\/06\/LIETO.jpg\",\"datePublished\":\"2022-06-16T14:33:59+00:00\",\"dateModified\":\"2022-06-16T14:36:25+00:00\",\"breadcrumb\":{\"@id\":\"https:\/\/its-all-retail.com\/index.php\/intervista-lieto-contactlab\/#breadcrumb\"},\"inLanguage\":\"it-IT\",\"potentialAction\":[{\"@type\":\"ReadAction\",\"target\":[\"https:\/\/its-all-retail.com\/index.php\/intervista-lieto-contactlab\/\"]}]},{\"@type\":\"ImageObject\",\"inLanguage\":\"it-IT\",\"@id\":\"https:\/\/its-all-retail.com\/index.php\/intervista-lieto-contactlab\/#primaryimage\",\"url\":\"http:\/\/its-all-retail.com\/wp-content\/uploads\/2022\/06\/LIETO.jpg\",\"contentUrl\":\"http:\/\/its-all-retail.com\/wp-content\/uploads\/2022\/06\/LIETO.jpg\"},{\"@type\":\"BreadcrumbList\",\"@id\":\"https:\/\/its-all-retail.com\/index.php\/intervista-lieto-contactlab\/#breadcrumb\",\"itemListElement\":[{\"@type\":\"ListItem\",\"position\":1,\"name\":\"Home\",\"item\":\"https:\/\/its-all-retail.com\/\"},{\"@type\":\"ListItem\",\"position\":2,\"name\":\"intervista Lieto CONTACTLAB\"}]},{\"@type\":\"WebSite\",\"@id\":\"https:\/\/its-all-retail.com\/#website\",\"url\":\"https:\/\/its-all-retail.com\/\",\"name\":\"It&#039;s all RETAIL\",\"description\":\"Connecting Retailers\",\"potentialAction\":[{\"@type\":\"SearchAction\",\"target\":{\"@type\":\"EntryPoint\",\"urlTemplate\":\"https:\/\/its-all-retail.com\/?s={search_term_string}\"},\"query-input\":\"required name=search_term_string\"}],\"inLanguage\":\"it-IT\"}]}<\/script>\n<!-- \/ Yoast SEO plugin. -->","yoast_head_json":{"title":"intervista Lieto CONTACTLAB - It&#039;s all RETAIL","robots":{"index":"index","follow":"follow","max-snippet":"max-snippet:-1","max-image-preview":"max-image-preview:large","max-video-preview":"max-video-preview:-1"},"canonical":"https:\/\/its-all-retail.com\/index.php\/intervista-lieto-contactlab\/","og_locale":"it_IT","og_type":"article","og_title":"intervista Lieto CONTACTLAB - It&#039;s all RETAIL","og_description":"&nbsp; Intervista Stefano Lieto Business Unit Director \u00a0CONTACTLAB &nbsp; &nbsp; &nbsp; Come giustifica l\u2019impennata dei programmi loyalty negli ultimi mesi? Partirei da due dati di fatto: il primo riguarda la privacy dei consumatori. Siamo nell\u2019era cookieless \u2013 una rivoluzione che ha cambiato e sta cambiando il modo di fare engagement. L\u2019eliminazione dei cookies di terze [&hellip;]","og_url":"https:\/\/its-all-retail.com\/index.php\/intervista-lieto-contactlab\/","og_site_name":"It&#039;s all RETAIL","article_modified_time":"2022-06-16T14:36:25+00:00","og_image":[{"url":"http:\/\/its-all-retail.com\/wp-content\/uploads\/2022\/06\/LIETO.jpg"}],"twitter_card":"summary_large_image","twitter_misc":{"Tempo di lettura stimato":"2 minuti"},"schema":{"@context":"https:\/\/schema.org","@graph":[{"@type":"WebPage","@id":"https:\/\/its-all-retail.com\/index.php\/intervista-lieto-contactlab\/","url":"https:\/\/its-all-retail.com\/index.php\/intervista-lieto-contactlab\/","name":"intervista Lieto CONTACTLAB - It&#039;s all RETAIL","isPartOf":{"@id":"https:\/\/its-all-retail.com\/#website"},"primaryImageOfPage":{"@id":"https:\/\/its-all-retail.com\/index.php\/intervista-lieto-contactlab\/#primaryimage"},"image":{"@id":"https:\/\/its-all-retail.com\/index.php\/intervista-lieto-contactlab\/#primaryimage"},"thumbnailUrl":"http:\/\/its-all-retail.com\/wp-content\/uploads\/2022\/06\/LIETO.jpg","datePublished":"2022-06-16T14:33:59+00:00","dateModified":"2022-06-16T14:36:25+00:00","breadcrumb":{"@id":"https:\/\/its-all-retail.com\/index.php\/intervista-lieto-contactlab\/#breadcrumb"},"inLanguage":"it-IT","potentialAction":[{"@type":"ReadAction","target":["https:\/\/its-all-retail.com\/index.php\/intervista-lieto-contactlab\/"]}]},{"@type":"ImageObject","inLanguage":"it-IT","@id":"https:\/\/its-all-retail.com\/index.php\/intervista-lieto-contactlab\/#primaryimage","url":"http:\/\/its-all-retail.com\/wp-content\/uploads\/2022\/06\/LIETO.jpg","contentUrl":"http:\/\/its-all-retail.com\/wp-content\/uploads\/2022\/06\/LIETO.jpg"},{"@type":"BreadcrumbList","@id":"https:\/\/its-all-retail.com\/index.php\/intervista-lieto-contactlab\/#breadcrumb","itemListElement":[{"@type":"ListItem","position":1,"name":"Home","item":"https:\/\/its-all-retail.com\/"},{"@type":"ListItem","position":2,"name":"intervista Lieto CONTACTLAB"}]},{"@type":"WebSite","@id":"https:\/\/its-all-retail.com\/#website","url":"https:\/\/its-all-retail.com\/","name":"It&#039;s all RETAIL","description":"Connecting Retailers","potentialAction":[{"@type":"SearchAction","target":{"@type":"EntryPoint","urlTemplate":"https:\/\/its-all-retail.com\/?s={search_term_string}"},"query-input":"required name=search_term_string"}],"inLanguage":"it-IT"}]}},"_links":{"self":[{"href":"https:\/\/its-all-retail.com\/index.php\/wp-json\/wp\/v2\/pages\/7627"}],"collection":[{"href":"https:\/\/its-all-retail.com\/index.php\/wp-json\/wp\/v2\/pages"}],"about":[{"href":"https:\/\/its-all-retail.com\/index.php\/wp-json\/wp\/v2\/types\/page"}],"author":[{"embeddable":true,"href":"https:\/\/its-all-retail.com\/index.php\/wp-json\/wp\/v2\/users\/2"}],"replies":[{"embeddable":true,"href":"https:\/\/its-all-retail.com\/index.php\/wp-json\/wp\/v2\/comments?post=7627"}],"version-history":[{"count":5,"href":"https:\/\/its-all-retail.com\/index.php\/wp-json\/wp\/v2\/pages\/7627\/revisions"}],"predecessor-version":[{"id":7629,"href":"https:\/\/its-all-retail.com\/index.php\/wp-json\/wp\/v2\/pages\/7627\/revisions\/7629"}],"wp:attachment":[{"href":"https:\/\/its-all-retail.com\/index.php\/wp-json\/wp\/v2\/media?parent=7627"}],"curies":[{"name":"wp","href":"https:\/\/api.w.org\/{rel}","templated":true}]}}