{"id":7453,"date":"2022-04-27T12:49:51","date_gmt":"2022-04-27T10:49:51","guid":{"rendered":"http:\/\/its-all-retail.com\/?page_id=7453"},"modified":"2022-04-27T12:50:52","modified_gmt":"2022-04-27T10:50:52","slug":"intervista-enel-x-global-retail","status":"publish","type":"page","link":"https:\/\/its-all-retail.com\/index.php\/intervista-enel-x-global-retail\/","title":{"rendered":"intervista Enel X Global Retail"},"content":{"rendered":"<p><img loading=\"lazy\" decoding=\"async\" class=\"size-full wp-image-6575 alignleft\" src=\"http:\/\/its-all-retail.com\/wp-content\/uploads\/2021\/06\/LAUDICINA.jpg\" alt=\"\" width=\"200\" height=\"200\" srcset=\"https:\/\/its-all-retail.com\/wp-content\/uploads\/2021\/06\/LAUDICINA.jpg 200w, https:\/\/its-all-retail.com\/wp-content\/uploads\/2021\/06\/LAUDICINA-150x150.jpg 150w\" sizes=\"(max-width: 200px) 100vw, 200px\" \/><\/p>\n<h1><\/h1>\n<p>&nbsp;<\/p>\n<h1><span style=\"color: #3366ff;\">Intervista<\/span><\/h1>\n<p><strong>Giuseppe Laudicina<\/strong> Customer Insights Technical Sales <strong>Enel X Global Retail<\/strong><\/p>\n<p>&nbsp;<\/p>\n<p>&nbsp;<\/p>\n<p>&nbsp;<\/p>\n<h2><span style=\"color: #3366ff;\"><strong>Esiste un modo per trasformare il monitoraggio dei consumi in effettiva riduzione dei consumi?<\/strong><\/span><\/h2>\n<p>Le soluzioni di monitoraggio dei consumi sono sempre pi\u00f9 diffuse sia in ambito industriale che terziario ma certe volte non \u00e8 ancora chiaro come \u201cusarle\u201d per risparmiare sulle bollette. Mai come in questo periodo storico, in cui il costo dell\u2019energia ha un fortissimo impatto economico sul bilancio d\u2019azienda, la lotta agli sprechi energetici \u00e8 una questione da affrontare con la massima urgenza. Enel X ha messo a punto un servizio che permette di identificare e attaccare le inefficienze esclusivamente a partire dallo studio dei consumi monitorati. Questo pu\u00f2 permettere dei benefici economici rilevanti anche nel breve termine.<\/p>\n<p>&nbsp;<\/p>\n<h2><span style=\"color: #3366ff;\"><strong>Gli energy manager nelle aziende devono occuparsi di molte attivit\u00e0 diverse e spesso non possono dedicare il tempo necessario a verificare in modo accurato i consumi. Come \u00e8 possibile riuscire a ottenere dei risparmi rilevanti, senza dover investire un budget significativo per pagare un consulente?<\/strong><\/span><\/h2>\n<p>L\u2019interpretazione dei consumi volta a identificare anomalie e ottimizzazioni gestionali \u00e8 un mestiere complesso, che, anche avendo a disposizione i software di monitoraggio pi\u00f9 sofisticati, richiede molto tempo e il coinvolgimento diretto dei manutentori di impianto. Enel X offre il know-how dei propri energy specialist per trovare queste anomalie e guidare autonomamente i manutentori nell\u2019identificazione delle inefficienze e nella relativa risoluzione. Se il sistema di monitoraggio dei consumi \u00e8 gi\u00e0 presente non serve installare altro, Enel X studia i consumi per te e fornisce indicazioni direttamente a chi pu\u00f2 operare sulle macchine per eliminare gli sprechi. Il servizio si ripaga con i risparmi, cos\u00ec non hai nulla da perdere. La tua azienda pu\u00f2 continuare a concentrarsi sul proprio core business.<\/p>\n<p>&nbsp;<\/p>\n","protected":false},"excerpt":{"rendered":"<p>&nbsp; Intervista Giuseppe Laudicina Customer Insights Technical Sales Enel X Global Retail &nbsp; &nbsp; &nbsp; Esiste un modo per trasformare il monitoraggio dei consumi in effettiva riduzione dei consumi? Le soluzioni di monitoraggio dei consumi sono sempre pi\u00f9 diffuse sia in ambito industriale che terziario ma certe volte non \u00e8 ancora chiaro come \u201cusarle\u201d per [&hellip;]<\/p>\n","protected":false},"author":2,"featured_media":0,"parent":0,"menu_order":0,"comment_status":"closed","ping_status":"closed","template":"","meta":{"footnotes":""},"yoast_head":"<!-- This site is optimized with the Yoast SEO plugin v22.8 - https:\/\/yoast.com\/wordpress\/plugins\/seo\/ -->\n<title>intervista Enel X Global Retail - It&#039;s all RETAIL<\/title>\n<meta name=\"robots\" content=\"index, follow, max-snippet:-1, max-image-preview:large, max-video-preview:-1\" \/>\n<link rel=\"canonical\" href=\"https:\/\/its-all-retail.com\/index.php\/intervista-enel-x-global-retail\/\" \/>\n<meta property=\"og:locale\" content=\"it_IT\" \/>\n<meta property=\"og:type\" content=\"article\" \/>\n<meta property=\"og:title\" content=\"intervista Enel X Global Retail - It&#039;s all RETAIL\" \/>\n<meta property=\"og:description\" content=\"&nbsp; Intervista Giuseppe Laudicina Customer Insights Technical Sales Enel X Global Retail &nbsp; &nbsp; &nbsp; Esiste un modo per trasformare il monitoraggio dei consumi in effettiva riduzione dei consumi? Le soluzioni di monitoraggio dei consumi sono sempre pi\u00f9 diffuse sia in ambito industriale che terziario ma certe volte non \u00e8 ancora chiaro come \u201cusarle\u201d per [&hellip;]\" \/>\n<meta property=\"og:url\" content=\"https:\/\/its-all-retail.com\/index.php\/intervista-enel-x-global-retail\/\" \/>\n<meta property=\"og:site_name\" content=\"It&#039;s all RETAIL\" \/>\n<meta property=\"article:modified_time\" content=\"2022-04-27T10:50:52+00:00\" \/>\n<meta property=\"og:image\" content=\"http:\/\/its-all-retail.com\/wp-content\/uploads\/2021\/06\/LAUDICINA.jpg\" \/>\n<meta name=\"twitter:card\" content=\"summary_large_image\" \/>\n<meta name=\"twitter:label1\" content=\"Tempo di lettura stimato\" \/>\n\t<meta name=\"twitter:data1\" content=\"1 minuto\" \/>\n<script type=\"application\/ld+json\" class=\"yoast-schema-graph\">{\"@context\":\"https:\/\/schema.org\",\"@graph\":[{\"@type\":\"WebPage\",\"@id\":\"https:\/\/its-all-retail.com\/index.php\/intervista-enel-x-global-retail\/\",\"url\":\"https:\/\/its-all-retail.com\/index.php\/intervista-enel-x-global-retail\/\",\"name\":\"intervista Enel X Global Retail - It&#039;s all RETAIL\",\"isPartOf\":{\"@id\":\"https:\/\/its-all-retail.com\/#website\"},\"primaryImageOfPage\":{\"@id\":\"https:\/\/its-all-retail.com\/index.php\/intervista-enel-x-global-retail\/#primaryimage\"},\"image\":{\"@id\":\"https:\/\/its-all-retail.com\/index.php\/intervista-enel-x-global-retail\/#primaryimage\"},\"thumbnailUrl\":\"http:\/\/its-all-retail.com\/wp-content\/uploads\/2021\/06\/LAUDICINA.jpg\",\"datePublished\":\"2022-04-27T10:49:51+00:00\",\"dateModified\":\"2022-04-27T10:50:52+00:00\",\"breadcrumb\":{\"@id\":\"https:\/\/its-all-retail.com\/index.php\/intervista-enel-x-global-retail\/#breadcrumb\"},\"inLanguage\":\"it-IT\",\"potentialAction\":[{\"@type\":\"ReadAction\",\"target\":[\"https:\/\/its-all-retail.com\/index.php\/intervista-enel-x-global-retail\/\"]}]},{\"@type\":\"ImageObject\",\"inLanguage\":\"it-IT\",\"@id\":\"https:\/\/its-all-retail.com\/index.php\/intervista-enel-x-global-retail\/#primaryimage\",\"url\":\"http:\/\/its-all-retail.com\/wp-content\/uploads\/2021\/06\/LAUDICINA.jpg\",\"contentUrl\":\"http:\/\/its-all-retail.com\/wp-content\/uploads\/2021\/06\/LAUDICINA.jpg\"},{\"@type\":\"BreadcrumbList\",\"@id\":\"https:\/\/its-all-retail.com\/index.php\/intervista-enel-x-global-retail\/#breadcrumb\",\"itemListElement\":[{\"@type\":\"ListItem\",\"position\":1,\"name\":\"Home\",\"item\":\"https:\/\/its-all-retail.com\/\"},{\"@type\":\"ListItem\",\"position\":2,\"name\":\"intervista Enel X Global Retail\"}]},{\"@type\":\"WebSite\",\"@id\":\"https:\/\/its-all-retail.com\/#website\",\"url\":\"https:\/\/its-all-retail.com\/\",\"name\":\"It&#039;s all RETAIL\",\"description\":\"Connecting Retailers\",\"potentialAction\":[{\"@type\":\"SearchAction\",\"target\":{\"@type\":\"EntryPoint\",\"urlTemplate\":\"https:\/\/its-all-retail.com\/?s={search_term_string}\"},\"query-input\":\"required name=search_term_string\"}],\"inLanguage\":\"it-IT\"}]}<\/script>\n<!-- \/ Yoast SEO plugin. -->","yoast_head_json":{"title":"intervista Enel X Global Retail - It&#039;s all RETAIL","robots":{"index":"index","follow":"follow","max-snippet":"max-snippet:-1","max-image-preview":"max-image-preview:large","max-video-preview":"max-video-preview:-1"},"canonical":"https:\/\/its-all-retail.com\/index.php\/intervista-enel-x-global-retail\/","og_locale":"it_IT","og_type":"article","og_title":"intervista Enel X Global Retail - It&#039;s all RETAIL","og_description":"&nbsp; Intervista Giuseppe Laudicina Customer Insights Technical Sales Enel X Global Retail &nbsp; &nbsp; &nbsp; Esiste un modo per trasformare il monitoraggio dei consumi in effettiva riduzione dei consumi? Le soluzioni di monitoraggio dei consumi sono sempre pi\u00f9 diffuse sia in ambito industriale che terziario ma certe volte non \u00e8 ancora chiaro come \u201cusarle\u201d per [&hellip;]","og_url":"https:\/\/its-all-retail.com\/index.php\/intervista-enel-x-global-retail\/","og_site_name":"It&#039;s all RETAIL","article_modified_time":"2022-04-27T10:50:52+00:00","og_image":[{"url":"http:\/\/its-all-retail.com\/wp-content\/uploads\/2021\/06\/LAUDICINA.jpg"}],"twitter_card":"summary_large_image","twitter_misc":{"Tempo di lettura stimato":"1 minuto"},"schema":{"@context":"https:\/\/schema.org","@graph":[{"@type":"WebPage","@id":"https:\/\/its-all-retail.com\/index.php\/intervista-enel-x-global-retail\/","url":"https:\/\/its-all-retail.com\/index.php\/intervista-enel-x-global-retail\/","name":"intervista Enel X Global Retail - It&#039;s all RETAIL","isPartOf":{"@id":"https:\/\/its-all-retail.com\/#website"},"primaryImageOfPage":{"@id":"https:\/\/its-all-retail.com\/index.php\/intervista-enel-x-global-retail\/#primaryimage"},"image":{"@id":"https:\/\/its-all-retail.com\/index.php\/intervista-enel-x-global-retail\/#primaryimage"},"thumbnailUrl":"http:\/\/its-all-retail.com\/wp-content\/uploads\/2021\/06\/LAUDICINA.jpg","datePublished":"2022-04-27T10:49:51+00:00","dateModified":"2022-04-27T10:50:52+00:00","breadcrumb":{"@id":"https:\/\/its-all-retail.com\/index.php\/intervista-enel-x-global-retail\/#breadcrumb"},"inLanguage":"it-IT","potentialAction":[{"@type":"ReadAction","target":["https:\/\/its-all-retail.com\/index.php\/intervista-enel-x-global-retail\/"]}]},{"@type":"ImageObject","inLanguage":"it-IT","@id":"https:\/\/its-all-retail.com\/index.php\/intervista-enel-x-global-retail\/#primaryimage","url":"http:\/\/its-all-retail.com\/wp-content\/uploads\/2021\/06\/LAUDICINA.jpg","contentUrl":"http:\/\/its-all-retail.com\/wp-content\/uploads\/2021\/06\/LAUDICINA.jpg"},{"@type":"BreadcrumbList","@id":"https:\/\/its-all-retail.com\/index.php\/intervista-enel-x-global-retail\/#breadcrumb","itemListElement":[{"@type":"ListItem","position":1,"name":"Home","item":"https:\/\/its-all-retail.com\/"},{"@type":"ListItem","position":2,"name":"intervista Enel X Global Retail"}]},{"@type":"WebSite","@id":"https:\/\/its-all-retail.com\/#website","url":"https:\/\/its-all-retail.com\/","name":"It&#039;s all RETAIL","description":"Connecting Retailers","potentialAction":[{"@type":"SearchAction","target":{"@type":"EntryPoint","urlTemplate":"https:\/\/its-all-retail.com\/?s={search_term_string}"},"query-input":"required name=search_term_string"}],"inLanguage":"it-IT"}]}},"_links":{"self":[{"href":"https:\/\/its-all-retail.com\/index.php\/wp-json\/wp\/v2\/pages\/7453"}],"collection":[{"href":"https:\/\/its-all-retail.com\/index.php\/wp-json\/wp\/v2\/pages"}],"about":[{"href":"https:\/\/its-all-retail.com\/index.php\/wp-json\/wp\/v2\/types\/page"}],"author":[{"embeddable":true,"href":"https:\/\/its-all-retail.com\/index.php\/wp-json\/wp\/v2\/users\/2"}],"replies":[{"embeddable":true,"href":"https:\/\/its-all-retail.com\/index.php\/wp-json\/wp\/v2\/comments?post=7453"}],"version-history":[{"count":5,"href":"https:\/\/its-all-retail.com\/index.php\/wp-json\/wp\/v2\/pages\/7453\/revisions"}],"predecessor-version":[{"id":7458,"href":"https:\/\/its-all-retail.com\/index.php\/wp-json\/wp\/v2\/pages\/7453\/revisions\/7458"}],"wp:attachment":[{"href":"https:\/\/its-all-retail.com\/index.php\/wp-json\/wp\/v2\/media?parent=7453"}],"curies":[{"name":"wp","href":"https:\/\/api.w.org\/{rel}","templated":true}]}}