{"id":7410,"date":"2022-04-12T18:12:59","date_gmt":"2022-04-12T16:12:59","guid":{"rendered":"http:\/\/its-all-retail.com\/?page_id=7410"},"modified":"2022-04-12T18:14:08","modified_gmt":"2022-04-12T16:14:08","slug":"intervista-tiretta-retapps","status":"publish","type":"page","link":"https:\/\/its-all-retail.com\/index.php\/intervista-tiretta-retapps\/","title":{"rendered":"intervista Tiretta RETAPPS"},"content":{"rendered":"<p><strong><img loading=\"lazy\" decoding=\"async\" class=\"size-full wp-image-7411 alignleft\" src=\"http:\/\/its-all-retail.com\/wp-content\/uploads\/2022\/04\/Alessandro-Tiretta-Founder-CEO-RetAPPs.jpg\" alt=\"\" width=\"200\" height=\"200\" srcset=\"https:\/\/its-all-retail.com\/wp-content\/uploads\/2022\/04\/Alessandro-Tiretta-Founder-CEO-RetAPPs.jpg 200w, https:\/\/its-all-retail.com\/wp-content\/uploads\/2022\/04\/Alessandro-Tiretta-Founder-CEO-RetAPPs-150x150.jpg 150w\" sizes=\"(max-width: 200px) 100vw, 200px\" \/><\/strong><\/p>\n<p>&nbsp;<\/p>\n<h1><span style=\"color: #3366ff;\"><strong>Intervista<\/strong><\/span><\/h1>\n<p><strong>Alessandro Tiretta<\/strong> \u00a0Founder &amp; CEO <strong>RETAPPS<\/strong><\/p>\n<p>&nbsp;<\/p>\n<p>&nbsp;<\/p>\n<p>&nbsp;<\/p>\n<h2><span style=\"color: #3366ff;\"><strong>Quali sono state le evoluzioni che avete portato nel campo dei servizi per il retail negli ultimi anni?<\/strong><\/span><\/h2>\n<p><strong>RetAPPs<\/strong> \u00e8 un <strong>Full Digital Solution\u00a0Provider <\/strong>in ambito Retail, che ha sviluppato due piattaforme modulari estremamente flessibili: <strong>SmartBip<\/strong> per i retailer operanti nel contesto della Grande Distribuzione e <strong>My-Stores <\/strong>per le attivit\u00e0 commerciali e gli small merchant, che permettono di implementare la propria <strong>strategia digitale omnicanale <\/strong>erogando servizi <strong>in-store<\/strong> e <strong>out-of-store<\/strong> tramite Web e App dedicate. Le soluzioni sviluppate da RetAPPs sono attualmente utilizzate da alcune fra i pi\u00f9 importanti retailers Italiani.<\/p>\n<p>Fin dalla sua costituzione, abbiamo sempre avuto una focalizzazione sul come la tecnologia possa essere utilizzata per migliorare il Customer Journey dei clienti e per ottimizzare i processi interni.<\/p>\n<p>E-Commerce, Self Scanning, Mobile Payment, sono solo alcuni esempi di come abbiamo aiutato molte insegne ad introdurre nuove modalit\u00e0 di acquisto omnicanale attraverso App e Web. Con la pandemia sono emerse due tendenze che ormai sono diventate strutturali: lo smartworking e gli acquisti online, che classificherei genericamente come e-Commerce.<\/p>\n<p>Avere chiusi tutti i negozi fisici, ha fatto capire che \u00e8 indispensabile avere \u201canche\u201d un canale di acquisto digitale ma, nella frenesia del momento, in molti si sono buttati senza capirne realmente gli impatti e senza valutarne le opportunit\u00e0. Infatti non basta avere un \u201csito\u201d ma \u00e8 necessario capire chi sono i propri clienti e come ci si deve organizzare per servirli al meglio. Altrimenti diventa una mera battaglia sul prezzo senza riuscire a valorizzare tutto il lavoro ed i servizi a contorno.<\/p>\n<p>&nbsp;<\/p>\n<h2><span style=\"color: #3366ff;\"><strong>Quali sono le novit\u00e0 con cui vi presentate a IT\u2019S ALL RETAIL <\/strong><\/span><\/h2>\n<p><strong>\u00a0<\/strong>Con l\u2019affermazione dell\u2019e-Commerce, ci si \u00e8 focalizzati molto sulla \u201cusabilit\u00e0\u201d degli acquisti online, rendendo sostanzialmente simili tutte le realizzazioni. In quel contesto, insieme ad un nostro cliente abbastanza innovativo, abbiamo realizzato una versione immersiva, battezzata \u201c<strong><em>Spesa Assistita\u201d.<\/em><\/strong><\/p>\n<p>Tramite questa nuova funzionalit\u00e0, un cliente e-Commerce potr\u00e0 entrare in comunicazione diretta audio e video con un referente in Punto Vendita ed iniziare una spesa come se fosse presente nello stesso luogo.<\/p>\n<p>La SPESA ASSISTITA, sviluppata da RetAPPs per Supermercato Casa, sfrutta la realt\u00e0 aumentata tramite occhialini, offrendo la possibilit\u00e0 di vedere ed interagire direttamente con un operatore dedicato. Questa funzionalit\u00e0, oltre ad avere un ottimo e-Commerce orientato alla GD, consente al cliente di far selezionare in diretta i prodotti della sua spesa, esattamente come se fosse davanti allo scaffale. Tutti noi cerchiamo il giusto prodotto al giusto prezzo ma, quando possiamo, lo vogliamo anche subito e quindi non basta solo avere disponibili i prodotti ma \u00e8 fondamentale essere ben organizzati per poterli consegnare alle migliori condizioni. Non si pu\u00f2 pensare di tenere gli stessi processi anche nel mondo digitale ma si deve ripensare l\u2019organizzazione per modellarla intorno alla Customer Satisfaction. Alla fine, non \u00e8 sempre il prezzo a far scegliere ma anche e soprattutto il servizio e la distintivit\u00e0 che si riesce a creare nella relazione.<\/p>\n<p>&nbsp;<\/p>\n<p>&nbsp;<\/p>\n","protected":false},"excerpt":{"rendered":"<p>&nbsp; Intervista Alessandro Tiretta \u00a0Founder &amp; CEO RETAPPS &nbsp; &nbsp; &nbsp; Quali sono state le evoluzioni che avete portato nel campo dei servizi per il retail negli ultimi anni? RetAPPs \u00e8 un Full Digital Solution\u00a0Provider in ambito Retail, che ha sviluppato due piattaforme modulari estremamente flessibili: SmartBip per i retailer operanti nel contesto della Grande [&hellip;]<\/p>\n","protected":false},"author":2,"featured_media":0,"parent":0,"menu_order":0,"comment_status":"closed","ping_status":"closed","template":"","meta":{"footnotes":""},"yoast_head":"<!-- This site is optimized with the Yoast SEO plugin v22.8 - https:\/\/yoast.com\/wordpress\/plugins\/seo\/ -->\n<title>intervista Tiretta RETAPPS - It&#039;s all RETAIL<\/title>\n<meta name=\"robots\" content=\"index, follow, max-snippet:-1, max-image-preview:large, max-video-preview:-1\" \/>\n<link rel=\"canonical\" href=\"https:\/\/its-all-retail.com\/index.php\/intervista-tiretta-retapps\/\" \/>\n<meta property=\"og:locale\" content=\"it_IT\" \/>\n<meta property=\"og:type\" content=\"article\" \/>\n<meta property=\"og:title\" content=\"intervista Tiretta RETAPPS - It&#039;s all RETAIL\" \/>\n<meta property=\"og:description\" content=\"&nbsp; Intervista Alessandro Tiretta \u00a0Founder &amp; CEO RETAPPS &nbsp; &nbsp; &nbsp; Quali sono state le evoluzioni che avete portato nel campo dei servizi per il retail negli ultimi anni? RetAPPs \u00e8 un Full Digital Solution\u00a0Provider in ambito Retail, che ha sviluppato due piattaforme modulari estremamente flessibili: SmartBip per i retailer operanti nel contesto della Grande [&hellip;]\" \/>\n<meta property=\"og:url\" content=\"https:\/\/its-all-retail.com\/index.php\/intervista-tiretta-retapps\/\" \/>\n<meta property=\"og:site_name\" content=\"It&#039;s all RETAIL\" \/>\n<meta property=\"article:modified_time\" content=\"2022-04-12T16:14:08+00:00\" \/>\n<meta property=\"og:image\" content=\"http:\/\/its-all-retail.com\/wp-content\/uploads\/2022\/04\/Alessandro-Tiretta-Founder-CEO-RetAPPs.jpg\" \/>\n<meta name=\"twitter:card\" content=\"summary_large_image\" \/>\n<meta name=\"twitter:label1\" content=\"Tempo di lettura stimato\" \/>\n\t<meta name=\"twitter:data1\" content=\"2 minuti\" \/>\n<script type=\"application\/ld+json\" class=\"yoast-schema-graph\">{\"@context\":\"https:\/\/schema.org\",\"@graph\":[{\"@type\":\"WebPage\",\"@id\":\"https:\/\/its-all-retail.com\/index.php\/intervista-tiretta-retapps\/\",\"url\":\"https:\/\/its-all-retail.com\/index.php\/intervista-tiretta-retapps\/\",\"name\":\"intervista Tiretta RETAPPS - It&#039;s all RETAIL\",\"isPartOf\":{\"@id\":\"https:\/\/its-all-retail.com\/#website\"},\"primaryImageOfPage\":{\"@id\":\"https:\/\/its-all-retail.com\/index.php\/intervista-tiretta-retapps\/#primaryimage\"},\"image\":{\"@id\":\"https:\/\/its-all-retail.com\/index.php\/intervista-tiretta-retapps\/#primaryimage\"},\"thumbnailUrl\":\"http:\/\/its-all-retail.com\/wp-content\/uploads\/2022\/04\/Alessandro-Tiretta-Founder-CEO-RetAPPs.jpg\",\"datePublished\":\"2022-04-12T16:12:59+00:00\",\"dateModified\":\"2022-04-12T16:14:08+00:00\",\"breadcrumb\":{\"@id\":\"https:\/\/its-all-retail.com\/index.php\/intervista-tiretta-retapps\/#breadcrumb\"},\"inLanguage\":\"it-IT\",\"potentialAction\":[{\"@type\":\"ReadAction\",\"target\":[\"https:\/\/its-all-retail.com\/index.php\/intervista-tiretta-retapps\/\"]}]},{\"@type\":\"ImageObject\",\"inLanguage\":\"it-IT\",\"@id\":\"https:\/\/its-all-retail.com\/index.php\/intervista-tiretta-retapps\/#primaryimage\",\"url\":\"http:\/\/its-all-retail.com\/wp-content\/uploads\/2022\/04\/Alessandro-Tiretta-Founder-CEO-RetAPPs.jpg\",\"contentUrl\":\"http:\/\/its-all-retail.com\/wp-content\/uploads\/2022\/04\/Alessandro-Tiretta-Founder-CEO-RetAPPs.jpg\"},{\"@type\":\"BreadcrumbList\",\"@id\":\"https:\/\/its-all-retail.com\/index.php\/intervista-tiretta-retapps\/#breadcrumb\",\"itemListElement\":[{\"@type\":\"ListItem\",\"position\":1,\"name\":\"Home\",\"item\":\"https:\/\/its-all-retail.com\/\"},{\"@type\":\"ListItem\",\"position\":2,\"name\":\"intervista Tiretta RETAPPS\"}]},{\"@type\":\"WebSite\",\"@id\":\"https:\/\/its-all-retail.com\/#website\",\"url\":\"https:\/\/its-all-retail.com\/\",\"name\":\"It&#039;s all RETAIL\",\"description\":\"Connecting Retailers\",\"potentialAction\":[{\"@type\":\"SearchAction\",\"target\":{\"@type\":\"EntryPoint\",\"urlTemplate\":\"https:\/\/its-all-retail.com\/?s={search_term_string}\"},\"query-input\":\"required name=search_term_string\"}],\"inLanguage\":\"it-IT\"}]}<\/script>\n<!-- \/ Yoast SEO plugin. -->","yoast_head_json":{"title":"intervista Tiretta RETAPPS - It&#039;s all RETAIL","robots":{"index":"index","follow":"follow","max-snippet":"max-snippet:-1","max-image-preview":"max-image-preview:large","max-video-preview":"max-video-preview:-1"},"canonical":"https:\/\/its-all-retail.com\/index.php\/intervista-tiretta-retapps\/","og_locale":"it_IT","og_type":"article","og_title":"intervista Tiretta RETAPPS - It&#039;s all RETAIL","og_description":"&nbsp; Intervista Alessandro Tiretta \u00a0Founder &amp; CEO RETAPPS &nbsp; &nbsp; &nbsp; Quali sono state le evoluzioni che avete portato nel campo dei servizi per il retail negli ultimi anni? RetAPPs \u00e8 un Full Digital Solution\u00a0Provider in ambito Retail, che ha sviluppato due piattaforme modulari estremamente flessibili: SmartBip per i retailer operanti nel contesto della Grande [&hellip;]","og_url":"https:\/\/its-all-retail.com\/index.php\/intervista-tiretta-retapps\/","og_site_name":"It&#039;s all RETAIL","article_modified_time":"2022-04-12T16:14:08+00:00","og_image":[{"url":"http:\/\/its-all-retail.com\/wp-content\/uploads\/2022\/04\/Alessandro-Tiretta-Founder-CEO-RetAPPs.jpg"}],"twitter_card":"summary_large_image","twitter_misc":{"Tempo di lettura stimato":"2 minuti"},"schema":{"@context":"https:\/\/schema.org","@graph":[{"@type":"WebPage","@id":"https:\/\/its-all-retail.com\/index.php\/intervista-tiretta-retapps\/","url":"https:\/\/its-all-retail.com\/index.php\/intervista-tiretta-retapps\/","name":"intervista Tiretta RETAPPS - It&#039;s all RETAIL","isPartOf":{"@id":"https:\/\/its-all-retail.com\/#website"},"primaryImageOfPage":{"@id":"https:\/\/its-all-retail.com\/index.php\/intervista-tiretta-retapps\/#primaryimage"},"image":{"@id":"https:\/\/its-all-retail.com\/index.php\/intervista-tiretta-retapps\/#primaryimage"},"thumbnailUrl":"http:\/\/its-all-retail.com\/wp-content\/uploads\/2022\/04\/Alessandro-Tiretta-Founder-CEO-RetAPPs.jpg","datePublished":"2022-04-12T16:12:59+00:00","dateModified":"2022-04-12T16:14:08+00:00","breadcrumb":{"@id":"https:\/\/its-all-retail.com\/index.php\/intervista-tiretta-retapps\/#breadcrumb"},"inLanguage":"it-IT","potentialAction":[{"@type":"ReadAction","target":["https:\/\/its-all-retail.com\/index.php\/intervista-tiretta-retapps\/"]}]},{"@type":"ImageObject","inLanguage":"it-IT","@id":"https:\/\/its-all-retail.com\/index.php\/intervista-tiretta-retapps\/#primaryimage","url":"http:\/\/its-all-retail.com\/wp-content\/uploads\/2022\/04\/Alessandro-Tiretta-Founder-CEO-RetAPPs.jpg","contentUrl":"http:\/\/its-all-retail.com\/wp-content\/uploads\/2022\/04\/Alessandro-Tiretta-Founder-CEO-RetAPPs.jpg"},{"@type":"BreadcrumbList","@id":"https:\/\/its-all-retail.com\/index.php\/intervista-tiretta-retapps\/#breadcrumb","itemListElement":[{"@type":"ListItem","position":1,"name":"Home","item":"https:\/\/its-all-retail.com\/"},{"@type":"ListItem","position":2,"name":"intervista Tiretta RETAPPS"}]},{"@type":"WebSite","@id":"https:\/\/its-all-retail.com\/#website","url":"https:\/\/its-all-retail.com\/","name":"It&#039;s all RETAIL","description":"Connecting Retailers","potentialAction":[{"@type":"SearchAction","target":{"@type":"EntryPoint","urlTemplate":"https:\/\/its-all-retail.com\/?s={search_term_string}"},"query-input":"required name=search_term_string"}],"inLanguage":"it-IT"}]}},"_links":{"self":[{"href":"https:\/\/its-all-retail.com\/index.php\/wp-json\/wp\/v2\/pages\/7410"}],"collection":[{"href":"https:\/\/its-all-retail.com\/index.php\/wp-json\/wp\/v2\/pages"}],"about":[{"href":"https:\/\/its-all-retail.com\/index.php\/wp-json\/wp\/v2\/types\/page"}],"author":[{"embeddable":true,"href":"https:\/\/its-all-retail.com\/index.php\/wp-json\/wp\/v2\/users\/2"}],"replies":[{"embeddable":true,"href":"https:\/\/its-all-retail.com\/index.php\/wp-json\/wp\/v2\/comments?post=7410"}],"version-history":[{"count":3,"href":"https:\/\/its-all-retail.com\/index.php\/wp-json\/wp\/v2\/pages\/7410\/revisions"}],"predecessor-version":[{"id":7413,"href":"https:\/\/its-all-retail.com\/index.php\/wp-json\/wp\/v2\/pages\/7410\/revisions\/7413"}],"wp:attachment":[{"href":"https:\/\/its-all-retail.com\/index.php\/wp-json\/wp\/v2\/media?parent=7410"}],"curies":[{"name":"wp","href":"https:\/\/api.w.org\/{rel}","templated":true}]}}