{"id":7354,"date":"2022-03-31T18:28:51","date_gmt":"2022-03-31T16:28:51","guid":{"rendered":"http:\/\/its-all-retail.com\/?page_id=7354"},"modified":"2022-04-05T10:42:35","modified_gmt":"2022-04-05T08:42:35","slug":"intervista-preite-bizeta","status":"publish","type":"page","link":"https:\/\/its-all-retail.com\/index.php\/intervista-preite-bizeta\/","title":{"rendered":"intervista Preite Bizeta"},"content":{"rendered":"<p><img loading=\"lazy\" decoding=\"async\" class=\"size-full wp-image-7355 alignleft\" src=\"http:\/\/its-all-retail.com\/wp-content\/uploads\/2022\/03\/Andrea-Preite-CEO-Bizeta-Retail-Solutions-002.jpg\" alt=\"\" width=\"200\" height=\"200\" srcset=\"https:\/\/its-all-retail.com\/wp-content\/uploads\/2022\/03\/Andrea-Preite-CEO-Bizeta-Retail-Solutions-002.jpg 200w, https:\/\/its-all-retail.com\/wp-content\/uploads\/2022\/03\/Andrea-Preite-CEO-Bizeta-Retail-Solutions-002-150x150.jpg 150w\" sizes=\"(max-width: 200px) 100vw, 200px\" \/><\/p>\n<p>&nbsp;<\/p>\n<h1><span style=\"color: #0000ff;\">Intervista<\/span><\/h1>\n<p><strong>Andrea Preite<\/strong> CEO <strong>Bizeta Retail Solutions<\/strong><\/p>\n<p>&nbsp;<\/p>\n<p>&nbsp;<\/p>\n<p>&nbsp;<\/p>\n<h2><span style=\"color: #0000ff;\"><strong>Perch\u00e9 Bizeta Retail Solutions, azienda specialista IT del mondo Retail, \u00e8 il partner ideale per le aziende operanti nel Fashion, Luxury e non solo?<\/strong><\/span><\/h2>\n<p>L\u2019implementazione di software innovativi e di tecnologie digitali \u00e8 fondamentale per affrontare e sfruttare in modo strategico i cambiamenti del settore Retail a livello internazionale; negli ultimi anni abbiamo infatti assistito a un deciso superamento della polarit\u00e0 tra shop online e offline, sostituita da una maggiore spinta alla complementariet\u00e0 tra i diversi Canali, per una strategia omnichannel e multichannel integrata.<br \/>\nSolo cos\u00ec \u00e8 possibile migliorare sempre di pi\u00f9 la Customer-experience, rendendola fluida ed omogenea sui diversi Touch-point del Customer-journey.<\/p>\n<p>Sviluppare soluzioni efficaci che rispondono in modo reattivo alle dinamiche del mercato globale \u00e8 per <strong>Bizeta Retail Solutions<\/strong> una priorit\u00e0; operiamo infatti da pi\u00f9 di 30 anni nel settore Retail e ci proponiamo come partner unico per i nostri Clienti, in tutto il mondo.<br \/>\nIl nostro approccio \u00e8 flessibile e viene incontro alle specifiche esigenze del Cliente: possiamo limitarci a offrire esclusivamente Software, solo Hardware, Manutenzione e <em>Service<\/em>, oppure soluzioni digitali complete e sviluppate in ottica omnichannel, con funzionalit\u00e0 avanzate come ad esempio la <strong>Profit Protection<\/strong>, per le realt\u00e0 pi\u00f9 complesse ed evolute.<\/p>\n<p>&nbsp;<\/p>\n<h2><span style=\"color: #0000ff;\"><strong>Perch\u00e9 avete deciso di partecipare a It\u2019s all RETAIL 2022?<\/strong><\/span><\/h2>\n<p>Abbiamo investito significativamente nel <em>Mobile<\/em>, nel Cloud ed in tecnologie <em>Service-based<\/em> (cio\u00e8 estremamente modulari e performanti) per avvicinare ancora di pi\u00f9 i Retailer ai Clienti durante il processo di acquisto, nonch\u00e9 per consentire di operare in modo pi\u00f9 integrato su molteplici Canali.<\/p>\n<p>\u00c8 nato cos\u00ec \u2018<strong>OneStore<\/strong>\u2019, la nuova ed evoluta soluzione applicativa gestionale Retail di <strong>Bizeta Retail Solutions<\/strong>, che con orgoglio presentiamo a <strong>It\u2019s all RETAIL 2022<\/strong>.<\/p>\n<p>\u2018<strong>OneStore<\/strong>\u2019 in poche parole:<\/p>\n<ul>\n<li>\u00e8 una piattaforma software per il Retail omni-channel estremamente innovativa e flessibile, che utilizza le tecnologie software pi\u00f9 avanzate<\/li>\n<li>implementa tutto il potenziale del mondo digitale (Mobile, Cloud, <em>Service-based<\/em>, User-experience all&#8217;avanguardia, &#8230;) per migliorare ancora di pi\u00f9 le performance di business delle reti di negozi<\/li>\n<li>\u00e8 una soluzione flessibile e <em>low-maintenance<\/em>, progettata sia per i grandi Retailer che operano a livello internazionale, sia per quelli di dimensioni medio\/piccole<\/li>\n<\/ul>\n<p>\u2018<strong>OneStore<\/strong>\u2019 \u00e8 stato scelto da un importante Retail fashion italiano con negozi in tutto il mondo \u2013 ci\u00f2 dimostra che qualit\u00e0, seriet\u00e0 ed innovazione tecnologica sono apprezzate dalle aziende di successo.<\/p>\n<p>&nbsp;<\/p>\n","protected":false},"excerpt":{"rendered":"<p>&nbsp; Intervista Andrea Preite CEO Bizeta Retail Solutions &nbsp; &nbsp; &nbsp; Perch\u00e9 Bizeta Retail Solutions, azienda specialista IT del mondo Retail, \u00e8 il partner ideale per le aziende operanti nel Fashion, Luxury e non solo? L\u2019implementazione di software innovativi e di tecnologie digitali \u00e8 fondamentale per affrontare e sfruttare in modo strategico i cambiamenti del [&hellip;]<\/p>\n","protected":false},"author":2,"featured_media":0,"parent":0,"menu_order":0,"comment_status":"closed","ping_status":"closed","template":"","meta":{"footnotes":""},"yoast_head":"<!-- This site is optimized with the Yoast SEO plugin v22.8 - https:\/\/yoast.com\/wordpress\/plugins\/seo\/ -->\n<title>intervista Preite Bizeta - It&#039;s all RETAIL<\/title>\n<meta name=\"robots\" content=\"index, follow, max-snippet:-1, max-image-preview:large, max-video-preview:-1\" \/>\n<link rel=\"canonical\" href=\"https:\/\/its-all-retail.com\/index.php\/intervista-preite-bizeta\/\" \/>\n<meta property=\"og:locale\" content=\"it_IT\" \/>\n<meta property=\"og:type\" content=\"article\" \/>\n<meta property=\"og:title\" content=\"intervista Preite Bizeta - It&#039;s all RETAIL\" \/>\n<meta property=\"og:description\" content=\"&nbsp; Intervista Andrea Preite CEO Bizeta Retail Solutions &nbsp; &nbsp; &nbsp; Perch\u00e9 Bizeta Retail Solutions, azienda specialista IT del mondo Retail, \u00e8 il partner ideale per le aziende operanti nel Fashion, Luxury e non solo? L\u2019implementazione di software innovativi e di tecnologie digitali \u00e8 fondamentale per affrontare e sfruttare in modo strategico i cambiamenti del [&hellip;]\" \/>\n<meta property=\"og:url\" content=\"https:\/\/its-all-retail.com\/index.php\/intervista-preite-bizeta\/\" \/>\n<meta property=\"og:site_name\" content=\"It&#039;s all RETAIL\" \/>\n<meta property=\"article:modified_time\" content=\"2022-04-05T08:42:35+00:00\" \/>\n<meta property=\"og:image\" content=\"http:\/\/its-all-retail.com\/wp-content\/uploads\/2022\/03\/Andrea-Preite-CEO-Bizeta-Retail-Solutions-002.jpg\" \/>\n<meta name=\"twitter:card\" content=\"summary_large_image\" \/>\n<meta name=\"twitter:label1\" content=\"Tempo di lettura stimato\" \/>\n\t<meta name=\"twitter:data1\" content=\"2 minuti\" \/>\n<script type=\"application\/ld+json\" class=\"yoast-schema-graph\">{\"@context\":\"https:\/\/schema.org\",\"@graph\":[{\"@type\":\"WebPage\",\"@id\":\"https:\/\/its-all-retail.com\/index.php\/intervista-preite-bizeta\/\",\"url\":\"https:\/\/its-all-retail.com\/index.php\/intervista-preite-bizeta\/\",\"name\":\"intervista Preite Bizeta - It&#039;s all RETAIL\",\"isPartOf\":{\"@id\":\"https:\/\/its-all-retail.com\/#website\"},\"primaryImageOfPage\":{\"@id\":\"https:\/\/its-all-retail.com\/index.php\/intervista-preite-bizeta\/#primaryimage\"},\"image\":{\"@id\":\"https:\/\/its-all-retail.com\/index.php\/intervista-preite-bizeta\/#primaryimage\"},\"thumbnailUrl\":\"http:\/\/its-all-retail.com\/wp-content\/uploads\/2022\/03\/Andrea-Preite-CEO-Bizeta-Retail-Solutions-002.jpg\",\"datePublished\":\"2022-03-31T16:28:51+00:00\",\"dateModified\":\"2022-04-05T08:42:35+00:00\",\"breadcrumb\":{\"@id\":\"https:\/\/its-all-retail.com\/index.php\/intervista-preite-bizeta\/#breadcrumb\"},\"inLanguage\":\"it-IT\",\"potentialAction\":[{\"@type\":\"ReadAction\",\"target\":[\"https:\/\/its-all-retail.com\/index.php\/intervista-preite-bizeta\/\"]}]},{\"@type\":\"ImageObject\",\"inLanguage\":\"it-IT\",\"@id\":\"https:\/\/its-all-retail.com\/index.php\/intervista-preite-bizeta\/#primaryimage\",\"url\":\"http:\/\/its-all-retail.com\/wp-content\/uploads\/2022\/03\/Andrea-Preite-CEO-Bizeta-Retail-Solutions-002.jpg\",\"contentUrl\":\"http:\/\/its-all-retail.com\/wp-content\/uploads\/2022\/03\/Andrea-Preite-CEO-Bizeta-Retail-Solutions-002.jpg\"},{\"@type\":\"BreadcrumbList\",\"@id\":\"https:\/\/its-all-retail.com\/index.php\/intervista-preite-bizeta\/#breadcrumb\",\"itemListElement\":[{\"@type\":\"ListItem\",\"position\":1,\"name\":\"Home\",\"item\":\"https:\/\/its-all-retail.com\/\"},{\"@type\":\"ListItem\",\"position\":2,\"name\":\"intervista Preite Bizeta\"}]},{\"@type\":\"WebSite\",\"@id\":\"https:\/\/its-all-retail.com\/#website\",\"url\":\"https:\/\/its-all-retail.com\/\",\"name\":\"It&#039;s all RETAIL\",\"description\":\"Connecting Retailers\",\"potentialAction\":[{\"@type\":\"SearchAction\",\"target\":{\"@type\":\"EntryPoint\",\"urlTemplate\":\"https:\/\/its-all-retail.com\/?s={search_term_string}\"},\"query-input\":\"required name=search_term_string\"}],\"inLanguage\":\"it-IT\"}]}<\/script>\n<!-- \/ Yoast SEO plugin. -->","yoast_head_json":{"title":"intervista Preite Bizeta - It&#039;s all RETAIL","robots":{"index":"index","follow":"follow","max-snippet":"max-snippet:-1","max-image-preview":"max-image-preview:large","max-video-preview":"max-video-preview:-1"},"canonical":"https:\/\/its-all-retail.com\/index.php\/intervista-preite-bizeta\/","og_locale":"it_IT","og_type":"article","og_title":"intervista Preite Bizeta - It&#039;s all RETAIL","og_description":"&nbsp; Intervista Andrea Preite CEO Bizeta Retail Solutions &nbsp; &nbsp; &nbsp; Perch\u00e9 Bizeta Retail Solutions, azienda specialista IT del mondo Retail, \u00e8 il partner ideale per le aziende operanti nel Fashion, Luxury e non solo? L\u2019implementazione di software innovativi e di tecnologie digitali \u00e8 fondamentale per affrontare e sfruttare in modo strategico i cambiamenti del [&hellip;]","og_url":"https:\/\/its-all-retail.com\/index.php\/intervista-preite-bizeta\/","og_site_name":"It&#039;s all RETAIL","article_modified_time":"2022-04-05T08:42:35+00:00","og_image":[{"url":"http:\/\/its-all-retail.com\/wp-content\/uploads\/2022\/03\/Andrea-Preite-CEO-Bizeta-Retail-Solutions-002.jpg"}],"twitter_card":"summary_large_image","twitter_misc":{"Tempo di lettura stimato":"2 minuti"},"schema":{"@context":"https:\/\/schema.org","@graph":[{"@type":"WebPage","@id":"https:\/\/its-all-retail.com\/index.php\/intervista-preite-bizeta\/","url":"https:\/\/its-all-retail.com\/index.php\/intervista-preite-bizeta\/","name":"intervista Preite Bizeta - It&#039;s all RETAIL","isPartOf":{"@id":"https:\/\/its-all-retail.com\/#website"},"primaryImageOfPage":{"@id":"https:\/\/its-all-retail.com\/index.php\/intervista-preite-bizeta\/#primaryimage"},"image":{"@id":"https:\/\/its-all-retail.com\/index.php\/intervista-preite-bizeta\/#primaryimage"},"thumbnailUrl":"http:\/\/its-all-retail.com\/wp-content\/uploads\/2022\/03\/Andrea-Preite-CEO-Bizeta-Retail-Solutions-002.jpg","datePublished":"2022-03-31T16:28:51+00:00","dateModified":"2022-04-05T08:42:35+00:00","breadcrumb":{"@id":"https:\/\/its-all-retail.com\/index.php\/intervista-preite-bizeta\/#breadcrumb"},"inLanguage":"it-IT","potentialAction":[{"@type":"ReadAction","target":["https:\/\/its-all-retail.com\/index.php\/intervista-preite-bizeta\/"]}]},{"@type":"ImageObject","inLanguage":"it-IT","@id":"https:\/\/its-all-retail.com\/index.php\/intervista-preite-bizeta\/#primaryimage","url":"http:\/\/its-all-retail.com\/wp-content\/uploads\/2022\/03\/Andrea-Preite-CEO-Bizeta-Retail-Solutions-002.jpg","contentUrl":"http:\/\/its-all-retail.com\/wp-content\/uploads\/2022\/03\/Andrea-Preite-CEO-Bizeta-Retail-Solutions-002.jpg"},{"@type":"BreadcrumbList","@id":"https:\/\/its-all-retail.com\/index.php\/intervista-preite-bizeta\/#breadcrumb","itemListElement":[{"@type":"ListItem","position":1,"name":"Home","item":"https:\/\/its-all-retail.com\/"},{"@type":"ListItem","position":2,"name":"intervista Preite Bizeta"}]},{"@type":"WebSite","@id":"https:\/\/its-all-retail.com\/#website","url":"https:\/\/its-all-retail.com\/","name":"It&#039;s all RETAIL","description":"Connecting Retailers","potentialAction":[{"@type":"SearchAction","target":{"@type":"EntryPoint","urlTemplate":"https:\/\/its-all-retail.com\/?s={search_term_string}"},"query-input":"required name=search_term_string"}],"inLanguage":"it-IT"}]}},"_links":{"self":[{"href":"https:\/\/its-all-retail.com\/index.php\/wp-json\/wp\/v2\/pages\/7354"}],"collection":[{"href":"https:\/\/its-all-retail.com\/index.php\/wp-json\/wp\/v2\/pages"}],"about":[{"href":"https:\/\/its-all-retail.com\/index.php\/wp-json\/wp\/v2\/types\/page"}],"author":[{"embeddable":true,"href":"https:\/\/its-all-retail.com\/index.php\/wp-json\/wp\/v2\/users\/2"}],"replies":[{"embeddable":true,"href":"https:\/\/its-all-retail.com\/index.php\/wp-json\/wp\/v2\/comments?post=7354"}],"version-history":[{"count":4,"href":"https:\/\/its-all-retail.com\/index.php\/wp-json\/wp\/v2\/pages\/7354\/revisions"}],"predecessor-version":[{"id":7363,"href":"https:\/\/its-all-retail.com\/index.php\/wp-json\/wp\/v2\/pages\/7354\/revisions\/7363"}],"wp:attachment":[{"href":"https:\/\/its-all-retail.com\/index.php\/wp-json\/wp\/v2\/media?parent=7354"}],"curies":[{"name":"wp","href":"https:\/\/api.w.org\/{rel}","templated":true}]}}