{"id":5402,"date":"2020-06-12T12:05:45","date_gmt":"2020-06-12T10:05:45","guid":{"rendered":"http:\/\/its-all-retail.com\/?page_id=5402"},"modified":"2024-07-22T11:02:33","modified_gmt":"2024-07-22T09:02:33","slug":"perche-diventare-partner-2","status":"publish","type":"page","link":"https:\/\/its-all-retail.com\/index.php\/perche-diventare-partner-2\/","title":{"rendered":"Perch\u00e8 diventare partner 2021"},"content":{"rendered":"<p>[vc_row full_width=&#8221;stretch_row&#8221; video_bg=&#8221;yes&#8221; video_bg_url=&#8221;https:\/\/www.youtube.com\/watch?v=zATHgpPoeWY&#8221; css=&#8221;.vc_custom_1591967753272{padding-top: 20px !important;padding-bottom: 20px !important;}&#8221;][vc_column css=&#8221;.vc_custom_1591956673291{padding-top: 20px !important;}&#8221;][vc_column_text css=&#8221;.vc_custom_1592398157895{padding-top: 20px !important;}&#8221;]<\/p>\n<h1 style=\"text-align: center;\"><span style=\"color: #ffffff;\">Perch\u00e8 diventare Partner &amp; Exhibitor<\/span><\/h1>\n<p style=\"text-align: center;\"><span style=\"color: #ffffff;\"><strong>Alcuni buoni motivi per diventare partner dell&#8217;evento<\/strong><\/span><\/p>\n<p>[\/vc_column_text]\n       <div class=\"btn-wraapper  vc_custom_1591956928248\" style=\"text-align: center\">\n           <a class=\"ev-border-btn \" href=\"http:\/\/its-all-retail.com\/index.php\/diventa-partner\/\" target=\"_blank\">\n               RICHIEDI INFO           <\/a>\n       <\/div>\n\n\n        [\/vc_column][\/vc_row][vc_row css=&#8221;.vc_custom_1591958655105{padding-top: 20px !important;}&#8221;][vc_column width=&#8221;1\/6&#8243;][vc_icon icon_fontawesome=&#8221;fa fa-users&#8221; color=&#8221;custom&#8221; size=&#8221;xl&#8221; align=&#8221;center&#8221; custom_color=&#8221;#1e73be&#8221;][vc_column_text]<\/p>\n<p style=\"text-align: center;\"><strong>GENERA NUOVI CONTATTI<\/strong><\/p>\n<p>[\/vc_column_text][\/vc_column][vc_column width=&#8221;1\/6&#8243;][vc_icon icon_fontawesome=&#8221;fa fa-lightbulb-o&#8221; color=&#8221;custom&#8221; size=&#8221;xl&#8221; align=&#8221;center&#8221; custom_color=&#8221;#1e73be&#8221;][vc_column_text]<\/p>\n<p style=\"text-align: center;\"><strong>PROMUOVI LE TUE SOLUZIONI<\/strong><\/p>\n<p>[\/vc_column_text][\/vc_column][vc_column width=&#8221;1\/6&#8243;][vc_icon icon_fontawesome=&#8221;fa fa-user-plus&#8221; color=&#8221;custom&#8221; size=&#8221;xl&#8221; align=&#8221;center&#8221; custom_color=&#8221;#1e73be&#8221;][vc_column_text]<\/p>\n<p style=\"text-align: center;\"><strong>COSTRUISCI NUOVE PARTNERSHIP<\/strong><\/p>\n<p>[\/vc_column_text][\/vc_column][vc_column width=&#8221;1\/6&#8243;][vc_icon icon_fontawesome=&#8221;fa fa-trophy&#8221; color=&#8221;custom&#8221; size=&#8221;xl&#8221; align=&#8221;center&#8221; custom_color=&#8221;#1e73be&#8221;][vc_column_text]<\/p>\n<p style=\"text-align: center;\"><strong>DIMOSTRA LA TUA LEADERSHIP<\/strong><\/p>\n<p>[\/vc_column_text][\/vc_column][vc_column width=&#8221;1\/6&#8243;][vc_icon icon_fontawesome=&#8221;fa fa-tag&#8221; color=&#8221;custom&#8221; size=&#8221;xl&#8221; align=&#8221;center&#8221; custom_color=&#8221;#1e73be&#8221;][vc_column_text]<\/p>\n<p style=\"text-align: center;\"><strong>RAFFORZA LA TUA BRAND IDENTITY<\/strong><\/p>\n<p>[\/vc_column_text][\/vc_column][vc_column width=&#8221;1\/6&#8243;][vc_icon icon_fontawesome=&#8221;fa fa-briefcase&#8221; color=&#8221;custom&#8221; size=&#8221;xl&#8221; align=&#8221;center&#8221; custom_color=&#8221;#1e73be&#8221;][vc_column_text]<\/p>\n<p style=\"text-align: center;\"><strong>MOSTRA I TUOI NUOVI PRODOTTI\u00a0<\/strong><\/p>\n<p>[\/vc_column_text][\/vc_column][\/vc_row][vc_row][vc_column][vc_column_text css=&#8221;.vc_custom_1591960117967{padding-top: 20px !important;padding-bottom: 20px !important;}&#8221;]<\/p>\n<h2 style=\"text-align: center;\"><span style=\"color: #000000;\">Come partecipare<\/span><\/h2>\n<p>[\/vc_column_text][\/vc_column][\/vc_row][vc_row][vc_column width=&#8221;1\/4&#8243;][vc_single_image image=&#8221;4487&#8243; img_size=&#8221;full&#8221; alignment=&#8221;center&#8221; style=&#8221;vc_box_circle&#8221; css_animation=&#8221;slideInLeft&#8221;][vc_column_text]<\/p>\n<h2><span style=\"color: #000000;\">Intervento al tavolo dei relatori<\/span><\/h2>\n<p>Il punto di forza dell&#8217;evento\u00a0<i>\u00a0<\/i>\u00e8 la qualit\u00e0 e la quantit\u00e0 dei case study. In qualit\u00e0 di\u00a0Main Partner avrete la possibilit\u00e0 di essere presenti nel prestigioso Panel di Relatori.[\/vc_column_text][\/vc_column][vc_column width=&#8221;1\/4&#8243;][vc_single_image image=&#8221;4479&#8243; img_size=&#8221;full&#8221; alignment=&#8221;center&#8221; style=&#8221;vc_box_circle&#8221; css_animation=&#8221;slideInLeft&#8221;][vc_column_text]<\/p>\n<h2><span style=\"color: #000000;\">Relatore in una tavola rotonda di discussione<\/span><\/h2>\n<p>Partecipare a una specifica tavola rotonda sulle tematiche pi\u00f9 attuali e innovative per Retail, GDO &amp; Fashion.[\/vc_column_text][\/vc_column][vc_column width=&#8221;1\/4&#8243;][vc_single_image image=&#8221;4490&#8243; img_size=&#8221;full&#8221; alignment=&#8221;center&#8221; style=&#8221;vc_box_circle&#8221; css_animation=&#8221;slideInLeft&#8221;][vc_column_text]<\/p>\n<h2><span style=\"color: #000000;\">Pranzo VIP<\/span><\/h2>\n<p>Pranzo riservato a tutti gli speaker e gli ospiti VIP per uno scambio di opinioni in un ambiente accogliente e rilassante.[\/vc_column_text][\/vc_column][vc_column width=&#8221;1\/4&#8243;][vc_single_image image=&#8221;3843&#8243; img_size=&#8221;full&#8221; alignment=&#8221;center&#8221; style=&#8221;vc_box_circle&#8221; css_animation=&#8221;slideInLeft&#8221;][vc_column_text]<\/p>\n<h2><span style=\"color: #000000;\">Stand Area Expo<\/span><\/h2>\n<p>Per tutta la durata della manifestazione sar\u00e0 allestita un\u2019Area Espositiva nata per favorire l\u2019incontro di domanda e offerta. Gli espositori avranno a disposizione uno stand preallestito per incontrare i partecipanti fornire loro tutti i dettagli tecnici relativi ai servizi e prodotti offerti.[\/vc_column_text][\/vc_column][\/vc_row][vc_row css=&#8221;.vc_custom_1591961767413{border-bottom-width: 100px !important;}&#8221;][vc_column width=&#8221;1\/4&#8243;]\n       <div class=\"btn-wraapper  vc_custom_1591965294691\" style=\"text-align: center\">\n           <a class=\"ev-border-btn \" href=\"http:\/\/its-all-retail.com\/index.php\/diventa-partner\/\" target=\"_blank\">\n               RICHIEDI INFO           <\/a>\n       <\/div>\n\n\n        [\/vc_column][vc_column width=&#8221;1\/4&#8243;]\n       <div class=\"btn-wraapper  vc_custom_1591965294691\" style=\"text-align: center\">\n           <a class=\"ev-border-btn \" href=\"http:\/\/its-all-retail.com\/index.php\/diventa-partner\/\" target=\"_blank\">\n               RICHIEDI INFO           <\/a>\n       <\/div>\n\n\n        [\/vc_column][vc_column width=&#8221;1\/4&#8243;]\n       <div class=\"btn-wraapper  vc_custom_1591965294691\" style=\"text-align: center\">\n           <a class=\"ev-border-btn \" href=\"http:\/\/its-all-retail.com\/index.php\/diventa-partner\/\" target=\"_blank\">\n               RICHIEDI INFO           <\/a>\n       <\/div>\n\n\n        [\/vc_column][vc_column width=&#8221;1\/4&#8243;]\n       <div class=\"btn-wraapper  vc_custom_1591965294691\" style=\"text-align: center\">\n           <a class=\"ev-border-btn \" href=\"http:\/\/its-all-retail.com\/index.php\/diventa-partner\/\" target=\"_blank\">\n               RICHIEDI INFO           <\/a>\n       <\/div>\n\n\n        [\/vc_column][\/vc_row]<\/p>\n","protected":false},"excerpt":{"rendered":"<p>[vc_row full_width=&#8221;stretch_row&#8221; video_bg=&#8221;yes&#8221; video_bg_url=&#8221;https:\/\/www.youtube.com\/watch?v=zATHgpPoeWY&#8221; css=&#8221;.vc_custom_1591967753272{padding-top: 20px !important;padding-bottom: 20px !important;}&#8221;][vc_column css=&#8221;.vc_custom_1591956673291{padding-top: 20px !important;}&#8221;][vc_column_text css=&#8221;.vc_custom_1592398157895{padding-top: 20px !important;}&#8221;] Perch\u00e8 diventare Partner &amp; Exhibitor Alcuni buoni motivi per diventare partner dell&#8217;evento [\/vc_column_text][\/vc_column][\/vc_row][vc_row css=&#8221;.vc_custom_1591958655105{padding-top: 20px !important;}&#8221;][vc_column width=&#8221;1\/6&#8243;][vc_icon icon_fontawesome=&#8221;fa fa-users&#8221; color=&#8221;custom&#8221; size=&#8221;xl&#8221; align=&#8221;center&#8221; custom_color=&#8221;#1e73be&#8221;][vc_column_text] GENERA NUOVI CONTATTI [\/vc_column_text][\/vc_column][vc_column width=&#8221;1\/6&#8243;][vc_icon icon_fontawesome=&#8221;fa fa-lightbulb-o&#8221; color=&#8221;custom&#8221; size=&#8221;xl&#8221; align=&#8221;center&#8221; custom_color=&#8221;#1e73be&#8221;][vc_column_text] PROMUOVI LE TUE SOLUZIONI [\/vc_column_text][\/vc_column][vc_column width=&#8221;1\/6&#8243;][vc_icon [&hellip;]<\/p>\n","protected":false},"author":2,"featured_media":0,"parent":0,"menu_order":0,"comment_status":"closed","ping_status":"closed","template":"","meta":{"footnotes":""},"yoast_head":"<!-- This site is optimized with the Yoast SEO plugin v22.8 - https:\/\/yoast.com\/wordpress\/plugins\/seo\/ -->\n<title>Perch\u00e8 diventare Partner &amp; Exhibitor di IT&#039;S ALL RETAIL<\/title>\n<meta name=\"description\" content=\"Partner: Genera Nuovi Contatti, Costruisci Nuove Partneship, Rafforza Brand Identity, Promuovi Soluzioni, Dimostra Leadership, Risparmia Tempo e Denaro\" \/>\n<meta name=\"robots\" content=\"index, follow, max-snippet:-1, max-image-preview:large, max-video-preview:-1\" \/>\n<link rel=\"canonical\" href=\"https:\/\/its-all-retail.com\/index.php\/perche-diventare-partner-2\/\" \/>\n<meta property=\"og:locale\" content=\"it_IT\" \/>\n<meta property=\"og:type\" content=\"article\" \/>\n<meta property=\"og:title\" content=\"Perch\u00e8 diventare Partner &amp; Exhibitor di IT&#039;S ALL RETAIL\" \/>\n<meta property=\"og:description\" content=\"Partner: Genera Nuovi Contatti, Costruisci Nuove Partneship, Rafforza Brand Identity, Promuovi Soluzioni, Dimostra Leadership, Risparmia Tempo e Denaro\" \/>\n<meta property=\"og:url\" content=\"https:\/\/its-all-retail.com\/index.php\/perche-diventare-partner-2\/\" \/>\n<meta property=\"og:site_name\" content=\"It&#039;s all RETAIL\" \/>\n<meta property=\"article:modified_time\" content=\"2024-07-22T09:02:33+00:00\" \/>\n<meta name=\"twitter:card\" content=\"summary_large_image\" \/>\n<meta name=\"twitter:label1\" content=\"Tempo di lettura stimato\" \/>\n\t<meta name=\"twitter:data1\" content=\"2 minuti\" \/>\n<script type=\"application\/ld+json\" class=\"yoast-schema-graph\">{\"@context\":\"https:\/\/schema.org\",\"@graph\":[{\"@type\":\"WebPage\",\"@id\":\"https:\/\/its-all-retail.com\/index.php\/perche-diventare-partner-2\/\",\"url\":\"https:\/\/its-all-retail.com\/index.php\/perche-diventare-partner-2\/\",\"name\":\"Perch\u00e8 diventare Partner & Exhibitor di IT'S ALL RETAIL\",\"isPartOf\":{\"@id\":\"https:\/\/its-all-retail.com\/#website\"},\"datePublished\":\"2020-06-12T10:05:45+00:00\",\"dateModified\":\"2024-07-22T09:02:33+00:00\",\"description\":\"Partner: Genera Nuovi Contatti, Costruisci Nuove Partneship, Rafforza Brand Identity, Promuovi Soluzioni, Dimostra Leadership, Risparmia Tempo e Denaro\",\"breadcrumb\":{\"@id\":\"https:\/\/its-all-retail.com\/index.php\/perche-diventare-partner-2\/#breadcrumb\"},\"inLanguage\":\"it-IT\",\"potentialAction\":[{\"@type\":\"ReadAction\",\"target\":[\"https:\/\/its-all-retail.com\/index.php\/perche-diventare-partner-2\/\"]}]},{\"@type\":\"BreadcrumbList\",\"@id\":\"https:\/\/its-all-retail.com\/index.php\/perche-diventare-partner-2\/#breadcrumb\",\"itemListElement\":[{\"@type\":\"ListItem\",\"position\":1,\"name\":\"Home\",\"item\":\"https:\/\/its-all-retail.com\/\"},{\"@type\":\"ListItem\",\"position\":2,\"name\":\"Perch\u00e8 diventare partner 2021\"}]},{\"@type\":\"WebSite\",\"@id\":\"https:\/\/its-all-retail.com\/#website\",\"url\":\"https:\/\/its-all-retail.com\/\",\"name\":\"It&#039;s all RETAIL\",\"description\":\"Connecting Retailers\",\"potentialAction\":[{\"@type\":\"SearchAction\",\"target\":{\"@type\":\"EntryPoint\",\"urlTemplate\":\"https:\/\/its-all-retail.com\/?s={search_term_string}\"},\"query-input\":\"required name=search_term_string\"}],\"inLanguage\":\"it-IT\"}]}<\/script>\n<!-- \/ Yoast SEO plugin. -->","yoast_head_json":{"title":"Perch\u00e8 diventare Partner & Exhibitor di IT'S ALL RETAIL","description":"Partner: Genera Nuovi Contatti, Costruisci Nuove Partneship, Rafforza Brand Identity, Promuovi Soluzioni, Dimostra Leadership, Risparmia Tempo e Denaro","robots":{"index":"index","follow":"follow","max-snippet":"max-snippet:-1","max-image-preview":"max-image-preview:large","max-video-preview":"max-video-preview:-1"},"canonical":"https:\/\/its-all-retail.com\/index.php\/perche-diventare-partner-2\/","og_locale":"it_IT","og_type":"article","og_title":"Perch\u00e8 diventare Partner & Exhibitor di IT'S ALL RETAIL","og_description":"Partner: Genera Nuovi Contatti, Costruisci Nuove Partneship, Rafforza Brand Identity, Promuovi Soluzioni, Dimostra Leadership, Risparmia Tempo e Denaro","og_url":"https:\/\/its-all-retail.com\/index.php\/perche-diventare-partner-2\/","og_site_name":"It&#039;s all RETAIL","article_modified_time":"2024-07-22T09:02:33+00:00","twitter_card":"summary_large_image","twitter_misc":{"Tempo di lettura stimato":"2 minuti"},"schema":{"@context":"https:\/\/schema.org","@graph":[{"@type":"WebPage","@id":"https:\/\/its-all-retail.com\/index.php\/perche-diventare-partner-2\/","url":"https:\/\/its-all-retail.com\/index.php\/perche-diventare-partner-2\/","name":"Perch\u00e8 diventare Partner & Exhibitor di IT'S ALL RETAIL","isPartOf":{"@id":"https:\/\/its-all-retail.com\/#website"},"datePublished":"2020-06-12T10:05:45+00:00","dateModified":"2024-07-22T09:02:33+00:00","description":"Partner: Genera Nuovi Contatti, Costruisci Nuove Partneship, Rafforza Brand Identity, Promuovi Soluzioni, Dimostra Leadership, Risparmia Tempo e Denaro","breadcrumb":{"@id":"https:\/\/its-all-retail.com\/index.php\/perche-diventare-partner-2\/#breadcrumb"},"inLanguage":"it-IT","potentialAction":[{"@type":"ReadAction","target":["https:\/\/its-all-retail.com\/index.php\/perche-diventare-partner-2\/"]}]},{"@type":"BreadcrumbList","@id":"https:\/\/its-all-retail.com\/index.php\/perche-diventare-partner-2\/#breadcrumb","itemListElement":[{"@type":"ListItem","position":1,"name":"Home","item":"https:\/\/its-all-retail.com\/"},{"@type":"ListItem","position":2,"name":"Perch\u00e8 diventare partner 2021"}]},{"@type":"WebSite","@id":"https:\/\/its-all-retail.com\/#website","url":"https:\/\/its-all-retail.com\/","name":"It&#039;s all RETAIL","description":"Connecting Retailers","potentialAction":[{"@type":"SearchAction","target":{"@type":"EntryPoint","urlTemplate":"https:\/\/its-all-retail.com\/?s={search_term_string}"},"query-input":"required name=search_term_string"}],"inLanguage":"it-IT"}]}},"_links":{"self":[{"href":"https:\/\/its-all-retail.com\/index.php\/wp-json\/wp\/v2\/pages\/5402"}],"collection":[{"href":"https:\/\/its-all-retail.com\/index.php\/wp-json\/wp\/v2\/pages"}],"about":[{"href":"https:\/\/its-all-retail.com\/index.php\/wp-json\/wp\/v2\/types\/page"}],"author":[{"embeddable":true,"href":"https:\/\/its-all-retail.com\/index.php\/wp-json\/wp\/v2\/users\/2"}],"replies":[{"embeddable":true,"href":"https:\/\/its-all-retail.com\/index.php\/wp-json\/wp\/v2\/comments?post=5402"}],"version-history":[{"count":32,"href":"https:\/\/its-all-retail.com\/index.php\/wp-json\/wp\/v2\/pages\/5402\/revisions"}],"predecessor-version":[{"id":9228,"href":"https:\/\/its-all-retail.com\/index.php\/wp-json\/wp\/v2\/pages\/5402\/revisions\/9228"}],"wp:attachment":[{"href":"https:\/\/its-all-retail.com\/index.php\/wp-json\/wp\/v2\/media?parent=5402"}],"curies":[{"name":"wp","href":"https:\/\/api.w.org\/{rel}","templated":true}]}}