{"id":2527,"date":"2017-09-02T08:20:02","date_gmt":"2017-09-02T06:20:02","guid":{"rendered":"http:\/\/its-all-retail.com\/?page_id=2527"},"modified":"2018-11-12T16:45:35","modified_gmt":"2018-11-12T15:45:35","slug":"privacy-cookie-policy","status":"publish","type":"page","link":"https:\/\/its-all-retail.com\/index.php\/privacy-cookie-policy\/","title":{"rendered":"Privacy &#038; Cookie Policy"},"content":{"rendered":"<p><strong>INFORMATIVA TRATTAMENTO DEI DATI PERSONALI<\/strong><br \/>\nI dati personali fornitici costituiscono oggetto di \u201ctrattamento\u201d svolto nel rispetto dei diritti, delle libert\u00e0 fondamentali, nonch\u00e9 della dignit\u00e0 delle persone fisiche e giuridiche, con particolare riferimento alla riservatezza e all\u2019identit\u00e0 personale delle stesse. Tenuto conto di quanto disposto dal decreto legislativo 30 giugno 2003 n. 196 Codice in materia di protezione dei dati personali e degli articoli 13 e 14 del regolamento UE N. 679\/2016 (in seguito GDPR) ed al fine di ottenere il consenso Vi informiamo di quanto segue:<\/p>\n<p><strong>FINALIT\u00c0 DEL TRATTAMENTO<\/strong><br \/>\nI dati personali forniti sono destinati al trattamento ad opera di BRAINZ SRL funzionale al perfezionamento dei rapporti giuridici inerenti la sfera di attivit\u00e0 della societ\u00e0 ed al corretto adempimento delle relative obbligazioni. I dati sono trattati al fine di permettere al soggetto interessato di partecipare ad un evento organizzato BRAINZ e per l\u2019adempimento di ogni altro onere relativo. L\u2019invio di comunicazioni promozionali pu\u00f2 avvenire tramite modalit\u00e0 tradizionali di contatto (telefonate con operatore, posta cartacea) e modalit\u00e0 automatizzate (posta elettronica, SMS). I dati personali sono inoltre trattati per il compimento di ricerche statistiche e di mercato.<br \/>\n<strong>MODALIT\u00c0 DEL TRATTAMENTO<\/strong><br \/>\nIl trattamento si attua mediante operazioni o complessi di operazioni di raccolta, registrazione e organizzazione del dato: elaborazione, compresi modifica, raffronto\/interconnessione; utilizzo, comprese consultazione e comunicazione; conservazione; cancellazione. I dati vengono custoditi e controllati mediante adozione di idonee misure preventive di sicurezza volte a ridurre al minimo i rischi di perdita e distruzione, di accesso non autorizzato, di trattamento non consentita e non conforme alle finalit\u00e0 per cui l\u2019assenso alla raccolta \u00e8 prestato. Il trattamento \u00e8 effettuato anche con l\u2019ausilio di mezzi elettronici o comunque automatizzati ed \u00e8 svolto direttamente dal Titolare, BRAINZ SRL.<br \/>\n<strong>COMUNICAZIONE DEI DATI<\/strong><br \/>\nI soggetti che possono venire a conoscenza dei dati personali, nei limiti strettamente necessari per adempiere alle finalit\u00e0 sopra esposte, sono soggetti nominati Incaricati o Responsabili al trattamento dei dati personali da BRAINZ SRL.<br \/>\nOltre al personale interno, i dati personali saranno comunicati ai soggetti esterni che si occupano per conto del titolare della gestione dei sistemi informatici adibiti all\u2019invio di comunicazioni promozionali.<br \/>\nI dati personali possono essere comunicati a soggetti terzi che intervengono attivamente agli eventi a cui i soggetti iscritti partecipano.<br \/>\nLa comunicazione dei dati a tali soggetti avviene per il compimento di loro finalit\u00e0 promozionali e pu\u00f2 avvenire solo previo consenso del soggetto interessato.<\/p>\n<p>I suoi dati non saranno oggetto di trasferimento al di fuori dell\u2019Unione Europea. Resto in ogni caso inteso che il Titolare, ove si rendesse necessario per l\u2019esecuzione del contratto con lei concluso e\/o per la conclusione o l\u2019esecuzione di un contratto stipulato dal Titolare con un terzo a suo favore, avr\u00e0 facolt\u00e0, previo suo esplicito consenso, di comunicatore i suoi dati verso Paesi Terzi anche in assenza di una decisione di adeguatezza della commissione europea per mancanza in detto Paese Terzo di un livello di protezione adeguato dei dati. In detta ipotesi il trasferimento dei dati extra UE in avverr\u00e0 in conformit\u00e0 alle disposizioni di legge applicabili stipulando se necessari accordi che garantiscano un livello di protezione adeguato e\/o adottando le clausole contrattuali standard previste dalla Commissione Europea.<br \/>\nLei ha diritto di ottenere copia dei propri dati come precisato nei successivi paragrafi della presente informativa con le modalit\u00e0 indicate.<br \/>\n<strong>CONFERIMENTO DEI DATI E CONSEGUENZA DI EVENTUALE RIFIUTO<\/strong><br \/>\nIl conferimento dei dati personali, ferme l\u2019autonomia dell\u2019interessato e l\u2019obbligatoriet\u00e0 per legge o disposizione comunitaria, costituisce condizione strettamente necessaria alla conclusione di nuovi rapporti e alla loro conseguente gestione ed esecuzione; l\u2019eventuale rifiuto comporta l\u2019impossibilit\u00e0 di concedere al soggetto la partecipazione all\u2019evento.<br \/>\n\u00c8 facoltativo il conferimento ai fini dello svolgimento di attivit\u00e0 di informazione e di promozione commerciale nei confronti dell\u2019interessato, sia da parte di BRAINZ che da parte dei Partner, e il rifiuto non comporta alcuna conseguenza sui rapporti giuridici in essere ovvero in corso di costituzione, ma preclude la possibilit\u00e0 di svolgere le predette attivit\u00e0.<br \/>\n\u00c8 facoltativo inoltre per attivit\u00e0 di profilazione e iniziative statistiche e per ricerche di mercato.<br \/>\n<strong>DIFFUSIONE DEI DATI<\/strong><br \/>\nI dati personali non sono soggetti a diffusione.<br \/>\n<strong>CONSERVAZIONE DEI DATI<\/strong><br \/>\nIl Titolare conserver\u00e0 i dati degli interessati in una forma che consenta l\u2019identificazione degli stessi per un arco temporale non superiore al conseguimento delle finalit\u00e0 per le quali i dati sono stati raccolti; verranno pertanto conservati fino all\u2019esistenza del rapporto contrattuale in essere. I dati strettamente necessari per gli adempimenti fiscali, contabili, venuta meno la finalit\u00e0 per la quale erano stati raccolti, verranno conservati per 10 anni o per il diverso periodo previsto dalle normative in materia. I dati raccolti per informare i soggetti in merito alle iniziative attinenti agli interessi dei medesimi verranno conservati per 5 anni.<br \/>\n<strong>DIRITTI DELL&#8217;INTERESSATO<\/strong><br \/>\nL&#8217; interessato, ha i diritti di cui all&#8217;art . 7 Codice Privacy e art. 15 GDPR (diritto di accesso) ovvero i diritti di:<br \/>\nI. ottenere la conferma dell&#8217;esistenza o meno di dati personali che la riguardano, anche se non ancora registrati, e la loro comunicazione in forma intelligibile. II. ottenere I&#8217;indicazione: a) dell&#8217;origine dei dati personali; b) delle finalit\u00e0 e modalit\u00e0 del trattamento; c) della logica applicata in caso di trattamento effettuato con l&#8217;ausilio di strumenti elettronici; d) degli estremi identificativi del titolare, dei responsabili e del rappresentante designato ai sensi dell&#8217;art. 5, comma 2 Codice Privacy e art. 3, comma 1,GDPR; e) dei soggetti o delle categorie di soggetti ai quali i dati personali possono essere comunicati o che possono venirne a conoscenza in qualit\u00e0 di rappresentante designate nel territorio dello Stato, di responsabili o incaricati. Ill. ottenere :<br \/>\na) l&#8217;aggiornamento, la rettificazione ovvero, quando vi ha interesse, l&#8217;integrazione dei dati; b) la cancellazione, la trasformazione in forma anonima o il blocco dei dati trattati in violazione di legge, compresi quelli di cui non \u00e8 necessaria la conservazione in relazione agli scopi per i quali i dati sono stati raccolti o successivamente trattati; c) l&#8217;attestazione che le operazioni di cui alle lettere a) e b) sono state portate a conoscenza, anche per quanto riguarda il loro contenuto, di coloro ai quali i dati sono stati comunicati o diffusi, eccettuato il caso in cui tale adempimento si rivela impossibile o comporta un impiego di mezzi manifestamente sproporzionato rispetto al diritto tutelato. IV. opporsi, in tutto o in parte: a) per motivi legittimi al trattamento dei dati personali che lo riguardano, ancorch\u00e8 pertinenti allo scopo della raccolta; b) al trattamento di dati personali che lo riguardano a fini di invio di materiale pubblicitario o di vendita diretta o per il compimento di ricerche di mercato o di comunicazioni commerciali; V. il diritto di proporre reclamo all&#8217;Autorit\u00e0 di controllo per qualunque questione attinente il suddetto trattamento dei dati. Ai sensi degli artt. da 16 a 22 GDPR Lei potr\u00e0 esercitare: VI. il diritto di rettifica (art. 16), VII. il diritto all&#8217;oblio (cancellazione art. 17), VIII. il diritto di limitazione del Trattamento (art. 18), IX. il diritto ad ottenere dal Titolare la notifica ai destinatari cui sono stati trasmessi i dati delle eventuali rettifiche o cancellazioni o limitazioni del trattamento (art. 19), X. il diritto alla portabilit\u00e0 (art. 20), XI. il diritto di opposizione (art. 21), XII. il diritto di rifiutare il processo automatizzato (art. 22). In tal modo Le viene consentito di accedere ai propri dati per: \u2022 Verificarne la veridicit\u00e0; \u00b7 Modificarli nel caso divengano inesatti; \u00b7 lntegrarli anche con dichiarazione integrativa; \u00b7 Richiederne la cancellazione; \u00b7 Limitarne il trattamento; \u00b7 Opporsi al trattamento . L&#8217;interessato potr\u00e0 revocare in qualsiasi momento il consenso espresso in relazione alle distinte finalit\u00e0 sopra indicate, salvo l&#8217;impossibilit\u00e0 di prosecuzione dei rapporti commerciali come indicato e fermo restando il trattamento dei dati precedentemente acquisiti per l&#8217;adempimento degli obblighi fiscali e tributari dipendenti dai contratti conclusi.<br \/>\n<strong>CANCELLAZIONE DEI DATI<\/strong><br \/>\nII Titolare in osservanza al corrispondente diritto di accesso all&#8217;interessato, ha predisposto procedure per le quali gli interessati possano richiedere la cancellazione senza ingiustificato ritardo dei dati personali o la limitazione del trattamento dei dati personali che Ii riguardano per i seguenti motivi: \u2022 Perch\u00e8 i dati non sono pi\u00f9 necessari per le finalit\u00e0 per le quali erano stati raccolti; \u00b7 Perch\u00e8 l&#8217;interessato ha revocato il consenso; \u2022 Perch\u00e8 l&#8217;interessato si oppone al trattamento; \u2022 Perch\u00e8 i dati sono trattati in maniera illecita.<br \/>\n<strong>MODALIT\u00c0 DI ESERCIZIO DEI DIRITTI<\/strong><br \/>\nTutti i diritti indicati nei precedenti paragrafi potranno essere esercitati dall&#8217;interessato tramite:<br \/>\nTel. 02 671658286 Email: info@brainz-italy.com<\/p>\n<p><strong>TITOLARE E RESPONSABILE DEL TRATTAMENTO<\/strong><br \/>\nTitolare e responsabile del trattamento \u00e8 BRAINZ SRL, Piazza IV Novembre 4, nei cui confronti il partecipante potr\u00e0 esercitare i diritti di cui all\u2019art. 7 del D. Lgs 196\/03 e articolo 15 GDPR.<br \/>\n<strong>COOKIE POLICY AI SENSI DEL PROVVEDIMENTO N. 229 DELL\u20198 MAGGIO 2014<\/strong><br \/>\nQuesto sito, di propriet\u00e0 di BRAINZ SRL, impiega cookie.<br \/>\nI cookie sono piccole stringhe di testo che vengono salvate sul computer dell\u2019utente in seguito all\u2019accesso al sito web. Queste stringhe, che non contengono alcun codice eseguibile e conseguentemente non possono veicolare codice malevolo, sono scambiate tra il sito web visitato e il browser di navigazione. Essi vengono impiegati per compiere differenti attivit\u00e0 come autenticazioni automatiche, tenere traccia delle sessioni di navigazione dell\u2019utente, memorizzare informazioni per migliorare la navigabilit\u00e0 del sito stesso.<br \/>\nIl provvedimento generale dell\u2019autorit\u00e0 garante della privacy (GU n. 126 del 3 giugno 2014) ha definito due tipologie di cookie:<br \/>\nCookie tecnici \u2013 Impiegati ai soli fini di permettere la trasmissione di una comunicazione, di completare un servizio richiesto dall\u2019utente o di effettuare ricerche statistiche. Cookie di profilazione \u2013 Impiegati per registrare il comportamento di un utente e le preferenze manifestate al fine di inviare messaggi pubblicitari in linea con il suo profilo. Si comunica che questo sito web non impiega cookie di profilazione, ma solo cookie tecnici e cookie atti all\u2019analisi statistica degli accessi.<br \/>\nIn riferimento al suddetto provvedimento si comunica che il sito utilizza differenti tipologie di Cookie forniti da terza parte (soggetto che installa propri cookie per tramite del seguente sito).<br \/>\nIl sito utilizza specifici cookie per effettuare analisi statistiche: i Google Analytics. Questo costituisce uno strumento di analisi web fornito da Google che consente di raccogliere e analizzare le informazioni in forma anonima ed elaborare dei report sulle visite e sui flussi di accesso ad un sito web. Questo strumento viene impiegato per meglio comprendere l\u2019utilizzo del sito e per migliorare l\u2019esperienza di navigazione dei nostri utenti.<br \/>\nLa privacy policy di Google, sulla quale vengono fornite ulteriori informazioni, \u00e8 disponibile al seguente link:http:\/\/www.google.it\/intl\/it\/policies\/privacy\/<br \/>\nVengono, inoltre, impiegati cookie atti al funzionamento del servizio di chat integrato nel sito. Tali strumenti sono impiegati da Zopim. La privacy policy di Zopim, sulla quale vengono fornite ulteriori informazioni, \u00e8 disponibile al seguente link: https:\/\/www.zopim.com\/cookie\/<br \/>\n<strong>COME IMPEDIRE L&#8217;IMPIEGO DEI COOKIE<\/strong><br \/>\nLa maggior parte dei browser internet \u00e8 configurata per accettare i cookie di default. \u00c8 per\u00f2 possibile controllare e disabilitare i cookie attraverso le impostazioni del browser. Di seguito si descrivono le procedure di disattivazione per i browser pi\u00f9 diffusi:<br \/>\n<strong>CHROME<\/strong><br \/>\nEseguire il Browser Chrome<br \/>\nFare click sul men\u00f9 presente nella barra degli strumenti del browser<br \/>\nSelezionare Impostazioni<br \/>\nFare clic su Mostra Impostazioni Avanzate<br \/>\nNella sezione \u201cPrivacy\u201d fare clic su bottone \u201cImpostazioni contenuti\u201c<br \/>\nNella sezione \u201cCookie\u201d \u00e8 possibile modificare le seguenti impostazioni relative ai cookie:<br \/>\nConsentire il salvataggio dei dati in locale<br \/>\nModificare i dati locali solo fino alla chiusura del browser<br \/>\nImpedire ai siti di impostare i cookie<br \/>\nBloccare i cookie di terze parti e i dati dei siti<br \/>\nGestire le eccezioni per alcuni siti internet<br \/>\nEliminazione di uno o tutti i cookie<br \/>\nPer maggiori informazioni visiti la pagina dedicata:<br \/>\nhttps:\/\/support.google.com\/accounts\/answer\/61416?hl=en<br \/>\n<strong>MOZILLA FIREFOX<\/strong><br \/>\nEseguire il Browser Mozilla Firefox<br \/>\nFare click sul men\u00f9 presente nella barra degli strumenti del browser<br \/>\nSelezionare Opzioni<br \/>\nSeleziona il pannello Privacy<br \/>\nFare clic su Mostra Impostazioni Avanzate<br \/>\nNella sezione \u201cPrivacy\u201d fare clic su bottone \u201cImpostazioni contenuti\u201c<br \/>\nNella sezione \u201cTracciamento\u201d \u00e8 possibile modificare le seguenti impostazioni relative ai cookie:<br \/>\nRichiedi ai siti di non effettuare alcun tracciamento<br \/>\nComunica ai siti la disponibilit\u00e0 ad essere tracciato<br \/>\nNon comunicare alcuna preferenza relativa al tracciamento dei dati personali<br \/>\nDalla sezione \u201cCronologia\u201d \u00e8 possibile:<br \/>\nSelezionare di accettare i cookie di terze parti e di conservarli per un periodo determinato<br \/>\nRimuovere i singoli cookie immagazzinati<br \/>\nPer maggiori informazioni visiti la pagina dedicata:<br \/>\nhttps:\/\/support.mozilla.org\/en-US\/kb\/enable-and-disable-cookies-website-preferences<br \/>\n<strong>INTERNET EXPLORER<\/strong><br \/>\nEseguire il Browser Internet Explorer<br \/>\nFare click sul pulsante Strumenti e scegliere Opzioni Internet<br \/>\nFare click sulla scheda Privacy e nella sezione Impostazioni \u00e8 possibile:<br \/>\nBloccare tutti i cookie<br \/>\nConsentire tutti i cookie<br \/>\nSelezione dei siti ai quali consentire l\u2019uso dei cookie<br \/>\nPer maggiori informazioni visiti la pagina dedicata:<br \/>\nhttp:\/\/windows.microsoft.com\/it-it\/windows-vista\/block-or-allow-cookies<br \/>\n<strong>SAFARI<\/strong><br \/>\nEseguire il Browser Safari<br \/>\nFare click su Safari, selezionare Preferenze e premere su Privacy<br \/>\nNella sezione Blocca Cookie specificare come Safari deve accettare i cookie dai siti internet.<br \/>\nPer visionare quali siti hanno istallato i cookie cliccare su Dettagli<br \/>\nPer maggiori informazioni visiti la pagina dedicata:<br \/>\nhttp:\/\/support.apple.com\/kb\/ph11913<br \/>\n<strong>OPERA<\/strong><br \/>\nEseguire il Browser Opera<br \/>\nFare click sul Preferenze poi su Avanzate e infine su Cookie<br \/>\nSelezionare una delle seguenti opzioni:<br \/>\nAccetta tutti i cookie<br \/>\nAccetta i cookie solo dal sito che si visita<br \/>\nNon accettare mai i cookie<br \/>\nPer maggiori informazioni visiti la pagina dedicata:<br \/>\nhttp:\/\/windows.microsoft.com\/it-it\/windows-vista\/block-or-allow-cookies<br \/>\nPer le informazioni su come gestire e cancellare i cookies sul Suo tablet e\/o telefono cellulare, La invitiamo a consultare la sezione \u201cAiuto\u201d del browser da Lei utilizzato.<br \/>\nLe ricordiamo per\u00f2 che disabilitare i cookie di navigazione o i cookie funzionali, pu\u00f2 limitare il servizio da noi offerto.<\/p>\n","protected":false},"excerpt":{"rendered":"<p>INFORMATIVA TRATTAMENTO DEI DATI PERSONALI I dati personali fornitici costituiscono oggetto di \u201ctrattamento\u201d svolto nel rispetto dei diritti, delle libert\u00e0 fondamentali, nonch\u00e9 della dignit\u00e0 delle persone fisiche e giuridiche, con particolare riferimento alla riservatezza e all\u2019identit\u00e0 personale delle stesse. Tenuto conto di quanto disposto dal decreto legislativo 30 giugno 2003 n. 196 Codice in materia [&hellip;]<\/p>\n","protected":false},"author":1,"featured_media":0,"parent":0,"menu_order":0,"comment_status":"closed","ping_status":"closed","template":"","meta":{"footnotes":""},"yoast_head":"<!-- This site is optimized with the Yoast SEO plugin v22.8 - https:\/\/yoast.com\/wordpress\/plugins\/seo\/ -->\n<title>Privacy &amp; Cookie Policy - It&#039;s all RETAIL<\/title>\n<meta name=\"robots\" content=\"index, follow, max-snippet:-1, max-image-preview:large, max-video-preview:-1\" \/>\n<link rel=\"canonical\" href=\"https:\/\/its-all-retail.com\/index.php\/privacy-cookie-policy\/\" \/>\n<meta property=\"og:locale\" content=\"it_IT\" \/>\n<meta property=\"og:type\" content=\"article\" \/>\n<meta property=\"og:title\" content=\"Privacy &amp; Cookie Policy - It&#039;s all RETAIL\" \/>\n<meta property=\"og:description\" content=\"INFORMATIVA TRATTAMENTO DEI DATI PERSONALI I dati personali fornitici costituiscono oggetto di \u201ctrattamento\u201d svolto nel rispetto dei diritti, delle libert\u00e0 fondamentali, nonch\u00e9 della dignit\u00e0 delle persone fisiche e giuridiche, con particolare riferimento alla riservatezza e all\u2019identit\u00e0 personale delle stesse. Tenuto conto di quanto disposto dal decreto legislativo 30 giugno 2003 n. 196 Codice in materia [&hellip;]\" \/>\n<meta property=\"og:url\" content=\"https:\/\/its-all-retail.com\/index.php\/privacy-cookie-policy\/\" \/>\n<meta property=\"og:site_name\" content=\"It&#039;s all RETAIL\" \/>\n<meta property=\"article:modified_time\" content=\"2018-11-12T15:45:35+00:00\" \/>\n<meta name=\"twitter:card\" content=\"summary_large_image\" \/>\n<meta name=\"twitter:label1\" content=\"Tempo di lettura stimato\" \/>\n\t<meta name=\"twitter:data1\" content=\"11 minuti\" \/>\n<script type=\"application\/ld+json\" class=\"yoast-schema-graph\">{\"@context\":\"https:\/\/schema.org\",\"@graph\":[{\"@type\":\"WebPage\",\"@id\":\"https:\/\/its-all-retail.com\/index.php\/privacy-cookie-policy\/\",\"url\":\"https:\/\/its-all-retail.com\/index.php\/privacy-cookie-policy\/\",\"name\":\"Privacy & Cookie Policy - It&#039;s all RETAIL\",\"isPartOf\":{\"@id\":\"https:\/\/its-all-retail.com\/#website\"},\"datePublished\":\"2017-09-02T06:20:02+00:00\",\"dateModified\":\"2018-11-12T15:45:35+00:00\",\"breadcrumb\":{\"@id\":\"https:\/\/its-all-retail.com\/index.php\/privacy-cookie-policy\/#breadcrumb\"},\"inLanguage\":\"it-IT\",\"potentialAction\":[{\"@type\":\"ReadAction\",\"target\":[\"https:\/\/its-all-retail.com\/index.php\/privacy-cookie-policy\/\"]}]},{\"@type\":\"BreadcrumbList\",\"@id\":\"https:\/\/its-all-retail.com\/index.php\/privacy-cookie-policy\/#breadcrumb\",\"itemListElement\":[{\"@type\":\"ListItem\",\"position\":1,\"name\":\"Home\",\"item\":\"https:\/\/its-all-retail.com\/\"},{\"@type\":\"ListItem\",\"position\":2,\"name\":\"Privacy &#038; Cookie Policy\"}]},{\"@type\":\"WebSite\",\"@id\":\"https:\/\/its-all-retail.com\/#website\",\"url\":\"https:\/\/its-all-retail.com\/\",\"name\":\"It&#039;s all RETAIL\",\"description\":\"Connecting Retailers\",\"potentialAction\":[{\"@type\":\"SearchAction\",\"target\":{\"@type\":\"EntryPoint\",\"urlTemplate\":\"https:\/\/its-all-retail.com\/?s={search_term_string}\"},\"query-input\":\"required name=search_term_string\"}],\"inLanguage\":\"it-IT\"}]}<\/script>\n<!-- \/ Yoast SEO plugin. -->","yoast_head_json":{"title":"Privacy & Cookie Policy - It&#039;s all RETAIL","robots":{"index":"index","follow":"follow","max-snippet":"max-snippet:-1","max-image-preview":"max-image-preview:large","max-video-preview":"max-video-preview:-1"},"canonical":"https:\/\/its-all-retail.com\/index.php\/privacy-cookie-policy\/","og_locale":"it_IT","og_type":"article","og_title":"Privacy & Cookie Policy - It&#039;s all RETAIL","og_description":"INFORMATIVA TRATTAMENTO DEI DATI PERSONALI I dati personali fornitici costituiscono oggetto di \u201ctrattamento\u201d svolto nel rispetto dei diritti, delle libert\u00e0 fondamentali, nonch\u00e9 della dignit\u00e0 delle persone fisiche e giuridiche, con particolare riferimento alla riservatezza e all\u2019identit\u00e0 personale delle stesse. Tenuto conto di quanto disposto dal decreto legislativo 30 giugno 2003 n. 196 Codice in materia [&hellip;]","og_url":"https:\/\/its-all-retail.com\/index.php\/privacy-cookie-policy\/","og_site_name":"It&#039;s all RETAIL","article_modified_time":"2018-11-12T15:45:35+00:00","twitter_card":"summary_large_image","twitter_misc":{"Tempo di lettura stimato":"11 minuti"},"schema":{"@context":"https:\/\/schema.org","@graph":[{"@type":"WebPage","@id":"https:\/\/its-all-retail.com\/index.php\/privacy-cookie-policy\/","url":"https:\/\/its-all-retail.com\/index.php\/privacy-cookie-policy\/","name":"Privacy & Cookie Policy - It&#039;s all RETAIL","isPartOf":{"@id":"https:\/\/its-all-retail.com\/#website"},"datePublished":"2017-09-02T06:20:02+00:00","dateModified":"2018-11-12T15:45:35+00:00","breadcrumb":{"@id":"https:\/\/its-all-retail.com\/index.php\/privacy-cookie-policy\/#breadcrumb"},"inLanguage":"it-IT","potentialAction":[{"@type":"ReadAction","target":["https:\/\/its-all-retail.com\/index.php\/privacy-cookie-policy\/"]}]},{"@type":"BreadcrumbList","@id":"https:\/\/its-all-retail.com\/index.php\/privacy-cookie-policy\/#breadcrumb","itemListElement":[{"@type":"ListItem","position":1,"name":"Home","item":"https:\/\/its-all-retail.com\/"},{"@type":"ListItem","position":2,"name":"Privacy &#038; Cookie Policy"}]},{"@type":"WebSite","@id":"https:\/\/its-all-retail.com\/#website","url":"https:\/\/its-all-retail.com\/","name":"It&#039;s all RETAIL","description":"Connecting Retailers","potentialAction":[{"@type":"SearchAction","target":{"@type":"EntryPoint","urlTemplate":"https:\/\/its-all-retail.com\/?s={search_term_string}"},"query-input":"required name=search_term_string"}],"inLanguage":"it-IT"}]}},"_links":{"self":[{"href":"https:\/\/its-all-retail.com\/index.php\/wp-json\/wp\/v2\/pages\/2527"}],"collection":[{"href":"https:\/\/its-all-retail.com\/index.php\/wp-json\/wp\/v2\/pages"}],"about":[{"href":"https:\/\/its-all-retail.com\/index.php\/wp-json\/wp\/v2\/types\/page"}],"author":[{"embeddable":true,"href":"https:\/\/its-all-retail.com\/index.php\/wp-json\/wp\/v2\/users\/1"}],"replies":[{"embeddable":true,"href":"https:\/\/its-all-retail.com\/index.php\/wp-json\/wp\/v2\/comments?post=2527"}],"version-history":[{"count":3,"href":"https:\/\/its-all-retail.com\/index.php\/wp-json\/wp\/v2\/pages\/2527\/revisions"}],"predecessor-version":[{"id":3529,"href":"https:\/\/its-all-retail.com\/index.php\/wp-json\/wp\/v2\/pages\/2527\/revisions\/3529"}],"wp:attachment":[{"href":"https:\/\/its-all-retail.com\/index.php\/wp-json\/wp\/v2\/media?parent=2527"}],"curies":[{"name":"wp","href":"https:\/\/api.w.org\/{rel}","templated":true}]}}