{"id":10346,"date":"2026-02-12T15:27:26","date_gmt":"2026-02-12T14:27:26","guid":{"rendered":"https:\/\/its-all-retail.com\/?page_id=10346"},"modified":"2026-02-12T15:33:04","modified_gmt":"2026-02-12T14:33:04","slug":"gabriella-formigari-a2a","status":"publish","type":"page","link":"https:\/\/its-all-retail.com\/index.php\/gabriella-formigari-a2a\/","title":{"rendered":"Intervista"},"content":{"rendered":"<p>[vc_row css=&#8221;.vc_custom_1675703833533{padding-top: 20px !important;}&#8221;][vc_column width=&#8221;5\/6&#8243;][vc_single_image image=&#8221;10347&#8243; img_size=&#8221;large&#8221; style=&#8221;vc_box_border_circle_2&#8243;][vc_column_text]<strong>Gabriella Formigari <\/strong>Responsabile Sviluppo Commerciale VAS &#8211; eMobility e Fotovoltaico \u00a0<strong>A2A<\/strong>[\/vc_column_text][\/vc_column][vc_column width=&#8221;1\/6&#8243;][vc_single_image image=&#8221;8197&#8243;][\/vc_column][\/vc_row][vc_row][vc_column][vc_column_text]<\/p>\n<h2><span style=\"color: #333333;\">In un contesto sempre pi\u00f9 complesso, quanto \u00e8 diventato indispensabile per un cliente Corporate con centinaia di punti vendita poter contare su una fatturazione energetica chiara e immediatamente riconciliabile, capace di restituire controllo reale su costi?<\/span><\/h2>\n<p>Per i grandi clienti Corporate questo tema \u00e8 diventato decisivo. Un retailer con centinaia di punti vendita spesso si trova a gestire un\u2019enorme quantit\u00e0 di documenti amministrativi: fatture, conguagli, contratti strutturati, stime di consumo. In questo scenario, le bollette diventano spesso delle vere e proprie \u201cscatole nere\u201d: difficili da riconciliare, ancora pi\u00f9 da interpretare quando entrano in gioco strumenti evoluti come un fixing a bande profilate o un PPA virtuale.<\/p>\n<p>L\u2019impegno di A2A \u00e8 stato quello di trasformare questa complessit\u00e0 in valore concreto: sviluppare un sistema di billing capace di tradurre la tecnica in chiarezza, rendendo ogni informazione accessibile, verificabile e pienamente riconciliabile.<\/p>\n<p>C\u2019\u00e8 poi un aspetto strategico: la crescente attenzione a ESG e sostenibilit\u00e0 rende indispensabile una rendicontazione precisa, non solo sui consumi ma anche sui meccanismi di prezzo e sull\u2019origine dell\u2019energia. Automatizzare la contabilizzazione di PPA o contratti multi strato significa garantire ai retailer una fotografia fedele dei propri flussi energetici un elemento ormai cruciale nei bilanci e nella comunicazione verso il mercato.<\/p>\n<p>In sintesi, A2A non fornisce solo energia, ma trasparenza, controllo e affidabilit\u00e0. In un contesto dove i margini si giocano al decimale e il tempo \u00e8 una risorsa scarsa, disporre di un sistema di fatturazione che parla la stessa lingua della complessit\u00e0 energetica \u00e8, a tutti gli effetti, un vantaggio competitivo.<\/p>\n<p><strong>\u00a0<\/strong><\/p>\n<h2><span style=\"color: #333333;\">In che modo A2A sta integrando energia rinnovabile e mobilit\u00e0 elettrica nel segmento Retail per favorire la transizione verso un modello energetico pi\u00f9 autonomo, basato su produzione da fonti rinnovabili, stoccaggio locale e servizi di ricarica elettrica per clienti e flotte? Come queste soluzioni contribuiscono a rendere i brand pi\u00f9 sostenibili e competitivi?<\/span><\/h2>\n<p>L\u2019integrazione tra energie rinnovabili e mobilit\u00e0 elettrica \u00e8 un pilastro fondamentale della strategia di A2A per accompagnare imprese e territori verso un futuro pi\u00f9 sostenibile. Questa sinergia genera valore economico e ambientale, favorendo l\u2019indipendenza energetica e rendendo la mobilit\u00e0 elettrica sempre pi\u00f9 accessibile e conveniente.<\/p>\n<p>Nel mondo Retail \u2013 dove marchi e insegne cercano di coniugare efficienza e sostenibilit\u00e0 \u2013 le aziende puntano oggi su soluzioni che uniscano innovazione, risparmio e attenzione all\u2019ambiente. A2A supporta questi obiettivi con un\u2019offerta integrata che combina produzione da fonti rinnovabili e infrastrutture di ricarica per veicoli elettrici.<\/p>\n<p>Le nostre soluzioni consentono ai clienti di:<\/p>\n<ul>\n<li>ampliare i servizi offerti, intercettando la crescente comunit\u00e0 degli e-driver e rendendo i punti vendita pi\u00f9 attrattivi;<\/li>\n<li>creare nuove opportunit\u00e0 di business attraverso servizi di ricarica a valore aggiunto;<\/li>\n<li>rafforzare i valori di sostenibilit\u00e0 associati al proprio brand;<\/li>\n<li>ridurre i costi operativi grazie a un uso pi\u00f9 efficiente e intelligente dell\u2019energia.<\/li>\n<\/ul>\n<p>Nel campo delle rinnovabili, A2A propone progetti per incrementare l\u2019autoproduzione e ridurre la dipendenza dalle fluttuazioni dei mercati energetici. Questa autonomia permette alle aziende di pianificare con maggiore sicurezza e di comunicare in modo autentico il proprio impegno ambientale.<\/p>\n<p>Guardando al futuro, la priorit\u00e0 sar\u00e0 aumentare la produzione da fonti rinnovabili e potenziare le tecnologie di accumulo. Solo cos\u00ec sar\u00e0 possibile raggiungere una mobilit\u00e0 davvero sostenibile e un\u2019elevata indipendenza energetica. \u00c8 un percorso che guarda agli obiettivi di decarbonizzazione al 2030 e al 2050, ma che gi\u00e0 oggi genera benefici concreti per aziende, clienti e comunit\u00e0.<\/p>\n<p>&nbsp;<\/p>\n<p>&nbsp;<\/p>\n<p>&nbsp;<\/p>\n<p>&nbsp;[\/vc_column_text][\/vc_column][\/vc_row]<\/p>\n","protected":false},"excerpt":{"rendered":"<p>[vc_row css=&#8221;.vc_custom_1675703833533{padding-top: 20px !important;}&#8221;][vc_column width=&#8221;5\/6&#8243;][vc_single_image image=&#8221;10347&#8243; img_size=&#8221;large&#8221; style=&#8221;vc_box_border_circle_2&#8243;][vc_column_text]Gabriella Formigari Responsabile Sviluppo Commerciale VAS &#8211; eMobility e Fotovoltaico \u00a0A2A[\/vc_column_text][\/vc_column][vc_column width=&#8221;1\/6&#8243;][vc_single_image image=&#8221;8197&#8243;][\/vc_column][\/vc_row][vc_row][vc_column][vc_column_text] In un contesto sempre pi\u00f9 complesso, quanto \u00e8 diventato indispensabile per un cliente Corporate con centinaia di punti vendita poter contare su una fatturazione energetica chiara e immediatamente riconciliabile, capace di restituire controllo reale su [&hellip;]<\/p>\n","protected":false},"author":2,"featured_media":0,"parent":0,"menu_order":0,"comment_status":"closed","ping_status":"closed","template":"","meta":{"footnotes":""},"yoast_head":"<!-- This site is optimized with the Yoast SEO plugin v22.8 - https:\/\/yoast.com\/wordpress\/plugins\/seo\/ -->\n<title>Intervista - It&#039;s all RETAIL<\/title>\n<meta name=\"robots\" content=\"index, follow, max-snippet:-1, max-image-preview:large, max-video-preview:-1\" \/>\n<link rel=\"canonical\" href=\"https:\/\/its-all-retail.com\/index.php\/gabriella-formigari-a2a\/\" \/>\n<meta property=\"og:locale\" content=\"it_IT\" \/>\n<meta property=\"og:type\" content=\"article\" \/>\n<meta property=\"og:title\" content=\"Intervista - It&#039;s all RETAIL\" \/>\n<meta property=\"og:description\" content=\"[vc_row css=&#8221;.vc_custom_1675703833533{padding-top: 20px !important;}&#8221;][vc_column width=&#8221;5\/6&#8243;][vc_single_image image=&#8221;10347&#8243; img_size=&#8221;large&#8221; style=&#8221;vc_box_border_circle_2&#8243;][vc_column_text]Gabriella Formigari Responsabile Sviluppo Commerciale VAS &#8211; eMobility e Fotovoltaico \u00a0A2A[\/vc_column_text][\/vc_column][vc_column width=&#8221;1\/6&#8243;][vc_single_image image=&#8221;8197&#8243;][\/vc_column][\/vc_row][vc_row][vc_column][vc_column_text] In un contesto sempre pi\u00f9 complesso, quanto \u00e8 diventato indispensabile per un cliente Corporate con centinaia di punti vendita poter contare su una fatturazione energetica chiara e immediatamente riconciliabile, capace di restituire controllo reale su [&hellip;]\" \/>\n<meta property=\"og:url\" content=\"https:\/\/its-all-retail.com\/index.php\/gabriella-formigari-a2a\/\" \/>\n<meta property=\"og:site_name\" content=\"It&#039;s all RETAIL\" \/>\n<meta property=\"article:modified_time\" content=\"2026-02-12T14:33:04+00:00\" \/>\n<meta name=\"twitter:card\" content=\"summary_large_image\" \/>\n<meta name=\"twitter:label1\" content=\"Tempo di lettura stimato\" \/>\n\t<meta name=\"twitter:data1\" content=\"4 minuti\" \/>\n<script type=\"application\/ld+json\" class=\"yoast-schema-graph\">{\"@context\":\"https:\/\/schema.org\",\"@graph\":[{\"@type\":\"WebPage\",\"@id\":\"https:\/\/its-all-retail.com\/index.php\/gabriella-formigari-a2a\/\",\"url\":\"https:\/\/its-all-retail.com\/index.php\/gabriella-formigari-a2a\/\",\"name\":\"Intervista - It&#039;s all RETAIL\",\"isPartOf\":{\"@id\":\"https:\/\/its-all-retail.com\/#website\"},\"datePublished\":\"2026-02-12T14:27:26+00:00\",\"dateModified\":\"2026-02-12T14:33:04+00:00\",\"breadcrumb\":{\"@id\":\"https:\/\/its-all-retail.com\/index.php\/gabriella-formigari-a2a\/#breadcrumb\"},\"inLanguage\":\"it-IT\",\"potentialAction\":[{\"@type\":\"ReadAction\",\"target\":[\"https:\/\/its-all-retail.com\/index.php\/gabriella-formigari-a2a\/\"]}]},{\"@type\":\"BreadcrumbList\",\"@id\":\"https:\/\/its-all-retail.com\/index.php\/gabriella-formigari-a2a\/#breadcrumb\",\"itemListElement\":[{\"@type\":\"ListItem\",\"position\":1,\"name\":\"Home\",\"item\":\"https:\/\/its-all-retail.com\/\"},{\"@type\":\"ListItem\",\"position\":2,\"name\":\"Intervista\"}]},{\"@type\":\"WebSite\",\"@id\":\"https:\/\/its-all-retail.com\/#website\",\"url\":\"https:\/\/its-all-retail.com\/\",\"name\":\"It&#039;s all RETAIL\",\"description\":\"Connecting Retailers\",\"potentialAction\":[{\"@type\":\"SearchAction\",\"target\":{\"@type\":\"EntryPoint\",\"urlTemplate\":\"https:\/\/its-all-retail.com\/?s={search_term_string}\"},\"query-input\":\"required name=search_term_string\"}],\"inLanguage\":\"it-IT\"}]}<\/script>\n<!-- \/ Yoast SEO plugin. -->","yoast_head_json":{"title":"Intervista - It&#039;s all RETAIL","robots":{"index":"index","follow":"follow","max-snippet":"max-snippet:-1","max-image-preview":"max-image-preview:large","max-video-preview":"max-video-preview:-1"},"canonical":"https:\/\/its-all-retail.com\/index.php\/gabriella-formigari-a2a\/","og_locale":"it_IT","og_type":"article","og_title":"Intervista - It&#039;s all RETAIL","og_description":"[vc_row css=&#8221;.vc_custom_1675703833533{padding-top: 20px !important;}&#8221;][vc_column width=&#8221;5\/6&#8243;][vc_single_image image=&#8221;10347&#8243; img_size=&#8221;large&#8221; style=&#8221;vc_box_border_circle_2&#8243;][vc_column_text]Gabriella Formigari Responsabile Sviluppo Commerciale VAS &#8211; eMobility e Fotovoltaico \u00a0A2A[\/vc_column_text][\/vc_column][vc_column width=&#8221;1\/6&#8243;][vc_single_image image=&#8221;8197&#8243;][\/vc_column][\/vc_row][vc_row][vc_column][vc_column_text] In un contesto sempre pi\u00f9 complesso, quanto \u00e8 diventato indispensabile per un cliente Corporate con centinaia di punti vendita poter contare su una fatturazione energetica chiara e immediatamente riconciliabile, capace di restituire controllo reale su [&hellip;]","og_url":"https:\/\/its-all-retail.com\/index.php\/gabriella-formigari-a2a\/","og_site_name":"It&#039;s all RETAIL","article_modified_time":"2026-02-12T14:33:04+00:00","twitter_card":"summary_large_image","twitter_misc":{"Tempo di lettura stimato":"4 minuti"},"schema":{"@context":"https:\/\/schema.org","@graph":[{"@type":"WebPage","@id":"https:\/\/its-all-retail.com\/index.php\/gabriella-formigari-a2a\/","url":"https:\/\/its-all-retail.com\/index.php\/gabriella-formigari-a2a\/","name":"Intervista - It&#039;s all RETAIL","isPartOf":{"@id":"https:\/\/its-all-retail.com\/#website"},"datePublished":"2026-02-12T14:27:26+00:00","dateModified":"2026-02-12T14:33:04+00:00","breadcrumb":{"@id":"https:\/\/its-all-retail.com\/index.php\/gabriella-formigari-a2a\/#breadcrumb"},"inLanguage":"it-IT","potentialAction":[{"@type":"ReadAction","target":["https:\/\/its-all-retail.com\/index.php\/gabriella-formigari-a2a\/"]}]},{"@type":"BreadcrumbList","@id":"https:\/\/its-all-retail.com\/index.php\/gabriella-formigari-a2a\/#breadcrumb","itemListElement":[{"@type":"ListItem","position":1,"name":"Home","item":"https:\/\/its-all-retail.com\/"},{"@type":"ListItem","position":2,"name":"Intervista"}]},{"@type":"WebSite","@id":"https:\/\/its-all-retail.com\/#website","url":"https:\/\/its-all-retail.com\/","name":"It&#039;s all RETAIL","description":"Connecting Retailers","potentialAction":[{"@type":"SearchAction","target":{"@type":"EntryPoint","urlTemplate":"https:\/\/its-all-retail.com\/?s={search_term_string}"},"query-input":"required name=search_term_string"}],"inLanguage":"it-IT"}]}},"_links":{"self":[{"href":"https:\/\/its-all-retail.com\/index.php\/wp-json\/wp\/v2\/pages\/10346"}],"collection":[{"href":"https:\/\/its-all-retail.com\/index.php\/wp-json\/wp\/v2\/pages"}],"about":[{"href":"https:\/\/its-all-retail.com\/index.php\/wp-json\/wp\/v2\/types\/page"}],"author":[{"embeddable":true,"href":"https:\/\/its-all-retail.com\/index.php\/wp-json\/wp\/v2\/users\/2"}],"replies":[{"embeddable":true,"href":"https:\/\/its-all-retail.com\/index.php\/wp-json\/wp\/v2\/comments?post=10346"}],"version-history":[{"count":4,"href":"https:\/\/its-all-retail.com\/index.php\/wp-json\/wp\/v2\/pages\/10346\/revisions"}],"predecessor-version":[{"id":10351,"href":"https:\/\/its-all-retail.com\/index.php\/wp-json\/wp\/v2\/pages\/10346\/revisions\/10351"}],"wp:attachment":[{"href":"https:\/\/its-all-retail.com\/index.php\/wp-json\/wp\/v2\/media?parent=10346"}],"curies":[{"name":"wp","href":"https:\/\/api.w.org\/{rel}","templated":true}]}}